{"id":83,"date":"2019-01-23T13:18:02","date_gmt":"2019-01-23T13:18:02","guid":{"rendered":"https:\/\/ammar-te.online\/index.php\/product\/piorro-quisquam\/"},"modified":"2025-11-12T19:55:57","modified_gmt":"2025-11-12T19:55:57","slug":"crema-facial-colageno","status":"publish","type":"product","link":"https:\/\/ammar-te.online\/index.php\/product\/crema-facial-colageno\/","title":{"rendered":"Crema Facial Col\u00e1geno"},"content":{"rendered":"<p><strong>Ingredientes:<\/strong><\/p>\n<p>Agua destilada de rosas (<em>Rosa Damascena<\/em>), aceite de pepita de uva (<em>Vitis vin\u00edfera<\/em>), \u00e1cido este\u00e1rico, alcohol cet\u00edlico, aceite de arg\u00e1n (<em>Argania spinosa<\/em>), aceite esencial de t\u00e9 lim\u00f3n (<em>Cymbopogon citratus<\/em>), conservador natural, vitamina E (<em>Acetato de DL-alfa-tocoferol<\/em>), col\u00e1geno, semilla de Sen (<em>Cassia angustifolia<\/em>), extracto de manzanilla (<em>Matricaria chamomilla<\/em>) y hialuronato de sodio.<\/p>\n<p><strong>Modo de uso:<\/strong><\/p>\n<p>Aplicar en\u00a0 la cara\u00a0 limpia y seca, con la yema de los dedos\u00a0 dando masaje circular\u00a0 en todo el rostro y zonas con l\u00edneas de expresi\u00f3n o da\u00f1adas\u00a0 hasta que se absorba completamente.<\/p>\n","protected":false},"excerpt":{"rendered":"<p>Crema facial elaborada con activos especiales para el cuidado de la piel de la cara y cuello, contiene alto contenido de col\u00e1geno y \u00e1cido hialur\u00f3nico, vitamina E, aceite de UVA y agua de rosas que le proporcionan las propiedades<strong> 5 R&#8217;s.<\/strong><\/p>\n<p><strong>Restauradora<\/strong> por sus propiedades astringentes y antiinflamatorias, disminuye la apariencia de cicatrices.<\/p>\n<p><strong>Revitalizante<\/strong> por sus propiedades antioxidantes y estimulantes de circulaci\u00f3n mejora la apariencia de la piel.<\/p>\n<p><strong>Re-estructurante<\/strong> ya que promueve la regeneraci\u00f3n de la piel que se ha tornado inel\u00e1stica.<\/p>\n<p><strong>Rehidratante<\/strong> porque atrae y retiene el agua dentro y sobre la piel, forma una pel\u00edcula protectora no oclusiva aport\u00e1ndole luminosidad a la piel estresada.<\/p>\n<p><strong>Rejuvenecedora <\/strong>debido a su alto contenido de antioxidantes previene el envejecimiento prematuro y proporciona efecto lifting.<\/p>\n<p><strong>Ideal para todo tipo de piel en especial piel seca, opaca, \u00e1spera y madura.<\/strong><\/p>\n<p><strong>Si aplica de d\u00eda, aplicar protector solar despu\u00e9s de la crema. <\/strong><\/p>\n","protected":false},"featured_media":6176,"template":"","meta":{"site-sidebar-layout":"default","site-content-layout":"default","ast-site-content-layout":"default","site-content-style":"default","site-sidebar-style":"default","ast-global-header-display":"","ast-banner-title-visibility":"","ast-main-header-display":"","ast-hfb-above-header-display":"","ast-hfb-below-header-display":"","ast-hfb-mobile-header-display":"","site-post-title":"","ast-breadcrumbs-content":"","ast-featured-img":"","footer-sml-layout":"","theme-transparent-header-meta":"default","adv-header-id-meta":"","stick-header-meta":"","header-above-stick-meta":"","header-main-stick-meta":"","header-below-stick-meta":"","astra-migrate-meta-layouts":"default","ast-page-background-enabled":"default","ast-page-background-meta":{"desktop":{"background-color":"","background-image":"","background-repeat":"repeat","background-position":"center center","background-size":"auto","background-attachment":"scroll","background-type":"","background-media":"","overlay-type":"","overlay-color":"","overlay-opacity":"","overlay-gradient":""},"tablet":{"background-color":"","background-image":"","background-repeat":"repeat","background-position":"center center","background-size":"auto","background-attachment":"scroll","background-type":"","background-media":"","overlay-type":"","overlay-color":"","overlay-opacity":"","overlay-gradient":""},"mobile":{"background-color":"","background-image":"","background-repeat":"repeat","background-position":"center center","background-size":"auto","background-attachment":"scroll","background-type":"","background-media":"","overlay-type":"","overlay-color":"","overlay-opacity":"","overlay-gradient":""}},"ast-content-background-meta":{"desktop":{"background-color":"var(--ast-global-color-5)","background-image":"","background-repeat":"repeat","background-position":"center center","background-size":"auto","background-attachment":"scroll","background-type":"","background-media":"","overlay-type":"","overlay-color":"","overlay-opacity":"","overlay-gradient":""},"tablet":{"background-color":"var(--ast-global-color-5)","background-image":"","background-repeat":"repeat","background-position":"center center","background-size":"auto","background-attachment":"scroll","background-type":"","background-media":"","overlay-type":"","overlay-color":"","overlay-opacity":"","overlay-gradient":""},"mobile":{"background-color":"var(--ast-global-color-5)","background-image":"","background-repeat":"repeat","background-position":"center center","background-size":"auto","background-attachment":"scroll","background-type":"","background-media":"","overlay-type":"","overlay-color":"","overlay-opacity":"","overlay-gradient":""}},"jetpack_post_was_ever_published":false},"product_brand":[],"product_cat":[21],"product_tag":[],"class_list":{"0":"post-83","1":"product","2":"type-product","3":"status-publish","4":"has-post-thumbnail","6":"product_cat-eco-cosmetica","7":"desktop-align-left","8":"tablet-align-left","9":"mobile-align-left","11":"first","12":"instock","13":"shipping-taxable","14":"purchasable","15":"product-type-variable"},"yoast_head":"<!-- This site is optimized with the Yoast SEO plugin v25.5 - https:\/\/yoast.com\/wordpress\/plugins\/seo\/ -->\n<title>Crema Facial Col\u00e1geno &#187; Ammartesano<\/title>\n<meta name=\"robots\" content=\"index, follow, max-snippet:-1, max-image-preview:large, max-video-preview:-1\" \/>\n<link rel=\"canonical\" href=\"https:\/\/ammar-te.online\/index.php\/product\/crema-facial-colageno\/\" \/>\n<meta property=\"og:locale\" content=\"es_MX\" \/>\n<meta property=\"og:type\" content=\"article\" \/>\n<meta property=\"og:title\" content=\"Crema Facial Col\u00e1geno &#187; Ammartesano\" \/>\n<meta property=\"og:description\" content=\"Crema facial elaborada con activos especiales para el cuidado de la piel de la cara y cuello, contiene alto contenido de col\u00e1geno y \u00e1cido hialur\u00f3nico, vitamina E, aceite de UVA y agua de rosas que le proporcionan las propiedades 5 R&#039;s.  Restauradora por sus propiedades astringentes y antiinflamatorias, disminuye la apariencia de cicatrices.  Revitalizante por sus propiedades antioxidantes y estimulantes de circulaci\u00f3n mejora la apariencia de la piel.  Re-estructurante ya que promueve la regeneraci\u00f3n de la piel que se ha tornado inel\u00e1stica.  Rehidratante porque atrae y retiene el agua dentro y sobre la piel, forma una pel\u00edcula protectora no oclusiva aport\u00e1ndole luminosidad a la piel estresada.  Rejuvenecedora debido a su alto contenido de antioxidantes previene el envejecimiento prematuro y proporciona efecto lifting.  Ideal para todo tipo de piel en especial piel seca, opaca, \u00e1spera y madura.  Si aplica de d\u00eda, aplicar protector solar despu\u00e9s de la crema.\" \/>\n<meta property=\"og:url\" content=\"https:\/\/ammar-te.online\/index.php\/product\/crema-facial-colageno\/\" \/>\n<meta property=\"og:site_name\" content=\"Ammartesano\" \/>\n<meta property=\"article:publisher\" content=\"https:\/\/www.facebook.com\/AmmartesanoCosmeticaNatural\" \/>\n<meta property=\"article:modified_time\" content=\"2025-11-12T19:55:57+00:00\" \/>\n<meta property=\"og:image\" content=\"https:\/\/ammar-te.online\/wp-content\/uploads\/2019\/01\/15-Crema-colageno-1024x683.jpg\" \/>\n\t<meta property=\"og:image:width\" content=\"1024\" \/>\n\t<meta property=\"og:image:height\" content=\"683\" \/>\n\t<meta property=\"og:image:type\" content=\"image\/jpeg\" \/>\n<meta name=\"twitter:card\" content=\"summary_large_image\" \/>\n<meta name=\"twitter:label1\" content=\"Tiempo de lectura\" \/>\n\t<meta name=\"twitter:data1\" content=\"1 minuto\" \/>\n<script type=\"application\/ld+json\" class=\"yoast-schema-graph\">{\"@context\":\"https:\/\/schema.org\",\"@graph\":[{\"@type\":\"WebPage\",\"@id\":\"https:\/\/ammar-te.online\/index.php\/product\/crema-facial-colageno\/\",\"url\":\"https:\/\/ammar-te.online\/index.php\/product\/crema-facial-colageno\/\",\"name\":\"Crema Facial Col\u00e1geno &#187; Ammartesano\",\"isPartOf\":{\"@id\":\"https:\/\/ammar-te.online\/#website\"},\"primaryImageOfPage\":{\"@id\":\"https:\/\/ammar-te.online\/index.php\/product\/crema-facial-colageno\/#primaryimage\"},\"image\":{\"@id\":\"https:\/\/ammar-te.online\/index.php\/product\/crema-facial-colageno\/#primaryimage\"},\"thumbnailUrl\":\"https:\/\/i0.wp.com\/ammar-te.online\/wp-content\/uploads\/2019\/01\/15-Crema-colageno.jpg?fit=2500%2C1667&ssl=1\",\"datePublished\":\"2019-01-23T13:18:02+00:00\",\"dateModified\":\"2025-11-12T19:55:57+00:00\",\"breadcrumb\":{\"@id\":\"https:\/\/ammar-te.online\/index.php\/product\/crema-facial-colageno\/#breadcrumb\"},\"inLanguage\":\"es\",\"potentialAction\":[{\"@type\":\"ReadAction\",\"target\":[\"https:\/\/ammar-te.online\/index.php\/product\/crema-facial-colageno\/\"]}]},{\"@type\":\"ImageObject\",\"inLanguage\":\"es\",\"@id\":\"https:\/\/ammar-te.online\/index.php\/product\/crema-facial-colageno\/#primaryimage\",\"url\":\"https:\/\/i0.wp.com\/ammar-te.online\/wp-content\/uploads\/2019\/01\/15-Crema-colageno.jpg?fit=2500%2C1667&ssl=1\",\"contentUrl\":\"https:\/\/i0.wp.com\/ammar-te.online\/wp-content\/uploads\/2019\/01\/15-Crema-colageno.jpg?fit=2500%2C1667&ssl=1\",\"width\":2500,\"height\":1667},{\"@type\":\"BreadcrumbList\",\"@id\":\"https:\/\/ammar-te.online\/index.php\/product\/crema-facial-colageno\/#breadcrumb\",\"itemListElement\":[{\"@type\":\"ListItem\",\"position\":1,\"name\":\"Inicio\",\"item\":\"https:\/\/ammar-te.online\/\"},{\"@type\":\"ListItem\",\"position\":2,\"name\":\"Tienda\",\"item\":\"https:\/\/ammar-te.online\/index.php\/tienda\/\"},{\"@type\":\"ListItem\",\"position\":3,\"name\":\"Crema Facial Col\u00e1geno\"}]},{\"@type\":\"WebSite\",\"@id\":\"https:\/\/ammar-te.online\/#website\",\"url\":\"https:\/\/ammar-te.online\/\",\"name\":\"Ammar-te Sano\",\"description\":\"Cosm\u00e9tica Natural &amp; Cient\u00edfica\",\"publisher\":{\"@id\":\"https:\/\/ammar-te.online\/#organization\"},\"potentialAction\":[{\"@type\":\"SearchAction\",\"target\":{\"@type\":\"EntryPoint\",\"urlTemplate\":\"https:\/\/ammar-te.online\/?s={search_term_string}\"},\"query-input\":{\"@type\":\"PropertyValueSpecification\",\"valueRequired\":true,\"valueName\":\"search_term_string\"}}],\"inLanguage\":\"es\"},{\"@type\":\"Organization\",\"@id\":\"https:\/\/ammar-te.online\/#organization\",\"name\":\"Ammar-te Sano\",\"url\":\"https:\/\/ammar-te.online\/\",\"logo\":{\"@type\":\"ImageObject\",\"inLanguage\":\"es\",\"@id\":\"https:\/\/ammar-te.online\/#\/schema\/logo\/image\/\",\"url\":\"https:\/\/ammar-te.online\/wp-content\/uploads\/2020\/10\/img-deafult.jpg\",\"contentUrl\":\"https:\/\/ammar-te.online\/wp-content\/uploads\/2020\/10\/img-deafult.jpg\",\"width\":1500,\"height\":1500,\"caption\":\"Ammar-te Sano\"},\"image\":{\"@id\":\"https:\/\/ammar-te.online\/#\/schema\/logo\/image\/\"},\"sameAs\":[\"https:\/\/www.facebook.com\/AmmartesanoCosmeticaNatural\",\"https:\/\/www.instagram.com\/ammartesano\/\"]}]}<\/script>\n<!-- \/ Yoast SEO plugin. -->","yoast_head_json":{"title":"Crema Facial Col\u00e1geno &#187; Ammartesano","robots":{"index":"index","follow":"follow","max-snippet":"max-snippet:-1","max-image-preview":"max-image-preview:large","max-video-preview":"max-video-preview:-1"},"canonical":"https:\/\/ammar-te.online\/index.php\/product\/crema-facial-colageno\/","og_locale":"es_MX","og_type":"article","og_title":"Crema Facial Col\u00e1geno &#187; Ammartesano","og_description":"Crema facial elaborada con activos especiales para el cuidado de la piel de la cara y cuello, contiene alto contenido de col\u00e1geno y \u00e1cido hialur\u00f3nico, vitamina E, aceite de UVA y agua de rosas que le proporcionan las propiedades 5 R's.  Restauradora por sus propiedades astringentes y antiinflamatorias, disminuye la apariencia de cicatrices.  Revitalizante por sus propiedades antioxidantes y estimulantes de circulaci\u00f3n mejora la apariencia de la piel.  Re-estructurante ya que promueve la regeneraci\u00f3n de la piel que se ha tornado inel\u00e1stica.  Rehidratante porque atrae y retiene el agua dentro y sobre la piel, forma una pel\u00edcula protectora no oclusiva aport\u00e1ndole luminosidad a la piel estresada.  Rejuvenecedora debido a su alto contenido de antioxidantes previene el envejecimiento prematuro y proporciona efecto lifting.  Ideal para todo tipo de piel en especial piel seca, opaca, \u00e1spera y madura.  Si aplica de d\u00eda, aplicar protector solar despu\u00e9s de la crema.","og_url":"https:\/\/ammar-te.online\/index.php\/product\/crema-facial-colageno\/","og_site_name":"Ammartesano","article_publisher":"https:\/\/www.facebook.com\/AmmartesanoCosmeticaNatural","article_modified_time":"2025-11-12T19:55:57+00:00","og_image":[{"width":1024,"height":683,"url":"https:\/\/ammar-te.online\/wp-content\/uploads\/2019\/01\/15-Crema-colageno-1024x683.jpg","type":"image\/jpeg"}],"twitter_card":"summary_large_image","twitter_misc":{"Tiempo de lectura":"1 minuto"},"schema":{"@context":"https:\/\/schema.org","@graph":[{"@type":"WebPage","@id":"https:\/\/ammar-te.online\/index.php\/product\/crema-facial-colageno\/","url":"https:\/\/ammar-te.online\/index.php\/product\/crema-facial-colageno\/","name":"Crema Facial Col\u00e1geno &#187; Ammartesano","isPartOf":{"@id":"https:\/\/ammar-te.online\/#website"},"primaryImageOfPage":{"@id":"https:\/\/ammar-te.online\/index.php\/product\/crema-facial-colageno\/#primaryimage"},"image":{"@id":"https:\/\/ammar-te.online\/index.php\/product\/crema-facial-colageno\/#primaryimage"},"thumbnailUrl":"https:\/\/i0.wp.com\/ammar-te.online\/wp-content\/uploads\/2019\/01\/15-Crema-colageno.jpg?fit=2500%2C1667&ssl=1","datePublished":"2019-01-23T13:18:02+00:00","dateModified":"2025-11-12T19:55:57+00:00","breadcrumb":{"@id":"https:\/\/ammar-te.online\/index.php\/product\/crema-facial-colageno\/#breadcrumb"},"inLanguage":"es","potentialAction":[{"@type":"ReadAction","target":["https:\/\/ammar-te.online\/index.php\/product\/crema-facial-colageno\/"]}]},{"@type":"ImageObject","inLanguage":"es","@id":"https:\/\/ammar-te.online\/index.php\/product\/crema-facial-colageno\/#primaryimage","url":"https:\/\/i0.wp.com\/ammar-te.online\/wp-content\/uploads\/2019\/01\/15-Crema-colageno.jpg?fit=2500%2C1667&ssl=1","contentUrl":"https:\/\/i0.wp.com\/ammar-te.online\/wp-content\/uploads\/2019\/01\/15-Crema-colageno.jpg?fit=2500%2C1667&ssl=1","width":2500,"height":1667},{"@type":"BreadcrumbList","@id":"https:\/\/ammar-te.online\/index.php\/product\/crema-facial-colageno\/#breadcrumb","itemListElement":[{"@type":"ListItem","position":1,"name":"Inicio","item":"https:\/\/ammar-te.online\/"},{"@type":"ListItem","position":2,"name":"Tienda","item":"https:\/\/ammar-te.online\/index.php\/tienda\/"},{"@type":"ListItem","position":3,"name":"Crema Facial Col\u00e1geno"}]},{"@type":"WebSite","@id":"https:\/\/ammar-te.online\/#website","url":"https:\/\/ammar-te.online\/","name":"Ammar-te Sano","description":"Cosm\u00e9tica Natural &amp; Cient\u00edfica","publisher":{"@id":"https:\/\/ammar-te.online\/#organization"},"potentialAction":[{"@type":"SearchAction","target":{"@type":"EntryPoint","urlTemplate":"https:\/\/ammar-te.online\/?s={search_term_string}"},"query-input":{"@type":"PropertyValueSpecification","valueRequired":true,"valueName":"search_term_string"}}],"inLanguage":"es"},{"@type":"Organization","@id":"https:\/\/ammar-te.online\/#organization","name":"Ammar-te Sano","url":"https:\/\/ammar-te.online\/","logo":{"@type":"ImageObject","inLanguage":"es","@id":"https:\/\/ammar-te.online\/#\/schema\/logo\/image\/","url":"https:\/\/ammar-te.online\/wp-content\/uploads\/2020\/10\/img-deafult.jpg","contentUrl":"https:\/\/ammar-te.online\/wp-content\/uploads\/2020\/10\/img-deafult.jpg","width":1500,"height":1500,"caption":"Ammar-te Sano"},"image":{"@id":"https:\/\/ammar-te.online\/#\/schema\/logo\/image\/"},"sameAs":["https:\/\/www.facebook.com\/AmmartesanoCosmeticaNatural","https:\/\/www.instagram.com\/ammartesano\/"]}]}},"jetpack-related-posts":[],"jetpack_sharing_enabled":true,"tiered_pricing_type":"fixed","tiered_pricing_fixed_rules":[],"tiered_pricing_product_settings":{"layout":"default","base_unit_name":{"singular":null,"plural":null},"default_variation":null},"tiered_pricing_minimum_quantity":null,"tiered_pricing_roles_data":[],"tiered_pricing_percentage_rules":[],"_links":{"self":[{"href":"https:\/\/ammar-te.online\/index.php\/wp-json\/wp\/v2\/product\/83","targetHints":{"allow":["GET"]}}],"collection":[{"href":"https:\/\/ammar-te.online\/index.php\/wp-json\/wp\/v2\/product"}],"about":[{"href":"https:\/\/ammar-te.online\/index.php\/wp-json\/wp\/v2\/types\/product"}],"wp:featuredmedia":[{"embeddable":true,"href":"https:\/\/ammar-te.online\/index.php\/wp-json\/wp\/v2\/media\/6176"}],"wp:attachment":[{"href":"https:\/\/ammar-te.online\/index.php\/wp-json\/wp\/v2\/media?parent=83"}],"wp:term":[{"taxonomy":"product_brand","embeddable":true,"href":"https:\/\/ammar-te.online\/index.php\/wp-json\/wp\/v2\/product_brand?post=83"},{"taxonomy":"product_cat","embeddable":true,"href":"https:\/\/ammar-te.online\/index.php\/wp-json\/wp\/v2\/product_cat?post=83"},{"taxonomy":"product_tag","embeddable":true,"href":"https:\/\/ammar-te.online\/index.php\/wp-json\/wp\/v2\/product_tag?post=83"}],"curies":[{"name":"wp","href":"https:\/\/api.w.org\/{rel}","templated":true}]}}