{"id":5866,"date":"2022-05-02T19:27:51","date_gmt":"2022-05-02T19:27:51","guid":{"rendered":"https:\/\/ammar-te.online\/?post_type=product&#038;p=5866"},"modified":"2025-11-12T04:53:22","modified_gmt":"2025-11-12T04:53:22","slug":"pantalla-solar-mineral","status":"publish","type":"product","link":"https:\/\/ammar-te.online\/index.php\/product\/pantalla-solar-mineral\/","title":{"rendered":"Pantalla Solar Mineral"},"content":{"rendered":"<p><strong>Ingredientes: <\/strong>Manteca de karit\u00e9 (<em>Butyrospermum Parkii<\/em>), \u00f3xido de zinc, cera alba, dioxido de titano, aceite de pepita de uva (<em>Vitis vin\u00edfera), <\/em>vitamina F (omega 3 y 6) , vitamina E (Acetato de DL-alfa-tocoferol), aceite de coco (<em>Cocos nucifera<\/em>) <em>\u00a0<\/em>aceite de arg\u00e1n (<em>Argania spinosa<\/em>), aceite esencial de <em>Lavandula officinalis<\/em>, pigmento mineral:\u00a0 CI77491*,CI81004*, CI77007*.<\/p>\n<p><strong>*Estos ingredientes no est\u00e1n en la pantalla blanca.<\/strong><\/p>\n<p>&nbsp;<\/p>\n<p><strong>Caracter\u00edsticas: <\/strong><\/p>\n<p>-Apta para toda la familia.<\/p>\n<p>-F\u00f3rmula no grasosa ni aceitosa.<\/p>\n<p>-No obstruye los poros.<\/p>\n<p>-Tu cara no brillar\u00e1 m\u00e1s que el sol,\u00a0 ya que es acabado mate.<\/p>\n<p>-No contiene derivados de petr\u00f3leo, benzonas, ni sales de aluminio.<\/p>\n<p>-Es contra agua.<\/p>\n<p>-Envase ecol\u00f3gico.<\/p>\n","protected":false},"excerpt":{"rendered":"<p>Bloqueador solar mineral, 100 % ecol\u00f3gico y amigable con la fauna marina.<\/p>\n<p><strong>PFS 50<\/strong><\/p>\n<p><strong>Aroma:<\/strong> lavanda &#8211; fresco.<\/p>\n<p>Los ingredientes minerales de los protectores solares forman una barrera en la superficie de la piel que ayuda a reflejar los rayos UV en la direcci\u00f3n contraria a la de la piel, por lo tanto aportan un elevado factor de protecci\u00f3n solar (FPS).<\/p>\n<p>Los \u00fanicos ingredientes de protecci\u00f3n solar mineral aprobados por la FDA \u00a0(Food and Drug administration) son el \u00f3xido de zinc y el di\u00f3xido de titanio.<\/p>\n<p>Estos ingredientes son altamente eficacez y seguros para uso en ni\u00f1os y beb\u00e9s.<\/p>\n<p>Nuestra formula es ideal para la cara, esta dise\u00f1ada para pieles mixtas, as\u00ed que puedes mezclarla con un poco de crema facial de uso diario y de esa manera se vuelve m\u00e1s oleosa, si as\u00ed lo requieres.<\/p>\n<p>Adem\u00e1s, es adicionada con vitamina F que le aporta omegas 3 y 6 a la piel, restaurando los da\u00f1os causados por el exceso\u00a0 de sol y la contaminaci\u00f3n.<\/p>\n<p>Su aroma es ligero y agradable para toda la familia.<\/p>\n","protected":false},"featured_media":5869,"template":"","meta":{"site-sidebar-layout":"default","site-content-layout":"default","ast-site-content-layout":"default","site-content-style":"default","site-sidebar-style":"default","ast-global-header-display":"","ast-banner-title-visibility":"","ast-main-header-display":"","ast-hfb-above-header-display":"","ast-hfb-below-header-display":"","ast-hfb-mobile-header-display":"","site-post-title":"","ast-breadcrumbs-content":"","ast-featured-img":"","footer-sml-layout":"","theme-transparent-header-meta":"default","adv-header-id-meta":"","stick-header-meta":"","header-above-stick-meta":"","header-main-stick-meta":"","header-below-stick-meta":"","astra-migrate-meta-layouts":"default","ast-page-background-enabled":"default","ast-page-background-meta":{"desktop":{"background-color":"","background-image":"","background-repeat":"repeat","background-position":"center center","background-size":"auto","background-attachment":"scroll","background-type":"","background-media":"","overlay-type":"","overlay-color":"","overlay-opacity":"","overlay-gradient":""},"tablet":{"background-color":"","background-image":"","background-repeat":"repeat","background-position":"center center","background-size":"auto","background-attachment":"scroll","background-type":"","background-media":"","overlay-type":"","overlay-color":"","overlay-opacity":"","overlay-gradient":""},"mobile":{"background-color":"","background-image":"","background-repeat":"repeat","background-position":"center center","background-size":"auto","background-attachment":"scroll","background-type":"","background-media":"","overlay-type":"","overlay-color":"","overlay-opacity":"","overlay-gradient":""}},"ast-content-background-meta":{"desktop":{"background-color":"var(--ast-global-color-5)","background-image":"","background-repeat":"repeat","background-position":"center center","background-size":"auto","background-attachment":"scroll","background-type":"","background-media":"","overlay-type":"","overlay-color":"","overlay-opacity":"","overlay-gradient":""},"tablet":{"background-color":"var(--ast-global-color-5)","background-image":"","background-repeat":"repeat","background-position":"center center","background-size":"auto","background-attachment":"scroll","background-type":"","background-media":"","overlay-type":"","overlay-color":"","overlay-opacity":"","overlay-gradient":""},"mobile":{"background-color":"var(--ast-global-color-5)","background-image":"","background-repeat":"repeat","background-position":"center center","background-size":"auto","background-attachment":"scroll","background-type":"","background-media":"","overlay-type":"","overlay-color":"","overlay-opacity":"","overlay-gradient":""}},"jetpack_post_was_ever_published":false},"product_brand":[],"product_cat":[21],"product_tag":[],"class_list":{"0":"post-5866","1":"product","2":"type-product","3":"status-publish","4":"has-post-thumbnail","6":"product_cat-eco-cosmetica","7":"desktop-align-left","8":"tablet-align-left","9":"mobile-align-left","11":"first","12":"instock","13":"shipping-taxable","14":"purchasable","15":"product-type-variable"},"yoast_head":"<!-- This site is optimized with the Yoast SEO plugin v25.5 - https:\/\/yoast.com\/wordpress\/plugins\/seo\/ -->\n<title>Pantalla Solar Mineral &#187; Ammartesano<\/title>\n<meta name=\"robots\" content=\"index, follow, max-snippet:-1, max-image-preview:large, max-video-preview:-1\" \/>\n<link rel=\"canonical\" href=\"https:\/\/ammar-te.online\/index.php\/product\/pantalla-solar-mineral\/\" \/>\n<meta property=\"og:locale\" content=\"es_MX\" \/>\n<meta property=\"og:type\" content=\"article\" \/>\n<meta property=\"og:title\" content=\"Pantalla Solar Mineral &#187; Ammartesano\" \/>\n<meta property=\"og:description\" content=\"Bloqueador solar mineral, 100 % ecol\u00f3gico y amigable con la fauna marina.  PFS 50  Aroma: lavanda - fresco.  Los ingredientes minerales de los protectores solares forman una barrera en la superficie de la piel que ayuda a reflejar los rayos UV en la direcci\u00f3n contraria a la de la piel, por lo tanto aportan un elevado factor de protecci\u00f3n solar (FPS).  Los \u00fanicos ingredientes de protecci\u00f3n solar mineral aprobados por la FDA \u00a0(Food and Drug administration) son el \u00f3xido de zinc y el di\u00f3xido de titanio.  Estos ingredientes son altamente eficacez y seguros para uso en ni\u00f1os y beb\u00e9s.  Nuestra formula es ideal para la cara, esta dise\u00f1ada para pieles mixtas, as\u00ed que puedes mezclarla con un poco de crema facial de uso diario y de esa manera se vuelve m\u00e1s oleosa, si as\u00ed lo requieres.  Adem\u00e1s, es adicionada con vitamina F que le aporta omegas 3 y 6 a la piel, restaurando los da\u00f1os causados por el exceso\u00a0 de sol y la contaminaci\u00f3n.  Su aroma es ligero y agradable para toda la familia.\" \/>\n<meta property=\"og:url\" content=\"https:\/\/ammar-te.online\/index.php\/product\/pantalla-solar-mineral\/\" \/>\n<meta property=\"og:site_name\" content=\"Ammartesano\" \/>\n<meta property=\"article:publisher\" content=\"https:\/\/www.facebook.com\/AmmartesanoCosmeticaNatural\" \/>\n<meta property=\"article:modified_time\" content=\"2025-11-12T04:53:22+00:00\" \/>\n<meta property=\"og:image\" content=\"https:\/\/ammar-te.online\/wp-content\/uploads\/2022\/05\/IMG_20220425_181418-scaled.jpg\" \/>\n\t<meta property=\"og:image:width\" content=\"2560\" \/>\n\t<meta property=\"og:image:height\" content=\"2560\" \/>\n\t<meta property=\"og:image:type\" content=\"image\/jpeg\" \/>\n<meta name=\"twitter:card\" content=\"summary_large_image\" \/>\n<meta name=\"twitter:label1\" content=\"Tiempo de lectura\" \/>\n\t<meta name=\"twitter:data1\" content=\"1 minuto\" \/>\n<script type=\"application\/ld+json\" class=\"yoast-schema-graph\">{\"@context\":\"https:\/\/schema.org\",\"@graph\":[{\"@type\":\"WebPage\",\"@id\":\"https:\/\/ammar-te.online\/index.php\/product\/pantalla-solar-mineral\/\",\"url\":\"https:\/\/ammar-te.online\/index.php\/product\/pantalla-solar-mineral\/\",\"name\":\"Pantalla Solar Mineral &#187; Ammartesano\",\"isPartOf\":{\"@id\":\"https:\/\/ammar-te.online\/#website\"},\"primaryImageOfPage\":{\"@id\":\"https:\/\/ammar-te.online\/index.php\/product\/pantalla-solar-mineral\/#primaryimage\"},\"image\":{\"@id\":\"https:\/\/ammar-te.online\/index.php\/product\/pantalla-solar-mineral\/#primaryimage\"},\"thumbnailUrl\":\"https:\/\/i0.wp.com\/ammar-te.online\/wp-content\/uploads\/2022\/05\/IMG_20220425_181418-scaled.jpg?fit=2560%2C2560&ssl=1\",\"datePublished\":\"2022-05-02T19:27:51+00:00\",\"dateModified\":\"2025-11-12T04:53:22+00:00\",\"breadcrumb\":{\"@id\":\"https:\/\/ammar-te.online\/index.php\/product\/pantalla-solar-mineral\/#breadcrumb\"},\"inLanguage\":\"es\",\"potentialAction\":[{\"@type\":\"ReadAction\",\"target\":[\"https:\/\/ammar-te.online\/index.php\/product\/pantalla-solar-mineral\/\"]}]},{\"@type\":\"ImageObject\",\"inLanguage\":\"es\",\"@id\":\"https:\/\/ammar-te.online\/index.php\/product\/pantalla-solar-mineral\/#primaryimage\",\"url\":\"https:\/\/i0.wp.com\/ammar-te.online\/wp-content\/uploads\/2022\/05\/IMG_20220425_181418-scaled.jpg?fit=2560%2C2560&ssl=1\",\"contentUrl\":\"https:\/\/i0.wp.com\/ammar-te.online\/wp-content\/uploads\/2022\/05\/IMG_20220425_181418-scaled.jpg?fit=2560%2C2560&ssl=1\",\"width\":2560,\"height\":2560},{\"@type\":\"BreadcrumbList\",\"@id\":\"https:\/\/ammar-te.online\/index.php\/product\/pantalla-solar-mineral\/#breadcrumb\",\"itemListElement\":[{\"@type\":\"ListItem\",\"position\":1,\"name\":\"Inicio\",\"item\":\"https:\/\/ammar-te.online\/\"},{\"@type\":\"ListItem\",\"position\":2,\"name\":\"Tienda\",\"item\":\"https:\/\/ammar-te.online\/index.php\/tienda\/\"},{\"@type\":\"ListItem\",\"position\":3,\"name\":\"Pantalla Solar Mineral\"}]},{\"@type\":\"WebSite\",\"@id\":\"https:\/\/ammar-te.online\/#website\",\"url\":\"https:\/\/ammar-te.online\/\",\"name\":\"Ammar-te Sano\",\"description\":\"Cosm\u00e9tica Natural &amp; Cient\u00edfica\",\"publisher\":{\"@id\":\"https:\/\/ammar-te.online\/#organization\"},\"potentialAction\":[{\"@type\":\"SearchAction\",\"target\":{\"@type\":\"EntryPoint\",\"urlTemplate\":\"https:\/\/ammar-te.online\/?s={search_term_string}\"},\"query-input\":{\"@type\":\"PropertyValueSpecification\",\"valueRequired\":true,\"valueName\":\"search_term_string\"}}],\"inLanguage\":\"es\"},{\"@type\":\"Organization\",\"@id\":\"https:\/\/ammar-te.online\/#organization\",\"name\":\"Ammar-te Sano\",\"url\":\"https:\/\/ammar-te.online\/\",\"logo\":{\"@type\":\"ImageObject\",\"inLanguage\":\"es\",\"@id\":\"https:\/\/ammar-te.online\/#\/schema\/logo\/image\/\",\"url\":\"https:\/\/ammar-te.online\/wp-content\/uploads\/2020\/10\/img-deafult.jpg\",\"contentUrl\":\"https:\/\/ammar-te.online\/wp-content\/uploads\/2020\/10\/img-deafult.jpg\",\"width\":1500,\"height\":1500,\"caption\":\"Ammar-te Sano\"},\"image\":{\"@id\":\"https:\/\/ammar-te.online\/#\/schema\/logo\/image\/\"},\"sameAs\":[\"https:\/\/www.facebook.com\/AmmartesanoCosmeticaNatural\",\"https:\/\/www.instagram.com\/ammartesano\/\"]}]}<\/script>\n<!-- \/ Yoast SEO plugin. -->","yoast_head_json":{"title":"Pantalla Solar Mineral &#187; Ammartesano","robots":{"index":"index","follow":"follow","max-snippet":"max-snippet:-1","max-image-preview":"max-image-preview:large","max-video-preview":"max-video-preview:-1"},"canonical":"https:\/\/ammar-te.online\/index.php\/product\/pantalla-solar-mineral\/","og_locale":"es_MX","og_type":"article","og_title":"Pantalla Solar Mineral &#187; Ammartesano","og_description":"Bloqueador solar mineral, 100 % ecol\u00f3gico y amigable con la fauna marina.  PFS 50  Aroma: lavanda - fresco.  Los ingredientes minerales de los protectores solares forman una barrera en la superficie de la piel que ayuda a reflejar los rayos UV en la direcci\u00f3n contraria a la de la piel, por lo tanto aportan un elevado factor de protecci\u00f3n solar (FPS).  Los \u00fanicos ingredientes de protecci\u00f3n solar mineral aprobados por la FDA \u00a0(Food and Drug administration) son el \u00f3xido de zinc y el di\u00f3xido de titanio.  Estos ingredientes son altamente eficacez y seguros para uso en ni\u00f1os y beb\u00e9s.  Nuestra formula es ideal para la cara, esta dise\u00f1ada para pieles mixtas, as\u00ed que puedes mezclarla con un poco de crema facial de uso diario y de esa manera se vuelve m\u00e1s oleosa, si as\u00ed lo requieres.  Adem\u00e1s, es adicionada con vitamina F que le aporta omegas 3 y 6 a la piel, restaurando los da\u00f1os causados por el exceso\u00a0 de sol y la contaminaci\u00f3n.  Su aroma es ligero y agradable para toda la familia.","og_url":"https:\/\/ammar-te.online\/index.php\/product\/pantalla-solar-mineral\/","og_site_name":"Ammartesano","article_publisher":"https:\/\/www.facebook.com\/AmmartesanoCosmeticaNatural","article_modified_time":"2025-11-12T04:53:22+00:00","og_image":[{"width":2560,"height":2560,"url":"https:\/\/ammar-te.online\/wp-content\/uploads\/2022\/05\/IMG_20220425_181418-scaled.jpg","type":"image\/jpeg"}],"twitter_card":"summary_large_image","twitter_misc":{"Tiempo de lectura":"1 minuto"},"schema":{"@context":"https:\/\/schema.org","@graph":[{"@type":"WebPage","@id":"https:\/\/ammar-te.online\/index.php\/product\/pantalla-solar-mineral\/","url":"https:\/\/ammar-te.online\/index.php\/product\/pantalla-solar-mineral\/","name":"Pantalla Solar Mineral &#187; Ammartesano","isPartOf":{"@id":"https:\/\/ammar-te.online\/#website"},"primaryImageOfPage":{"@id":"https:\/\/ammar-te.online\/index.php\/product\/pantalla-solar-mineral\/#primaryimage"},"image":{"@id":"https:\/\/ammar-te.online\/index.php\/product\/pantalla-solar-mineral\/#primaryimage"},"thumbnailUrl":"https:\/\/i0.wp.com\/ammar-te.online\/wp-content\/uploads\/2022\/05\/IMG_20220425_181418-scaled.jpg?fit=2560%2C2560&ssl=1","datePublished":"2022-05-02T19:27:51+00:00","dateModified":"2025-11-12T04:53:22+00:00","breadcrumb":{"@id":"https:\/\/ammar-te.online\/index.php\/product\/pantalla-solar-mineral\/#breadcrumb"},"inLanguage":"es","potentialAction":[{"@type":"ReadAction","target":["https:\/\/ammar-te.online\/index.php\/product\/pantalla-solar-mineral\/"]}]},{"@type":"ImageObject","inLanguage":"es","@id":"https:\/\/ammar-te.online\/index.php\/product\/pantalla-solar-mineral\/#primaryimage","url":"https:\/\/i0.wp.com\/ammar-te.online\/wp-content\/uploads\/2022\/05\/IMG_20220425_181418-scaled.jpg?fit=2560%2C2560&ssl=1","contentUrl":"https:\/\/i0.wp.com\/ammar-te.online\/wp-content\/uploads\/2022\/05\/IMG_20220425_181418-scaled.jpg?fit=2560%2C2560&ssl=1","width":2560,"height":2560},{"@type":"BreadcrumbList","@id":"https:\/\/ammar-te.online\/index.php\/product\/pantalla-solar-mineral\/#breadcrumb","itemListElement":[{"@type":"ListItem","position":1,"name":"Inicio","item":"https:\/\/ammar-te.online\/"},{"@type":"ListItem","position":2,"name":"Tienda","item":"https:\/\/ammar-te.online\/index.php\/tienda\/"},{"@type":"ListItem","position":3,"name":"Pantalla Solar Mineral"}]},{"@type":"WebSite","@id":"https:\/\/ammar-te.online\/#website","url":"https:\/\/ammar-te.online\/","name":"Ammar-te Sano","description":"Cosm\u00e9tica Natural &amp; Cient\u00edfica","publisher":{"@id":"https:\/\/ammar-te.online\/#organization"},"potentialAction":[{"@type":"SearchAction","target":{"@type":"EntryPoint","urlTemplate":"https:\/\/ammar-te.online\/?s={search_term_string}"},"query-input":{"@type":"PropertyValueSpecification","valueRequired":true,"valueName":"search_term_string"}}],"inLanguage":"es"},{"@type":"Organization","@id":"https:\/\/ammar-te.online\/#organization","name":"Ammar-te Sano","url":"https:\/\/ammar-te.online\/","logo":{"@type":"ImageObject","inLanguage":"es","@id":"https:\/\/ammar-te.online\/#\/schema\/logo\/image\/","url":"https:\/\/ammar-te.online\/wp-content\/uploads\/2020\/10\/img-deafult.jpg","contentUrl":"https:\/\/ammar-te.online\/wp-content\/uploads\/2020\/10\/img-deafult.jpg","width":1500,"height":1500,"caption":"Ammar-te Sano"},"image":{"@id":"https:\/\/ammar-te.online\/#\/schema\/logo\/image\/"},"sameAs":["https:\/\/www.facebook.com\/AmmartesanoCosmeticaNatural","https:\/\/www.instagram.com\/ammartesano\/"]}]}},"jetpack-related-posts":[],"jetpack_sharing_enabled":true,"tiered_pricing_type":"fixed","tiered_pricing_fixed_rules":[],"tiered_pricing_product_settings":{"layout":"default","base_unit_name":{"singular":null,"plural":null},"default_variation":null},"tiered_pricing_minimum_quantity":null,"tiered_pricing_roles_data":[],"tiered_pricing_percentage_rules":[],"_links":{"self":[{"href":"https:\/\/ammar-te.online\/index.php\/wp-json\/wp\/v2\/product\/5866","targetHints":{"allow":["GET"]}}],"collection":[{"href":"https:\/\/ammar-te.online\/index.php\/wp-json\/wp\/v2\/product"}],"about":[{"href":"https:\/\/ammar-te.online\/index.php\/wp-json\/wp\/v2\/types\/product"}],"wp:featuredmedia":[{"embeddable":true,"href":"https:\/\/ammar-te.online\/index.php\/wp-json\/wp\/v2\/media\/5869"}],"wp:attachment":[{"href":"https:\/\/ammar-te.online\/index.php\/wp-json\/wp\/v2\/media?parent=5866"}],"wp:term":[{"taxonomy":"product_brand","embeddable":true,"href":"https:\/\/ammar-te.online\/index.php\/wp-json\/wp\/v2\/product_brand?post=5866"},{"taxonomy":"product_cat","embeddable":true,"href":"https:\/\/ammar-te.online\/index.php\/wp-json\/wp\/v2\/product_cat?post=5866"},{"taxonomy":"product_tag","embeddable":true,"href":"https:\/\/ammar-te.online\/index.php\/wp-json\/wp\/v2\/product_tag?post=5866"}],"curies":[{"name":"wp","href":"https:\/\/api.w.org\/{rel}","templated":true}]}}