{"id":5864,"date":"2022-05-02T19:17:19","date_gmt":"2022-05-02T19:17:19","guid":{"rendered":"https:\/\/ammar-te.online\/?post_type=product&#038;p=5864"},"modified":"2024-03-24T20:36:05","modified_gmt":"2024-03-24T20:36:05","slug":"crema-facial-tamara","status":"publish","type":"product","link":"https:\/\/ammar-te.online\/index.php\/product\/crema-facial-tamara\/","title":{"rendered":"Crema Facial Tamara"},"content":{"rendered":"<p><strong>Ingredientes: <\/strong><\/p>\n<p>Agua destilada, aceite de pepita de uva (<em>Vitis vin\u00edfera<\/em><em>)<\/em>, aceite de arg\u00e1n (<em>Argania spinosa<\/em>), aceite de baobab (<em>Adansonia Digitata<\/em>), extracto de papaya (<em>Carica papaya<\/em>), guayaba (<em>Psidium guajava<\/em> L.)\u00a0 y <em>saxifraga sarmentosa<\/em>, alcohol cet\u00edlico, \u00e1cido este\u00e1rico, estearato de sorbit\u00e1n, cera alba, vitamian E (Acetato de DL-alfa-tocoferol), manteca de karit\u00e9 (<em>Butyrospermum Parkii<\/em>), col\u00e1geno, acido hialur\u00f3nico, conservador ecol\u00f3gico, aceite esencial de <em>Cymbopogon citratus.<\/em><\/p>\n<p><strong>Recomendaci\u00f3n de uso:<\/strong><\/p>\n<p>-Uso diario, d\u00eda y noche.<\/p>\n<p>-A partir de los 55 a\u00f1os.<\/p>\n<p>-Para pieles maduras secas, acartonadas y notablemente deshidratadas.<\/p>\n<p>&nbsp;<\/p>\n","protected":false},"excerpt":{"rendered":"<p>Crema facial de hidratante y nutritiva para cutis maduro\/ seco.<\/p>\n<p><strong>Aroma:<\/strong> c\u00edtrico &#8211; fresco.<\/p>\n<p>A partir de los 50 la piel sufre una p\u00e9rdida de tonicidad, hidrataci\u00f3n y firmeza importante. Es ah\u00ed donde debemos extremar los cuidados en el d\u00eda a d\u00eda: Aplica cremas anti edad d\u00eda y noche. Con ellas lograremos mantener el nivel de hidrataci\u00f3n y nutrici\u00f3n necesario para nuestra piel.<\/p>\n<p>Esta crema es el aliado perfecto despues de los 55 a\u00f1os, o s\u00ed tu piel es extremadamente seca, le aportar\u00e1 hidrataci\u00f3n, emoliencia y elasticidad que la piel necesita.<\/p>\n<p>&nbsp;<\/p>\n<p><strong>Beneficios: <\/strong><\/p>\n<p>-Hidrata, suviza y mejora la elasticidad del cutis maduro<\/p>\n<p>-Beneficios aclarantes y luminiscentes<\/p>\n<p>-Proporciona efecto lifting (tensor)<\/p>\n<p>-No comedog\u00e9nica (no tapa los poros)<\/p>\n","protected":false},"featured_media":5865,"template":"","meta":{"site-sidebar-layout":"default","site-content-layout":"default","ast-site-content-layout":"default","site-content-style":"default","site-sidebar-style":"default","ast-global-header-display":"","ast-banner-title-visibility":"","ast-main-header-display":"","ast-hfb-above-header-display":"","ast-hfb-below-header-display":"","ast-hfb-mobile-header-display":"","site-post-title":"","ast-breadcrumbs-content":"","ast-featured-img":"","footer-sml-layout":"","theme-transparent-header-meta":"default","adv-header-id-meta":"","stick-header-meta":"","header-above-stick-meta":"","header-main-stick-meta":"","header-below-stick-meta":"","astra-migrate-meta-layouts":"default","ast-page-background-enabled":"default","ast-page-background-meta":{"desktop":{"background-color":"","background-image":"","background-repeat":"repeat","background-position":"center center","background-size":"auto","background-attachment":"scroll","background-type":"","background-media":"","overlay-type":"","overlay-color":"","overlay-opacity":"","overlay-gradient":""},"tablet":{"background-color":"","background-image":"","background-repeat":"repeat","background-position":"center center","background-size":"auto","background-attachment":"scroll","background-type":"","background-media":"","overlay-type":"","overlay-color":"","overlay-opacity":"","overlay-gradient":""},"mobile":{"background-color":"","background-image":"","background-repeat":"repeat","background-position":"center center","background-size":"auto","background-attachment":"scroll","background-type":"","background-media":"","overlay-type":"","overlay-color":"","overlay-opacity":"","overlay-gradient":""}},"ast-content-background-meta":{"desktop":{"background-color":"var(--ast-global-color-5)","background-image":"","background-repeat":"repeat","background-position":"center center","background-size":"auto","background-attachment":"scroll","background-type":"","background-media":"","overlay-type":"","overlay-color":"","overlay-opacity":"","overlay-gradient":""},"tablet":{"background-color":"var(--ast-global-color-5)","background-image":"","background-repeat":"repeat","background-position":"center center","background-size":"auto","background-attachment":"scroll","background-type":"","background-media":"","overlay-type":"","overlay-color":"","overlay-opacity":"","overlay-gradient":""},"mobile":{"background-color":"var(--ast-global-color-5)","background-image":"","background-repeat":"repeat","background-position":"center center","background-size":"auto","background-attachment":"scroll","background-type":"","background-media":"","overlay-type":"","overlay-color":"","overlay-opacity":"","overlay-gradient":""}},"jetpack_post_was_ever_published":false},"product_brand":[],"product_cat":[21],"product_tag":[],"class_list":{"0":"post-5864","1":"product","2":"type-product","3":"status-publish","4":"has-post-thumbnail","6":"product_cat-eco-cosmetica","7":"desktop-align-left","8":"tablet-align-left","9":"mobile-align-left","11":"first","12":"instock","13":"shipping-taxable","14":"purchasable","15":"product-type-simple"},"yoast_head":"<!-- This site is optimized with the Yoast SEO plugin v25.5 - https:\/\/yoast.com\/wordpress\/plugins\/seo\/ -->\n<title>Crema Facial Tamara &#187; Ammartesano<\/title>\n<meta name=\"robots\" content=\"index, follow, max-snippet:-1, max-image-preview:large, max-video-preview:-1\" \/>\n<link rel=\"canonical\" href=\"https:\/\/ammar-te.online\/index.php\/product\/crema-facial-tamara\/\" \/>\n<meta property=\"og:locale\" content=\"es_MX\" \/>\n<meta property=\"og:type\" content=\"article\" \/>\n<meta property=\"og:title\" content=\"Crema Facial Tamara &#187; Ammartesano\" \/>\n<meta property=\"og:description\" content=\"Crema facial de hidratante y nutritiva para cutis maduro\/ seco.  Aroma: c\u00edtrico - fresco.  A partir de los 50 la piel sufre una p\u00e9rdida de tonicidad, hidrataci\u00f3n y firmeza importante. Es ah\u00ed donde debemos extremar los cuidados en el d\u00eda a d\u00eda: Aplica cremas anti edad d\u00eda y noche. Con ellas lograremos mantener el nivel de hidrataci\u00f3n y nutrici\u00f3n necesario para nuestra piel.  Esta crema es el aliado perfecto despues de los 55 a\u00f1os, o s\u00ed tu piel es extremadamente seca, le aportar\u00e1 hidrataci\u00f3n, emoliencia y elasticidad que la piel necesita.  &nbsp;  Beneficios:   -Hidrata, suviza y mejora la elasticidad del cutis maduro  -Beneficios aclarantes y luminiscentes  -Proporciona efecto lifting (tensor)  -No comedog\u00e9nica (no tapa los poros)\" \/>\n<meta property=\"og:url\" content=\"https:\/\/ammar-te.online\/index.php\/product\/crema-facial-tamara\/\" \/>\n<meta property=\"og:site_name\" content=\"Ammartesano\" \/>\n<meta property=\"article:publisher\" content=\"https:\/\/www.facebook.com\/AmmartesanoCosmeticaNatural\" \/>\n<meta property=\"article:modified_time\" content=\"2024-03-24T20:36:05+00:00\" \/>\n<meta property=\"og:image\" content=\"https:\/\/ammar-te.online\/wp-content\/uploads\/2022\/05\/IMG_20220425_183722-scaled.jpg\" \/>\n\t<meta property=\"og:image:width\" content=\"2560\" \/>\n\t<meta property=\"og:image:height\" content=\"2560\" \/>\n\t<meta property=\"og:image:type\" content=\"image\/jpeg\" \/>\n<meta name=\"twitter:card\" content=\"summary_large_image\" \/>\n<meta name=\"twitter:label1\" content=\"Tiempo de lectura\" \/>\n\t<meta name=\"twitter:data1\" content=\"1 minuto\" \/>\n<script type=\"application\/ld+json\" class=\"yoast-schema-graph\">{\"@context\":\"https:\/\/schema.org\",\"@graph\":[{\"@type\":\"WebPage\",\"@id\":\"https:\/\/ammar-te.online\/index.php\/product\/crema-facial-tamara\/\",\"url\":\"https:\/\/ammar-te.online\/index.php\/product\/crema-facial-tamara\/\",\"name\":\"Crema Facial Tamara &#187; Ammartesano\",\"isPartOf\":{\"@id\":\"https:\/\/ammar-te.online\/#website\"},\"primaryImageOfPage\":{\"@id\":\"https:\/\/ammar-te.online\/index.php\/product\/crema-facial-tamara\/#primaryimage\"},\"image\":{\"@id\":\"https:\/\/ammar-te.online\/index.php\/product\/crema-facial-tamara\/#primaryimage\"},\"thumbnailUrl\":\"https:\/\/i0.wp.com\/ammar-te.online\/wp-content\/uploads\/2022\/05\/IMG_20220425_183722-scaled.jpg?fit=2560%2C2560&ssl=1\",\"datePublished\":\"2022-05-02T19:17:19+00:00\",\"dateModified\":\"2024-03-24T20:36:05+00:00\",\"breadcrumb\":{\"@id\":\"https:\/\/ammar-te.online\/index.php\/product\/crema-facial-tamara\/#breadcrumb\"},\"inLanguage\":\"es\",\"potentialAction\":[{\"@type\":\"ReadAction\",\"target\":[\"https:\/\/ammar-te.online\/index.php\/product\/crema-facial-tamara\/\"]}]},{\"@type\":\"ImageObject\",\"inLanguage\":\"es\",\"@id\":\"https:\/\/ammar-te.online\/index.php\/product\/crema-facial-tamara\/#primaryimage\",\"url\":\"https:\/\/i0.wp.com\/ammar-te.online\/wp-content\/uploads\/2022\/05\/IMG_20220425_183722-scaled.jpg?fit=2560%2C2560&ssl=1\",\"contentUrl\":\"https:\/\/i0.wp.com\/ammar-te.online\/wp-content\/uploads\/2022\/05\/IMG_20220425_183722-scaled.jpg?fit=2560%2C2560&ssl=1\",\"width\":2560,\"height\":2560},{\"@type\":\"BreadcrumbList\",\"@id\":\"https:\/\/ammar-te.online\/index.php\/product\/crema-facial-tamara\/#breadcrumb\",\"itemListElement\":[{\"@type\":\"ListItem\",\"position\":1,\"name\":\"Inicio\",\"item\":\"https:\/\/ammar-te.online\/\"},{\"@type\":\"ListItem\",\"position\":2,\"name\":\"Tienda\",\"item\":\"https:\/\/ammar-te.online\/index.php\/tienda\/\"},{\"@type\":\"ListItem\",\"position\":3,\"name\":\"Crema Facial Tamara\"}]},{\"@type\":\"WebSite\",\"@id\":\"https:\/\/ammar-te.online\/#website\",\"url\":\"https:\/\/ammar-te.online\/\",\"name\":\"Ammar-te Sano\",\"description\":\"Cosm\u00e9tica Natural &amp; Cient\u00edfica\",\"publisher\":{\"@id\":\"https:\/\/ammar-te.online\/#organization\"},\"potentialAction\":[{\"@type\":\"SearchAction\",\"target\":{\"@type\":\"EntryPoint\",\"urlTemplate\":\"https:\/\/ammar-te.online\/?s={search_term_string}\"},\"query-input\":{\"@type\":\"PropertyValueSpecification\",\"valueRequired\":true,\"valueName\":\"search_term_string\"}}],\"inLanguage\":\"es\"},{\"@type\":\"Organization\",\"@id\":\"https:\/\/ammar-te.online\/#organization\",\"name\":\"Ammar-te Sano\",\"url\":\"https:\/\/ammar-te.online\/\",\"logo\":{\"@type\":\"ImageObject\",\"inLanguage\":\"es\",\"@id\":\"https:\/\/ammar-te.online\/#\/schema\/logo\/image\/\",\"url\":\"https:\/\/ammar-te.online\/wp-content\/uploads\/2020\/10\/img-deafult.jpg\",\"contentUrl\":\"https:\/\/ammar-te.online\/wp-content\/uploads\/2020\/10\/img-deafult.jpg\",\"width\":1500,\"height\":1500,\"caption\":\"Ammar-te Sano\"},\"image\":{\"@id\":\"https:\/\/ammar-te.online\/#\/schema\/logo\/image\/\"},\"sameAs\":[\"https:\/\/www.facebook.com\/AmmartesanoCosmeticaNatural\",\"https:\/\/www.instagram.com\/ammartesano\/\"]}]}<\/script>\n<!-- \/ Yoast SEO plugin. -->","yoast_head_json":{"title":"Crema Facial Tamara &#187; Ammartesano","robots":{"index":"index","follow":"follow","max-snippet":"max-snippet:-1","max-image-preview":"max-image-preview:large","max-video-preview":"max-video-preview:-1"},"canonical":"https:\/\/ammar-te.online\/index.php\/product\/crema-facial-tamara\/","og_locale":"es_MX","og_type":"article","og_title":"Crema Facial Tamara &#187; Ammartesano","og_description":"Crema facial de hidratante y nutritiva para cutis maduro\/ seco.  Aroma: c\u00edtrico - fresco.  A partir de los 50 la piel sufre una p\u00e9rdida de tonicidad, hidrataci\u00f3n y firmeza importante. Es ah\u00ed donde debemos extremar los cuidados en el d\u00eda a d\u00eda: Aplica cremas anti edad d\u00eda y noche. Con ellas lograremos mantener el nivel de hidrataci\u00f3n y nutrici\u00f3n necesario para nuestra piel.  Esta crema es el aliado perfecto despues de los 55 a\u00f1os, o s\u00ed tu piel es extremadamente seca, le aportar\u00e1 hidrataci\u00f3n, emoliencia y elasticidad que la piel necesita.  &nbsp;  Beneficios:   -Hidrata, suviza y mejora la elasticidad del cutis maduro  -Beneficios aclarantes y luminiscentes  -Proporciona efecto lifting (tensor)  -No comedog\u00e9nica (no tapa los poros)","og_url":"https:\/\/ammar-te.online\/index.php\/product\/crema-facial-tamara\/","og_site_name":"Ammartesano","article_publisher":"https:\/\/www.facebook.com\/AmmartesanoCosmeticaNatural","article_modified_time":"2024-03-24T20:36:05+00:00","og_image":[{"width":2560,"height":2560,"url":"https:\/\/ammar-te.online\/wp-content\/uploads\/2022\/05\/IMG_20220425_183722-scaled.jpg","type":"image\/jpeg"}],"twitter_card":"summary_large_image","twitter_misc":{"Tiempo de lectura":"1 minuto"},"schema":{"@context":"https:\/\/schema.org","@graph":[{"@type":"WebPage","@id":"https:\/\/ammar-te.online\/index.php\/product\/crema-facial-tamara\/","url":"https:\/\/ammar-te.online\/index.php\/product\/crema-facial-tamara\/","name":"Crema Facial Tamara &#187; Ammartesano","isPartOf":{"@id":"https:\/\/ammar-te.online\/#website"},"primaryImageOfPage":{"@id":"https:\/\/ammar-te.online\/index.php\/product\/crema-facial-tamara\/#primaryimage"},"image":{"@id":"https:\/\/ammar-te.online\/index.php\/product\/crema-facial-tamara\/#primaryimage"},"thumbnailUrl":"https:\/\/i0.wp.com\/ammar-te.online\/wp-content\/uploads\/2022\/05\/IMG_20220425_183722-scaled.jpg?fit=2560%2C2560&ssl=1","datePublished":"2022-05-02T19:17:19+00:00","dateModified":"2024-03-24T20:36:05+00:00","breadcrumb":{"@id":"https:\/\/ammar-te.online\/index.php\/product\/crema-facial-tamara\/#breadcrumb"},"inLanguage":"es","potentialAction":[{"@type":"ReadAction","target":["https:\/\/ammar-te.online\/index.php\/product\/crema-facial-tamara\/"]}]},{"@type":"ImageObject","inLanguage":"es","@id":"https:\/\/ammar-te.online\/index.php\/product\/crema-facial-tamara\/#primaryimage","url":"https:\/\/i0.wp.com\/ammar-te.online\/wp-content\/uploads\/2022\/05\/IMG_20220425_183722-scaled.jpg?fit=2560%2C2560&ssl=1","contentUrl":"https:\/\/i0.wp.com\/ammar-te.online\/wp-content\/uploads\/2022\/05\/IMG_20220425_183722-scaled.jpg?fit=2560%2C2560&ssl=1","width":2560,"height":2560},{"@type":"BreadcrumbList","@id":"https:\/\/ammar-te.online\/index.php\/product\/crema-facial-tamara\/#breadcrumb","itemListElement":[{"@type":"ListItem","position":1,"name":"Inicio","item":"https:\/\/ammar-te.online\/"},{"@type":"ListItem","position":2,"name":"Tienda","item":"https:\/\/ammar-te.online\/index.php\/tienda\/"},{"@type":"ListItem","position":3,"name":"Crema Facial Tamara"}]},{"@type":"WebSite","@id":"https:\/\/ammar-te.online\/#website","url":"https:\/\/ammar-te.online\/","name":"Ammar-te Sano","description":"Cosm\u00e9tica Natural &amp; Cient\u00edfica","publisher":{"@id":"https:\/\/ammar-te.online\/#organization"},"potentialAction":[{"@type":"SearchAction","target":{"@type":"EntryPoint","urlTemplate":"https:\/\/ammar-te.online\/?s={search_term_string}"},"query-input":{"@type":"PropertyValueSpecification","valueRequired":true,"valueName":"search_term_string"}}],"inLanguage":"es"},{"@type":"Organization","@id":"https:\/\/ammar-te.online\/#organization","name":"Ammar-te Sano","url":"https:\/\/ammar-te.online\/","logo":{"@type":"ImageObject","inLanguage":"es","@id":"https:\/\/ammar-te.online\/#\/schema\/logo\/image\/","url":"https:\/\/ammar-te.online\/wp-content\/uploads\/2020\/10\/img-deafult.jpg","contentUrl":"https:\/\/ammar-te.online\/wp-content\/uploads\/2020\/10\/img-deafult.jpg","width":1500,"height":1500,"caption":"Ammar-te Sano"},"image":{"@id":"https:\/\/ammar-te.online\/#\/schema\/logo\/image\/"},"sameAs":["https:\/\/www.facebook.com\/AmmartesanoCosmeticaNatural","https:\/\/www.instagram.com\/ammartesano\/"]}]}},"jetpack-related-posts":[],"jetpack_sharing_enabled":true,"tiered_pricing_type":"fixed","tiered_pricing_fixed_rules":[],"tiered_pricing_product_settings":{"layout":"default","base_unit_name":{"singular":null,"plural":null},"default_variation":null},"tiered_pricing_minimum_quantity":null,"tiered_pricing_roles_data":[],"tiered_pricing_percentage_rules":[],"_links":{"self":[{"href":"https:\/\/ammar-te.online\/index.php\/wp-json\/wp\/v2\/product\/5864","targetHints":{"allow":["GET"]}}],"collection":[{"href":"https:\/\/ammar-te.online\/index.php\/wp-json\/wp\/v2\/product"}],"about":[{"href":"https:\/\/ammar-te.online\/index.php\/wp-json\/wp\/v2\/types\/product"}],"wp:featuredmedia":[{"embeddable":true,"href":"https:\/\/ammar-te.online\/index.php\/wp-json\/wp\/v2\/media\/5865"}],"wp:attachment":[{"href":"https:\/\/ammar-te.online\/index.php\/wp-json\/wp\/v2\/media?parent=5864"}],"wp:term":[{"taxonomy":"product_brand","embeddable":true,"href":"https:\/\/ammar-te.online\/index.php\/wp-json\/wp\/v2\/product_brand?post=5864"},{"taxonomy":"product_cat","embeddable":true,"href":"https:\/\/ammar-te.online\/index.php\/wp-json\/wp\/v2\/product_cat?post=5864"},{"taxonomy":"product_tag","embeddable":true,"href":"https:\/\/ammar-te.online\/index.php\/wp-json\/wp\/v2\/product_tag?post=5864"}],"curies":[{"name":"wp","href":"https:\/\/api.w.org\/{rel}","templated":true}]}}