{"id":53,"date":"2019-01-23T11:22:40","date_gmt":"2019-01-23T11:22:40","guid":{"rendered":"https:\/\/ammar-te.online\/index.php\/product\/ball-cactus\/"},"modified":"2025-06-27T22:07:45","modified_gmt":"2025-06-27T22:07:45","slug":"miel","status":"publish","type":"product","link":"https:\/\/ammar-te.online\/index.php\/product\/miel\/","title":{"rendered":"Acondicionador de Miel"},"content":{"rendered":"<p><strong>Ingredientes:<\/strong><\/p>\n<p>BTMS (Behentrimonium Methosulfate\/\u00a0Cetearyl Alcohol), Manteca de Karit\u00e9 (<em>Butyrospermum Parkii<\/em>), alcohol cet\u00edlico, cera de abeja, aceite de coco (<em>Cocos nucifera<\/em>), acido este\u00e1rico, lanolina, \u00e1cido c\u00edtrico, conservador ecol\u00f3gico, fragancia, miel org\u00e1nica y c\u00farcuma (<em>Curcuma longa<\/em>).<\/p>\n<p><strong>Sugerencia de uso:<\/strong><\/p>\n<p>Barra s\u00f3lida que se puede utilizar despu\u00e9s de lavar el cabello como un acondicionador tradicional y enjuagar; o sin enjuague como crema para peinar, frotando en las manos h\u00famedas hasta hacer crema en la mano, despu\u00e9s aplicar en el cabello h\u00famedo y peinar.<\/p>\n<p><strong>La barra de 40 g Dura aprox. 100 aplicaciones.<\/strong><\/p>\n","protected":false},"excerpt":{"rendered":"<p>Adicionador reparador, es adicionado con miel de abeja org\u00e1nica obtenida mediante comercio justo de la comunidad\u00a0 de Yaxkukul Yucat\u00e1n, la miel promueve la producci\u00f3n de queratina, teniendo como resultado un cabello m\u00e1s fuerte y menos quebradizo.<\/p>\n<p><strong>Presentaci\u00f3n: Barra de 40 g.<\/strong><\/p>\n","protected":false},"featured_media":1249,"template":"","meta":{"site-sidebar-layout":"default","site-content-layout":"default","ast-site-content-layout":"default","site-content-style":"default","site-sidebar-style":"default","ast-global-header-display":"","ast-banner-title-visibility":"","ast-main-header-display":"","ast-hfb-above-header-display":"","ast-hfb-below-header-display":"","ast-hfb-mobile-header-display":"","site-post-title":"","ast-breadcrumbs-content":"","ast-featured-img":"","footer-sml-layout":"","theme-transparent-header-meta":"default","adv-header-id-meta":"","stick-header-meta":"","header-above-stick-meta":"","header-main-stick-meta":"","header-below-stick-meta":"","astra-migrate-meta-layouts":"default","ast-page-background-enabled":"default","ast-page-background-meta":{"desktop":{"background-color":"","background-image":"","background-repeat":"repeat","background-position":"center center","background-size":"auto","background-attachment":"scroll","background-type":"","background-media":"","overlay-type":"","overlay-color":"","overlay-opacity":"","overlay-gradient":""},"tablet":{"background-color":"","background-image":"","background-repeat":"repeat","background-position":"center center","background-size":"auto","background-attachment":"scroll","background-type":"","background-media":"","overlay-type":"","overlay-color":"","overlay-opacity":"","overlay-gradient":""},"mobile":{"background-color":"","background-image":"","background-repeat":"repeat","background-position":"center center","background-size":"auto","background-attachment":"scroll","background-type":"","background-media":"","overlay-type":"","overlay-color":"","overlay-opacity":"","overlay-gradient":""}},"ast-content-background-meta":{"desktop":{"background-color":"var(--ast-global-color-5)","background-image":"","background-repeat":"repeat","background-position":"center center","background-size":"auto","background-attachment":"scroll","background-type":"","background-media":"","overlay-type":"","overlay-color":"","overlay-opacity":"","overlay-gradient":""},"tablet":{"background-color":"var(--ast-global-color-5)","background-image":"","background-repeat":"repeat","background-position":"center center","background-size":"auto","background-attachment":"scroll","background-type":"","background-media":"","overlay-type":"","overlay-color":"","overlay-opacity":"","overlay-gradient":""},"mobile":{"background-color":"var(--ast-global-color-5)","background-image":"","background-repeat":"repeat","background-position":"center center","background-size":"auto","background-attachment":"scroll","background-type":"","background-media":"","overlay-type":"","overlay-color":"","overlay-opacity":"","overlay-gradient":""}},"jetpack_post_was_ever_published":false},"product_brand":[],"product_cat":[16],"product_tag":[],"class_list":{"0":"post-53","1":"product","2":"type-product","3":"status-publish","4":"has-post-thumbnail","6":"product_cat-acondicionador","7":"desktop-align-left","8":"tablet-align-left","9":"mobile-align-left","11":"first","12":"instock","13":"shipping-taxable","14":"purchasable","15":"product-type-simple"},"yoast_head":"<!-- This site is optimized with the Yoast SEO plugin v25.5 - https:\/\/yoast.com\/wordpress\/plugins\/seo\/ -->\n<title>Acondicionador de Miel &#187; Ammartesano<\/title>\n<meta name=\"robots\" content=\"index, follow, max-snippet:-1, max-image-preview:large, max-video-preview:-1\" \/>\n<link rel=\"canonical\" href=\"https:\/\/ammar-te.online\/index.php\/product\/miel\/\" \/>\n<meta property=\"og:locale\" content=\"es_MX\" \/>\n<meta property=\"og:type\" content=\"article\" \/>\n<meta property=\"og:title\" content=\"Acondicionador de Miel &#187; Ammartesano\" \/>\n<meta property=\"og:description\" content=\"Adicionador reparador, es adicionado con miel de abeja org\u00e1nica obtenida mediante comercio justo de la comunidad\u00a0 de Yaxkukul Yucat\u00e1n, la miel promueve la producci\u00f3n de queratina, teniendo como resultado un cabello m\u00e1s fuerte y menos quebradizo.  Presentaci\u00f3n: Barra de 40 g.\" \/>\n<meta property=\"og:url\" content=\"https:\/\/ammar-te.online\/index.php\/product\/miel\/\" \/>\n<meta property=\"og:site_name\" content=\"Ammartesano\" \/>\n<meta property=\"article:publisher\" content=\"https:\/\/www.facebook.com\/AmmartesanoCosmeticaNatural\" \/>\n<meta property=\"article:modified_time\" content=\"2025-06-27T22:07:45+00:00\" \/>\n<meta property=\"og:image\" content=\"https:\/\/ammar-te.online\/wp-content\/uploads\/2019\/01\/acondicionador-miel.jpg\" \/>\n\t<meta property=\"og:image:width\" content=\"1500\" \/>\n\t<meta property=\"og:image:height\" content=\"1500\" \/>\n\t<meta property=\"og:image:type\" content=\"image\/jpeg\" \/>\n<meta name=\"twitter:card\" content=\"summary_large_image\" \/>\n<script type=\"application\/ld+json\" class=\"yoast-schema-graph\">{\"@context\":\"https:\/\/schema.org\",\"@graph\":[{\"@type\":\"WebPage\",\"@id\":\"https:\/\/ammar-te.online\/index.php\/product\/miel\/\",\"url\":\"https:\/\/ammar-te.online\/index.php\/product\/miel\/\",\"name\":\"Acondicionador de Miel &#187; Ammartesano\",\"isPartOf\":{\"@id\":\"https:\/\/ammar-te.online\/#website\"},\"primaryImageOfPage\":{\"@id\":\"https:\/\/ammar-te.online\/index.php\/product\/miel\/#primaryimage\"},\"image\":{\"@id\":\"https:\/\/ammar-te.online\/index.php\/product\/miel\/#primaryimage\"},\"thumbnailUrl\":\"https:\/\/i0.wp.com\/ammar-te.online\/wp-content\/uploads\/2019\/01\/acondicionador-miel.jpg?fit=1500%2C1500&ssl=1\",\"datePublished\":\"2019-01-23T11:22:40+00:00\",\"dateModified\":\"2025-06-27T22:07:45+00:00\",\"breadcrumb\":{\"@id\":\"https:\/\/ammar-te.online\/index.php\/product\/miel\/#breadcrumb\"},\"inLanguage\":\"es\",\"potentialAction\":[{\"@type\":\"ReadAction\",\"target\":[\"https:\/\/ammar-te.online\/index.php\/product\/miel\/\"]}]},{\"@type\":\"ImageObject\",\"inLanguage\":\"es\",\"@id\":\"https:\/\/ammar-te.online\/index.php\/product\/miel\/#primaryimage\",\"url\":\"https:\/\/i0.wp.com\/ammar-te.online\/wp-content\/uploads\/2019\/01\/acondicionador-miel.jpg?fit=1500%2C1500&ssl=1\",\"contentUrl\":\"https:\/\/i0.wp.com\/ammar-te.online\/wp-content\/uploads\/2019\/01\/acondicionador-miel.jpg?fit=1500%2C1500&ssl=1\",\"width\":1500,\"height\":1500},{\"@type\":\"BreadcrumbList\",\"@id\":\"https:\/\/ammar-te.online\/index.php\/product\/miel\/#breadcrumb\",\"itemListElement\":[{\"@type\":\"ListItem\",\"position\":1,\"name\":\"Inicio\",\"item\":\"https:\/\/ammar-te.online\/\"},{\"@type\":\"ListItem\",\"position\":2,\"name\":\"Tienda\",\"item\":\"https:\/\/ammar-te.online\/index.php\/tienda\/\"},{\"@type\":\"ListItem\",\"position\":3,\"name\":\"Acondicionador de Miel\"}]},{\"@type\":\"WebSite\",\"@id\":\"https:\/\/ammar-te.online\/#website\",\"url\":\"https:\/\/ammar-te.online\/\",\"name\":\"Ammar-te Sano\",\"description\":\"Cosm\u00e9tica Natural &amp; Cient\u00edfica\",\"publisher\":{\"@id\":\"https:\/\/ammar-te.online\/#organization\"},\"potentialAction\":[{\"@type\":\"SearchAction\",\"target\":{\"@type\":\"EntryPoint\",\"urlTemplate\":\"https:\/\/ammar-te.online\/?s={search_term_string}\"},\"query-input\":{\"@type\":\"PropertyValueSpecification\",\"valueRequired\":true,\"valueName\":\"search_term_string\"}}],\"inLanguage\":\"es\"},{\"@type\":\"Organization\",\"@id\":\"https:\/\/ammar-te.online\/#organization\",\"name\":\"Ammar-te Sano\",\"url\":\"https:\/\/ammar-te.online\/\",\"logo\":{\"@type\":\"ImageObject\",\"inLanguage\":\"es\",\"@id\":\"https:\/\/ammar-te.online\/#\/schema\/logo\/image\/\",\"url\":\"https:\/\/ammar-te.online\/wp-content\/uploads\/2020\/10\/img-deafult.jpg\",\"contentUrl\":\"https:\/\/ammar-te.online\/wp-content\/uploads\/2020\/10\/img-deafult.jpg\",\"width\":1500,\"height\":1500,\"caption\":\"Ammar-te Sano\"},\"image\":{\"@id\":\"https:\/\/ammar-te.online\/#\/schema\/logo\/image\/\"},\"sameAs\":[\"https:\/\/www.facebook.com\/AmmartesanoCosmeticaNatural\",\"https:\/\/www.instagram.com\/ammartesano\/\"]}]}<\/script>\n<!-- \/ Yoast SEO plugin. -->","yoast_head_json":{"title":"Acondicionador de Miel &#187; Ammartesano","robots":{"index":"index","follow":"follow","max-snippet":"max-snippet:-1","max-image-preview":"max-image-preview:large","max-video-preview":"max-video-preview:-1"},"canonical":"https:\/\/ammar-te.online\/index.php\/product\/miel\/","og_locale":"es_MX","og_type":"article","og_title":"Acondicionador de Miel &#187; Ammartesano","og_description":"Adicionador reparador, es adicionado con miel de abeja org\u00e1nica obtenida mediante comercio justo de la comunidad\u00a0 de Yaxkukul Yucat\u00e1n, la miel promueve la producci\u00f3n de queratina, teniendo como resultado un cabello m\u00e1s fuerte y menos quebradizo.  Presentaci\u00f3n: Barra de 40 g.","og_url":"https:\/\/ammar-te.online\/index.php\/product\/miel\/","og_site_name":"Ammartesano","article_publisher":"https:\/\/www.facebook.com\/AmmartesanoCosmeticaNatural","article_modified_time":"2025-06-27T22:07:45+00:00","og_image":[{"width":1500,"height":1500,"url":"https:\/\/ammar-te.online\/wp-content\/uploads\/2019\/01\/acondicionador-miel.jpg","type":"image\/jpeg"}],"twitter_card":"summary_large_image","schema":{"@context":"https:\/\/schema.org","@graph":[{"@type":"WebPage","@id":"https:\/\/ammar-te.online\/index.php\/product\/miel\/","url":"https:\/\/ammar-te.online\/index.php\/product\/miel\/","name":"Acondicionador de Miel &#187; Ammartesano","isPartOf":{"@id":"https:\/\/ammar-te.online\/#website"},"primaryImageOfPage":{"@id":"https:\/\/ammar-te.online\/index.php\/product\/miel\/#primaryimage"},"image":{"@id":"https:\/\/ammar-te.online\/index.php\/product\/miel\/#primaryimage"},"thumbnailUrl":"https:\/\/i0.wp.com\/ammar-te.online\/wp-content\/uploads\/2019\/01\/acondicionador-miel.jpg?fit=1500%2C1500&ssl=1","datePublished":"2019-01-23T11:22:40+00:00","dateModified":"2025-06-27T22:07:45+00:00","breadcrumb":{"@id":"https:\/\/ammar-te.online\/index.php\/product\/miel\/#breadcrumb"},"inLanguage":"es","potentialAction":[{"@type":"ReadAction","target":["https:\/\/ammar-te.online\/index.php\/product\/miel\/"]}]},{"@type":"ImageObject","inLanguage":"es","@id":"https:\/\/ammar-te.online\/index.php\/product\/miel\/#primaryimage","url":"https:\/\/i0.wp.com\/ammar-te.online\/wp-content\/uploads\/2019\/01\/acondicionador-miel.jpg?fit=1500%2C1500&ssl=1","contentUrl":"https:\/\/i0.wp.com\/ammar-te.online\/wp-content\/uploads\/2019\/01\/acondicionador-miel.jpg?fit=1500%2C1500&ssl=1","width":1500,"height":1500},{"@type":"BreadcrumbList","@id":"https:\/\/ammar-te.online\/index.php\/product\/miel\/#breadcrumb","itemListElement":[{"@type":"ListItem","position":1,"name":"Inicio","item":"https:\/\/ammar-te.online\/"},{"@type":"ListItem","position":2,"name":"Tienda","item":"https:\/\/ammar-te.online\/index.php\/tienda\/"},{"@type":"ListItem","position":3,"name":"Acondicionador de Miel"}]},{"@type":"WebSite","@id":"https:\/\/ammar-te.online\/#website","url":"https:\/\/ammar-te.online\/","name":"Ammar-te Sano","description":"Cosm\u00e9tica Natural &amp; Cient\u00edfica","publisher":{"@id":"https:\/\/ammar-te.online\/#organization"},"potentialAction":[{"@type":"SearchAction","target":{"@type":"EntryPoint","urlTemplate":"https:\/\/ammar-te.online\/?s={search_term_string}"},"query-input":{"@type":"PropertyValueSpecification","valueRequired":true,"valueName":"search_term_string"}}],"inLanguage":"es"},{"@type":"Organization","@id":"https:\/\/ammar-te.online\/#organization","name":"Ammar-te Sano","url":"https:\/\/ammar-te.online\/","logo":{"@type":"ImageObject","inLanguage":"es","@id":"https:\/\/ammar-te.online\/#\/schema\/logo\/image\/","url":"https:\/\/ammar-te.online\/wp-content\/uploads\/2020\/10\/img-deafult.jpg","contentUrl":"https:\/\/ammar-te.online\/wp-content\/uploads\/2020\/10\/img-deafult.jpg","width":1500,"height":1500,"caption":"Ammar-te Sano"},"image":{"@id":"https:\/\/ammar-te.online\/#\/schema\/logo\/image\/"},"sameAs":["https:\/\/www.facebook.com\/AmmartesanoCosmeticaNatural","https:\/\/www.instagram.com\/ammartesano\/"]}]}},"jetpack-related-posts":[],"jetpack_sharing_enabled":true,"tiered_pricing_type":"fixed","tiered_pricing_fixed_rules":[],"tiered_pricing_product_settings":{"layout":"default","base_unit_name":{"singular":null,"plural":null},"default_variation":null},"tiered_pricing_minimum_quantity":null,"tiered_pricing_roles_data":[],"tiered_pricing_percentage_rules":[],"_links":{"self":[{"href":"https:\/\/ammar-te.online\/index.php\/wp-json\/wp\/v2\/product\/53","targetHints":{"allow":["GET"]}}],"collection":[{"href":"https:\/\/ammar-te.online\/index.php\/wp-json\/wp\/v2\/product"}],"about":[{"href":"https:\/\/ammar-te.online\/index.php\/wp-json\/wp\/v2\/types\/product"}],"wp:featuredmedia":[{"embeddable":true,"href":"https:\/\/ammar-te.online\/index.php\/wp-json\/wp\/v2\/media\/1249"}],"wp:attachment":[{"href":"https:\/\/ammar-te.online\/index.php\/wp-json\/wp\/v2\/media?parent=53"}],"wp:term":[{"taxonomy":"product_brand","embeddable":true,"href":"https:\/\/ammar-te.online\/index.php\/wp-json\/wp\/v2\/product_brand?post=53"},{"taxonomy":"product_cat","embeddable":true,"href":"https:\/\/ammar-te.online\/index.php\/wp-json\/wp\/v2\/product_cat?post=53"},{"taxonomy":"product_tag","embeddable":true,"href":"https:\/\/ammar-te.online\/index.php\/wp-json\/wp\/v2\/product_tag?post=53"}],"curies":[{"name":"wp","href":"https:\/\/api.w.org\/{rel}","templated":true}]}}