{"id":1373,"date":"2020-10-12T06:07:25","date_gmt":"2020-10-12T06:07:25","guid":{"rendered":"https:\/\/ammar-te.online\/?post_type=product&#038;p=1373"},"modified":"2024-03-24T20:22:25","modified_gmt":"2024-03-24T20:22:25","slug":"after-shower-gardenia","status":"publish","type":"product","link":"https:\/\/ammar-te.online\/index.php\/product\/after-shower-gardenia\/","title":{"rendered":"After Shower Gardenia"},"content":{"rendered":"<p><strong>Ingredientes:<\/strong><\/p>\n<p>BTMS (Behentrimonium Methosulfate\/\u00a0Cetearyl Alcohol), manteca de karit\u00e9 (Butyrospermum Parkii), alcohol cet\u00edlico, acido este\u00e1rico, cera de abeja, aceite de arg\u00e1n (Argania spinosa), vitamina E (Acetato de DL-alfa-tocoferol) y esencia cosm\u00e9tica.<\/p>\n","protected":false},"excerpt":{"rendered":"<p>Olv\u00eddate de la resequedad corporal, estas barras est\u00e1n dise\u00f1adas para hidratar y suavizar hasta la piel m\u00e1s \u00e1spera, elaboradas con aceites re-estructurantes d\u00e9rmicos y manteca de Karit\u00e9 la cual se obtiene del fruto del \u00e1rbol\u00a0karit\u00e9, tambi\u00e9n conocido como el \u201c\u00e1rbol de la mantequilla\u201d, as\u00ed que te imaginar\u00e1s los beneficios extra humectantes que aportan a la piel.<\/p>\n<p><strong>Aroma<\/strong>: floral<\/p>\n<p>&nbsp;<\/p>\n<p><strong>\u00bfC\u00f3mo se usa?<\/strong><\/p>\n<p>Durante la ducha\u2026 casi al final frota la barrita directamente en la piel humedad de las zonas de mayor resequedad, despu\u00e9s s\u00e9cate de forma habitual. No es necesario enjuagar.<\/p>\n<p>&nbsp;<\/p>\n<p><strong>Presentaci\u00f3n: Barras de 70 g<\/strong><\/p>\n","protected":false},"featured_media":5536,"template":"","meta":{"site-sidebar-layout":"default","site-content-layout":"default","ast-site-content-layout":"default","site-content-style":"default","site-sidebar-style":"default","ast-global-header-display":"","ast-banner-title-visibility":"","ast-main-header-display":"","ast-hfb-above-header-display":"","ast-hfb-below-header-display":"","ast-hfb-mobile-header-display":"","site-post-title":"","ast-breadcrumbs-content":"","ast-featured-img":"","footer-sml-layout":"","theme-transparent-header-meta":"default","adv-header-id-meta":"","stick-header-meta":"","header-above-stick-meta":"","header-main-stick-meta":"","header-below-stick-meta":"","astra-migrate-meta-layouts":"default","ast-page-background-enabled":"default","ast-page-background-meta":{"desktop":{"background-color":"","background-image":"","background-repeat":"repeat","background-position":"center center","background-size":"auto","background-attachment":"scroll","background-type":"","background-media":"","overlay-type":"","overlay-color":"","overlay-opacity":"","overlay-gradient":""},"tablet":{"background-color":"","background-image":"","background-repeat":"repeat","background-position":"center center","background-size":"auto","background-attachment":"scroll","background-type":"","background-media":"","overlay-type":"","overlay-color":"","overlay-opacity":"","overlay-gradient":""},"mobile":{"background-color":"","background-image":"","background-repeat":"repeat","background-position":"center center","background-size":"auto","background-attachment":"scroll","background-type":"","background-media":"","overlay-type":"","overlay-color":"","overlay-opacity":"","overlay-gradient":""}},"ast-content-background-meta":{"desktop":{"background-color":"var(--ast-global-color-5)","background-image":"","background-repeat":"repeat","background-position":"center center","background-size":"auto","background-attachment":"scroll","background-type":"","background-media":"","overlay-type":"","overlay-color":"","overlay-opacity":"","overlay-gradient":""},"tablet":{"background-color":"var(--ast-global-color-5)","background-image":"","background-repeat":"repeat","background-position":"center center","background-size":"auto","background-attachment":"scroll","background-type":"","background-media":"","overlay-type":"","overlay-color":"","overlay-opacity":"","overlay-gradient":""},"mobile":{"background-color":"var(--ast-global-color-5)","background-image":"","background-repeat":"repeat","background-position":"center center","background-size":"auto","background-attachment":"scroll","background-type":"","background-media":"","overlay-type":"","overlay-color":"","overlay-opacity":"","overlay-gradient":""}},"jetpack_post_was_ever_published":false},"product_brand":[],"product_cat":[42,24],"product_tag":[],"class_list":{"0":"post-1373","1":"product","2":"type-product","3":"status-publish","4":"has-post-thumbnail","6":"product_cat-after-shower","7":"product_cat-manteca-corporal","8":"desktop-align-left","9":"tablet-align-left","10":"mobile-align-left","12":"first","13":"instock","14":"shipping-taxable","15":"purchasable","16":"product-type-simple"},"yoast_head":"<!-- This site is optimized with the Yoast SEO plugin v25.5 - https:\/\/yoast.com\/wordpress\/plugins\/seo\/ -->\n<title>After Shower Gardenia &#187; Ammartesano<\/title>\n<meta name=\"robots\" content=\"index, follow, max-snippet:-1, max-image-preview:large, max-video-preview:-1\" \/>\n<link rel=\"canonical\" href=\"https:\/\/ammar-te.online\/index.php\/product\/after-shower-gardenia\/\" \/>\n<meta property=\"og:locale\" content=\"es_MX\" \/>\n<meta property=\"og:type\" content=\"article\" \/>\n<meta property=\"og:title\" content=\"After Shower Gardenia &#187; Ammartesano\" \/>\n<meta property=\"og:description\" content=\"Olv\u00eddate de la resequedad corporal, estas barras est\u00e1n dise\u00f1adas para hidratar y suavizar hasta la piel m\u00e1s \u00e1spera, elaboradas con aceites re-estructurantes d\u00e9rmicos y manteca de Karit\u00e9 la cual se obtiene del fruto del \u00e1rbol\u00a0karit\u00e9, tambi\u00e9n conocido como el \u201c\u00e1rbol de la mantequilla\u201d, as\u00ed que te imaginar\u00e1s los beneficios extra humectantes que aportan a la piel.  Aroma: floral  &nbsp;  \u00bfC\u00f3mo se usa?  Durante la ducha\u2026 casi al final frota la barrita directamente en la piel humedad de las zonas de mayor resequedad, despu\u00e9s s\u00e9cate de forma habitual. No es necesario enjuagar.  &nbsp;  Presentaci\u00f3n: Barras de 70 g\" \/>\n<meta property=\"og:url\" content=\"https:\/\/ammar-te.online\/index.php\/product\/after-shower-gardenia\/\" \/>\n<meta property=\"og:site_name\" content=\"Ammartesano\" \/>\n<meta property=\"article:publisher\" content=\"https:\/\/www.facebook.com\/AmmartesanoCosmeticaNatural\" \/>\n<meta property=\"article:modified_time\" content=\"2024-03-24T20:22:25+00:00\" \/>\n<meta property=\"og:image\" content=\"https:\/\/ammar-te.online\/wp-content\/uploads\/2021\/01\/ffac4799-75c9-4c1a-8c5b-d9160e896129.jpg\" \/>\n\t<meta property=\"og:image:width\" content=\"780\" \/>\n\t<meta property=\"og:image:height\" content=\"1040\" \/>\n\t<meta property=\"og:image:type\" content=\"image\/jpeg\" \/>\n<meta name=\"twitter:card\" content=\"summary_large_image\" \/>\n<script type=\"application\/ld+json\" class=\"yoast-schema-graph\">{\"@context\":\"https:\/\/schema.org\",\"@graph\":[{\"@type\":\"WebPage\",\"@id\":\"https:\/\/ammar-te.online\/index.php\/product\/after-shower-gardenia\/\",\"url\":\"https:\/\/ammar-te.online\/index.php\/product\/after-shower-gardenia\/\",\"name\":\"After Shower Gardenia &#187; Ammartesano\",\"isPartOf\":{\"@id\":\"https:\/\/ammar-te.online\/#website\"},\"primaryImageOfPage\":{\"@id\":\"https:\/\/ammar-te.online\/index.php\/product\/after-shower-gardenia\/#primaryimage\"},\"image\":{\"@id\":\"https:\/\/ammar-te.online\/index.php\/product\/after-shower-gardenia\/#primaryimage\"},\"thumbnailUrl\":\"https:\/\/i0.wp.com\/ammar-te.online\/wp-content\/uploads\/2021\/01\/ffac4799-75c9-4c1a-8c5b-d9160e896129.jpg?fit=780%2C1040&ssl=1\",\"datePublished\":\"2020-10-12T06:07:25+00:00\",\"dateModified\":\"2024-03-24T20:22:25+00:00\",\"breadcrumb\":{\"@id\":\"https:\/\/ammar-te.online\/index.php\/product\/after-shower-gardenia\/#breadcrumb\"},\"inLanguage\":\"es\",\"potentialAction\":[{\"@type\":\"ReadAction\",\"target\":[\"https:\/\/ammar-te.online\/index.php\/product\/after-shower-gardenia\/\"]}]},{\"@type\":\"ImageObject\",\"inLanguage\":\"es\",\"@id\":\"https:\/\/ammar-te.online\/index.php\/product\/after-shower-gardenia\/#primaryimage\",\"url\":\"https:\/\/i0.wp.com\/ammar-te.online\/wp-content\/uploads\/2021\/01\/ffac4799-75c9-4c1a-8c5b-d9160e896129.jpg?fit=780%2C1040&ssl=1\",\"contentUrl\":\"https:\/\/i0.wp.com\/ammar-te.online\/wp-content\/uploads\/2021\/01\/ffac4799-75c9-4c1a-8c5b-d9160e896129.jpg?fit=780%2C1040&ssl=1\",\"width\":780,\"height\":1040},{\"@type\":\"BreadcrumbList\",\"@id\":\"https:\/\/ammar-te.online\/index.php\/product\/after-shower-gardenia\/#breadcrumb\",\"itemListElement\":[{\"@type\":\"ListItem\",\"position\":1,\"name\":\"Inicio\",\"item\":\"https:\/\/ammar-te.online\/\"},{\"@type\":\"ListItem\",\"position\":2,\"name\":\"Tienda\",\"item\":\"https:\/\/ammar-te.online\/index.php\/tienda\/\"},{\"@type\":\"ListItem\",\"position\":3,\"name\":\"After Shower Gardenia\"}]},{\"@type\":\"WebSite\",\"@id\":\"https:\/\/ammar-te.online\/#website\",\"url\":\"https:\/\/ammar-te.online\/\",\"name\":\"Ammar-te Sano\",\"description\":\"Cosm\u00e9tica Natural &amp; Cient\u00edfica\",\"publisher\":{\"@id\":\"https:\/\/ammar-te.online\/#organization\"},\"potentialAction\":[{\"@type\":\"SearchAction\",\"target\":{\"@type\":\"EntryPoint\",\"urlTemplate\":\"https:\/\/ammar-te.online\/?s={search_term_string}\"},\"query-input\":{\"@type\":\"PropertyValueSpecification\",\"valueRequired\":true,\"valueName\":\"search_term_string\"}}],\"inLanguage\":\"es\"},{\"@type\":\"Organization\",\"@id\":\"https:\/\/ammar-te.online\/#organization\",\"name\":\"Ammar-te Sano\",\"url\":\"https:\/\/ammar-te.online\/\",\"logo\":{\"@type\":\"ImageObject\",\"inLanguage\":\"es\",\"@id\":\"https:\/\/ammar-te.online\/#\/schema\/logo\/image\/\",\"url\":\"https:\/\/ammar-te.online\/wp-content\/uploads\/2020\/10\/img-deafult.jpg\",\"contentUrl\":\"https:\/\/ammar-te.online\/wp-content\/uploads\/2020\/10\/img-deafult.jpg\",\"width\":1500,\"height\":1500,\"caption\":\"Ammar-te Sano\"},\"image\":{\"@id\":\"https:\/\/ammar-te.online\/#\/schema\/logo\/image\/\"},\"sameAs\":[\"https:\/\/www.facebook.com\/AmmartesanoCosmeticaNatural\",\"https:\/\/www.instagram.com\/ammartesano\/\"]}]}<\/script>\n<!-- \/ Yoast SEO plugin. -->","yoast_head_json":{"title":"After Shower Gardenia &#187; Ammartesano","robots":{"index":"index","follow":"follow","max-snippet":"max-snippet:-1","max-image-preview":"max-image-preview:large","max-video-preview":"max-video-preview:-1"},"canonical":"https:\/\/ammar-te.online\/index.php\/product\/after-shower-gardenia\/","og_locale":"es_MX","og_type":"article","og_title":"After Shower Gardenia &#187; Ammartesano","og_description":"Olv\u00eddate de la resequedad corporal, estas barras est\u00e1n dise\u00f1adas para hidratar y suavizar hasta la piel m\u00e1s \u00e1spera, elaboradas con aceites re-estructurantes d\u00e9rmicos y manteca de Karit\u00e9 la cual se obtiene del fruto del \u00e1rbol\u00a0karit\u00e9, tambi\u00e9n conocido como el \u201c\u00e1rbol de la mantequilla\u201d, as\u00ed que te imaginar\u00e1s los beneficios extra humectantes que aportan a la piel.  Aroma: floral  &nbsp;  \u00bfC\u00f3mo se usa?  Durante la ducha\u2026 casi al final frota la barrita directamente en la piel humedad de las zonas de mayor resequedad, despu\u00e9s s\u00e9cate de forma habitual. No es necesario enjuagar.  &nbsp;  Presentaci\u00f3n: Barras de 70 g","og_url":"https:\/\/ammar-te.online\/index.php\/product\/after-shower-gardenia\/","og_site_name":"Ammartesano","article_publisher":"https:\/\/www.facebook.com\/AmmartesanoCosmeticaNatural","article_modified_time":"2024-03-24T20:22:25+00:00","og_image":[{"width":780,"height":1040,"url":"https:\/\/ammar-te.online\/wp-content\/uploads\/2021\/01\/ffac4799-75c9-4c1a-8c5b-d9160e896129.jpg","type":"image\/jpeg"}],"twitter_card":"summary_large_image","schema":{"@context":"https:\/\/schema.org","@graph":[{"@type":"WebPage","@id":"https:\/\/ammar-te.online\/index.php\/product\/after-shower-gardenia\/","url":"https:\/\/ammar-te.online\/index.php\/product\/after-shower-gardenia\/","name":"After Shower Gardenia &#187; Ammartesano","isPartOf":{"@id":"https:\/\/ammar-te.online\/#website"},"primaryImageOfPage":{"@id":"https:\/\/ammar-te.online\/index.php\/product\/after-shower-gardenia\/#primaryimage"},"image":{"@id":"https:\/\/ammar-te.online\/index.php\/product\/after-shower-gardenia\/#primaryimage"},"thumbnailUrl":"https:\/\/i0.wp.com\/ammar-te.online\/wp-content\/uploads\/2021\/01\/ffac4799-75c9-4c1a-8c5b-d9160e896129.jpg?fit=780%2C1040&ssl=1","datePublished":"2020-10-12T06:07:25+00:00","dateModified":"2024-03-24T20:22:25+00:00","breadcrumb":{"@id":"https:\/\/ammar-te.online\/index.php\/product\/after-shower-gardenia\/#breadcrumb"},"inLanguage":"es","potentialAction":[{"@type":"ReadAction","target":["https:\/\/ammar-te.online\/index.php\/product\/after-shower-gardenia\/"]}]},{"@type":"ImageObject","inLanguage":"es","@id":"https:\/\/ammar-te.online\/index.php\/product\/after-shower-gardenia\/#primaryimage","url":"https:\/\/i0.wp.com\/ammar-te.online\/wp-content\/uploads\/2021\/01\/ffac4799-75c9-4c1a-8c5b-d9160e896129.jpg?fit=780%2C1040&ssl=1","contentUrl":"https:\/\/i0.wp.com\/ammar-te.online\/wp-content\/uploads\/2021\/01\/ffac4799-75c9-4c1a-8c5b-d9160e896129.jpg?fit=780%2C1040&ssl=1","width":780,"height":1040},{"@type":"BreadcrumbList","@id":"https:\/\/ammar-te.online\/index.php\/product\/after-shower-gardenia\/#breadcrumb","itemListElement":[{"@type":"ListItem","position":1,"name":"Inicio","item":"https:\/\/ammar-te.online\/"},{"@type":"ListItem","position":2,"name":"Tienda","item":"https:\/\/ammar-te.online\/index.php\/tienda\/"},{"@type":"ListItem","position":3,"name":"After Shower Gardenia"}]},{"@type":"WebSite","@id":"https:\/\/ammar-te.online\/#website","url":"https:\/\/ammar-te.online\/","name":"Ammar-te Sano","description":"Cosm\u00e9tica Natural &amp; Cient\u00edfica","publisher":{"@id":"https:\/\/ammar-te.online\/#organization"},"potentialAction":[{"@type":"SearchAction","target":{"@type":"EntryPoint","urlTemplate":"https:\/\/ammar-te.online\/?s={search_term_string}"},"query-input":{"@type":"PropertyValueSpecification","valueRequired":true,"valueName":"search_term_string"}}],"inLanguage":"es"},{"@type":"Organization","@id":"https:\/\/ammar-te.online\/#organization","name":"Ammar-te Sano","url":"https:\/\/ammar-te.online\/","logo":{"@type":"ImageObject","inLanguage":"es","@id":"https:\/\/ammar-te.online\/#\/schema\/logo\/image\/","url":"https:\/\/ammar-te.online\/wp-content\/uploads\/2020\/10\/img-deafult.jpg","contentUrl":"https:\/\/ammar-te.online\/wp-content\/uploads\/2020\/10\/img-deafult.jpg","width":1500,"height":1500,"caption":"Ammar-te Sano"},"image":{"@id":"https:\/\/ammar-te.online\/#\/schema\/logo\/image\/"},"sameAs":["https:\/\/www.facebook.com\/AmmartesanoCosmeticaNatural","https:\/\/www.instagram.com\/ammartesano\/"]}]}},"jetpack-related-posts":[],"jetpack_sharing_enabled":true,"tiered_pricing_type":"fixed","tiered_pricing_fixed_rules":[],"tiered_pricing_product_settings":{"layout":"default","base_unit_name":{"singular":null,"plural":null},"default_variation":null},"tiered_pricing_minimum_quantity":null,"tiered_pricing_roles_data":[],"tiered_pricing_percentage_rules":[],"_links":{"self":[{"href":"https:\/\/ammar-te.online\/index.php\/wp-json\/wp\/v2\/product\/1373","targetHints":{"allow":["GET"]}}],"collection":[{"href":"https:\/\/ammar-te.online\/index.php\/wp-json\/wp\/v2\/product"}],"about":[{"href":"https:\/\/ammar-te.online\/index.php\/wp-json\/wp\/v2\/types\/product"}],"wp:featuredmedia":[{"embeddable":true,"href":"https:\/\/ammar-te.online\/index.php\/wp-json\/wp\/v2\/media\/5536"}],"wp:attachment":[{"href":"https:\/\/ammar-te.online\/index.php\/wp-json\/wp\/v2\/media?parent=1373"}],"wp:term":[{"taxonomy":"product_brand","embeddable":true,"href":"https:\/\/ammar-te.online\/index.php\/wp-json\/wp\/v2\/product_brand?post=1373"},{"taxonomy":"product_cat","embeddable":true,"href":"https:\/\/ammar-te.online\/index.php\/wp-json\/wp\/v2\/product_cat?post=1373"},{"taxonomy":"product_tag","embeddable":true,"href":"https:\/\/ammar-te.online\/index.php\/wp-json\/wp\/v2\/product_tag?post=1373"}],"curies":[{"name":"wp","href":"https:\/\/api.w.org\/{rel}","templated":true}]}}