{"id":1174,"date":"2020-09-08T02:06:52","date_gmt":"2020-09-08T02:06:52","guid":{"rendered":"https:\/\/ammar-te.online\/?post_type=product&#038;p=1174"},"modified":"2026-02-10T05:19:06","modified_gmt":"2026-02-10T05:19:06","slug":"shampoo-de-neem-y-arbol-de-te","status":"publish","type":"product","link":"https:\/\/ammar-te.online\/index.php\/product\/shampoo-de-neem-y-arbol-de-te\/","title":{"rendered":"Shampoo S\u00f3lido de Neem y \u00c1rbol de T\u00e9"},"content":{"rendered":"<p><strong>Ingredientes:<\/strong><\/p>\n<p>Cocoil isetionato de sodio, cocosulfato de sodio, cocoglucosido, cocoamidopropilbetaina, manteca de cacao (Theobroma Cacao), cera de abeja, alcohol cet\u00edlico, BTMS, \u00e1cido c\u00edtrico, conservador ecol\u00f3gico, aceite esencial de \u00e1rbol de t\u00e9 (Melaleuca alternifolia), aceite org\u00e1nico de hoja de Neem (Azadirachta indica) y\u00a0 neem org\u00e1nico.<\/p>\n<p><strong>Shampoo S\u00f3lido<\/strong><\/p>\n<p>Formulado especialmente para mascotas, con ingredientes 100% biodegradables y amigables con el medio ambiente, sin productos derivados del petr\u00f3leo y no se utiliza agua en su elaboraci\u00f3n.<\/p>\n<p><strong>\u00bfC\u00f3mo funciona?<\/strong><\/p>\n<p>Es una barra de shampoo seco que al entrar en contacto con el agua libera los tensoactivos directamente en el pelaje, solo basta con frotar suavemente en tus manos o en el pelaje h\u00famedo y\u00a0 con la espuma lavar el pelaje de manera habitual.<\/p>\n","protected":false},"excerpt":{"rendered":"<p><strong>Formulas Para Mascotas<\/strong><\/p>\n<p><strong style=\"font-size: 16px;\">Uso recomendado:<\/strong><\/p>\n<p>Barra de shampoo de 90 g elaborada con ingredientes naturales inofensivos para las mascotas, contienen aceites esenciales con acci\u00f3n repelente, que eliminan pulgas, garrapatas, chinches y \u00e1caros de la piel y\/o el pelaje, adem\u00e1s deja un olor delicioso limpio y fresco.<\/p>\n<p>Elaborado con manteca de cacao y aceite de arg\u00e1n que nutren el pelaje e hidratan la piel de nuestras mascotas, tambi\u00e9n cuidamos que tengan el pH ideal para mantener saludable su pelaje y no da\u00f1e sus ojos.<\/p>\n","protected":false},"featured_media":1229,"template":"","meta":{"site-sidebar-layout":"default","site-content-layout":"default","ast-site-content-layout":"default","site-content-style":"default","site-sidebar-style":"default","ast-global-header-display":"","ast-banner-title-visibility":"","ast-main-header-display":"","ast-hfb-above-header-display":"","ast-hfb-below-header-display":"","ast-hfb-mobile-header-display":"","site-post-title":"","ast-breadcrumbs-content":"","ast-featured-img":"","footer-sml-layout":"","theme-transparent-header-meta":"default","adv-header-id-meta":"","stick-header-meta":"","header-above-stick-meta":"","header-main-stick-meta":"","header-below-stick-meta":"","astra-migrate-meta-layouts":"default","ast-page-background-enabled":"default","ast-page-background-meta":{"desktop":{"background-color":"","background-image":"","background-repeat":"repeat","background-position":"center center","background-size":"auto","background-attachment":"scroll","background-type":"","background-media":"","overlay-type":"","overlay-color":"","overlay-opacity":"","overlay-gradient":""},"tablet":{"background-color":"","background-image":"","background-repeat":"repeat","background-position":"center center","background-size":"auto","background-attachment":"scroll","background-type":"","background-media":"","overlay-type":"","overlay-color":"","overlay-opacity":"","overlay-gradient":""},"mobile":{"background-color":"","background-image":"","background-repeat":"repeat","background-position":"center center","background-size":"auto","background-attachment":"scroll","background-type":"","background-media":"","overlay-type":"","overlay-color":"","overlay-opacity":"","overlay-gradient":""}},"ast-content-background-meta":{"desktop":{"background-color":"var(--ast-global-color-5)","background-image":"","background-repeat":"repeat","background-position":"center center","background-size":"auto","background-attachment":"scroll","background-type":"","background-media":"","overlay-type":"","overlay-color":"","overlay-opacity":"","overlay-gradient":""},"tablet":{"background-color":"var(--ast-global-color-5)","background-image":"","background-repeat":"repeat","background-position":"center center","background-size":"auto","background-attachment":"scroll","background-type":"","background-media":"","overlay-type":"","overlay-color":"","overlay-opacity":"","overlay-gradient":""},"mobile":{"background-color":"var(--ast-global-color-5)","background-image":"","background-repeat":"repeat","background-position":"center center","background-size":"auto","background-attachment":"scroll","background-type":"","background-media":"","overlay-type":"","overlay-color":"","overlay-opacity":"","overlay-gradient":""}},"jetpack_post_was_ever_published":false},"product_brand":[],"product_cat":[29],"product_tag":[],"class_list":{"0":"post-1174","1":"product","2":"type-product","3":"status-publish","4":"has-post-thumbnail","6":"product_cat-mascotas","7":"desktop-align-left","8":"tablet-align-left","9":"mobile-align-left","11":"first","12":"instock","13":"shipping-taxable","14":"purchasable","15":"product-type-simple"},"yoast_head":"<!-- This site is optimized with the Yoast SEO plugin v25.5 - https:\/\/yoast.com\/wordpress\/plugins\/seo\/ -->\n<title>Shampoo S\u00f3lido de Neem y \u00c1rbol de T\u00e9 &#187; Ammartesano<\/title>\n<meta name=\"robots\" content=\"index, follow, max-snippet:-1, max-image-preview:large, max-video-preview:-1\" \/>\n<link rel=\"canonical\" href=\"https:\/\/ammar-te.online\/index.php\/product\/shampoo-de-neem-y-arbol-de-te\/\" \/>\n<meta property=\"og:locale\" content=\"es_MX\" \/>\n<meta property=\"og:type\" content=\"article\" \/>\n<meta property=\"og:title\" content=\"Shampoo S\u00f3lido de Neem y \u00c1rbol de T\u00e9 &#187; Ammartesano\" \/>\n<meta property=\"og:description\" content=\"Formulas Para Mascotas  Uso recomendado:  Barra de shampoo de 90 g elaborada con ingredientes naturales inofensivos para las mascotas, contienen aceites esenciales con acci\u00f3n repelente, que eliminan pulgas, garrapatas, chinches y \u00e1caros de la piel y\/o el pelaje, adem\u00e1s deja un olor delicioso limpio y fresco.  Elaborado con manteca de cacao y aceite de arg\u00e1n que nutren el pelaje e hidratan la piel de nuestras mascotas, tambi\u00e9n cuidamos que tengan el pH ideal para mantener saludable su pelaje y no da\u00f1e sus ojos.\" \/>\n<meta property=\"og:url\" content=\"https:\/\/ammar-te.online\/index.php\/product\/shampoo-de-neem-y-arbol-de-te\/\" \/>\n<meta property=\"og:site_name\" content=\"Ammartesano\" \/>\n<meta property=\"article:publisher\" content=\"https:\/\/www.facebook.com\/AmmartesanoCosmeticaNatural\" \/>\n<meta property=\"article:modified_time\" content=\"2026-02-10T05:19:06+00:00\" \/>\n<meta property=\"og:image\" content=\"https:\/\/ammar-te.online\/wp-content\/uploads\/2020\/09\/mascotas.jpg\" \/>\n\t<meta property=\"og:image:width\" content=\"1500\" \/>\n\t<meta property=\"og:image:height\" content=\"1500\" \/>\n\t<meta property=\"og:image:type\" content=\"image\/jpeg\" \/>\n<meta name=\"twitter:card\" content=\"summary_large_image\" \/>\n<meta name=\"twitter:label1\" content=\"Tiempo de lectura\" \/>\n\t<meta name=\"twitter:data1\" content=\"1 minuto\" \/>\n<script type=\"application\/ld+json\" class=\"yoast-schema-graph\">{\"@context\":\"https:\/\/schema.org\",\"@graph\":[{\"@type\":\"WebPage\",\"@id\":\"https:\/\/ammar-te.online\/index.php\/product\/shampoo-de-neem-y-arbol-de-te\/\",\"url\":\"https:\/\/ammar-te.online\/index.php\/product\/shampoo-de-neem-y-arbol-de-te\/\",\"name\":\"Shampoo S\u00f3lido de Neem y \u00c1rbol de T\u00e9 &#187; Ammartesano\",\"isPartOf\":{\"@id\":\"https:\/\/ammar-te.online\/#website\"},\"primaryImageOfPage\":{\"@id\":\"https:\/\/ammar-te.online\/index.php\/product\/shampoo-de-neem-y-arbol-de-te\/#primaryimage\"},\"image\":{\"@id\":\"https:\/\/ammar-te.online\/index.php\/product\/shampoo-de-neem-y-arbol-de-te\/#primaryimage\"},\"thumbnailUrl\":\"https:\/\/i0.wp.com\/ammar-te.online\/wp-content\/uploads\/2020\/09\/mascotas.jpg?fit=1500%2C1500&ssl=1\",\"datePublished\":\"2020-09-08T02:06:52+00:00\",\"dateModified\":\"2026-02-10T05:19:06+00:00\",\"breadcrumb\":{\"@id\":\"https:\/\/ammar-te.online\/index.php\/product\/shampoo-de-neem-y-arbol-de-te\/#breadcrumb\"},\"inLanguage\":\"es\",\"potentialAction\":[{\"@type\":\"ReadAction\",\"target\":[\"https:\/\/ammar-te.online\/index.php\/product\/shampoo-de-neem-y-arbol-de-te\/\"]}]},{\"@type\":\"ImageObject\",\"inLanguage\":\"es\",\"@id\":\"https:\/\/ammar-te.online\/index.php\/product\/shampoo-de-neem-y-arbol-de-te\/#primaryimage\",\"url\":\"https:\/\/i0.wp.com\/ammar-te.online\/wp-content\/uploads\/2020\/09\/mascotas.jpg?fit=1500%2C1500&ssl=1\",\"contentUrl\":\"https:\/\/i0.wp.com\/ammar-te.online\/wp-content\/uploads\/2020\/09\/mascotas.jpg?fit=1500%2C1500&ssl=1\",\"width\":1500,\"height\":1500},{\"@type\":\"BreadcrumbList\",\"@id\":\"https:\/\/ammar-te.online\/index.php\/product\/shampoo-de-neem-y-arbol-de-te\/#breadcrumb\",\"itemListElement\":[{\"@type\":\"ListItem\",\"position\":1,\"name\":\"Inicio\",\"item\":\"https:\/\/ammar-te.online\/\"},{\"@type\":\"ListItem\",\"position\":2,\"name\":\"Tienda\",\"item\":\"https:\/\/ammar-te.online\/index.php\/tienda\/\"},{\"@type\":\"ListItem\",\"position\":3,\"name\":\"Shampoo S\u00f3lido de Neem y \u00c1rbol de T\u00e9\"}]},{\"@type\":\"WebSite\",\"@id\":\"https:\/\/ammar-te.online\/#website\",\"url\":\"https:\/\/ammar-te.online\/\",\"name\":\"Ammar-te Sano\",\"description\":\"Cosm\u00e9tica Natural &amp; Cient\u00edfica\",\"publisher\":{\"@id\":\"https:\/\/ammar-te.online\/#organization\"},\"potentialAction\":[{\"@type\":\"SearchAction\",\"target\":{\"@type\":\"EntryPoint\",\"urlTemplate\":\"https:\/\/ammar-te.online\/?s={search_term_string}\"},\"query-input\":{\"@type\":\"PropertyValueSpecification\",\"valueRequired\":true,\"valueName\":\"search_term_string\"}}],\"inLanguage\":\"es\"},{\"@type\":\"Organization\",\"@id\":\"https:\/\/ammar-te.online\/#organization\",\"name\":\"Ammar-te Sano\",\"url\":\"https:\/\/ammar-te.online\/\",\"logo\":{\"@type\":\"ImageObject\",\"inLanguage\":\"es\",\"@id\":\"https:\/\/ammar-te.online\/#\/schema\/logo\/image\/\",\"url\":\"https:\/\/ammar-te.online\/wp-content\/uploads\/2020\/10\/img-deafult.jpg\",\"contentUrl\":\"https:\/\/ammar-te.online\/wp-content\/uploads\/2020\/10\/img-deafult.jpg\",\"width\":1500,\"height\":1500,\"caption\":\"Ammar-te Sano\"},\"image\":{\"@id\":\"https:\/\/ammar-te.online\/#\/schema\/logo\/image\/\"},\"sameAs\":[\"https:\/\/www.facebook.com\/AmmartesanoCosmeticaNatural\",\"https:\/\/www.instagram.com\/ammartesano\/\"]}]}<\/script>\n<!-- \/ Yoast SEO plugin. -->","yoast_head_json":{"title":"Shampoo S\u00f3lido de Neem y \u00c1rbol de T\u00e9 &#187; Ammartesano","robots":{"index":"index","follow":"follow","max-snippet":"max-snippet:-1","max-image-preview":"max-image-preview:large","max-video-preview":"max-video-preview:-1"},"canonical":"https:\/\/ammar-te.online\/index.php\/product\/shampoo-de-neem-y-arbol-de-te\/","og_locale":"es_MX","og_type":"article","og_title":"Shampoo S\u00f3lido de Neem y \u00c1rbol de T\u00e9 &#187; Ammartesano","og_description":"Formulas Para Mascotas  Uso recomendado:  Barra de shampoo de 90 g elaborada con ingredientes naturales inofensivos para las mascotas, contienen aceites esenciales con acci\u00f3n repelente, que eliminan pulgas, garrapatas, chinches y \u00e1caros de la piel y\/o el pelaje, adem\u00e1s deja un olor delicioso limpio y fresco.  Elaborado con manteca de cacao y aceite de arg\u00e1n que nutren el pelaje e hidratan la piel de nuestras mascotas, tambi\u00e9n cuidamos que tengan el pH ideal para mantener saludable su pelaje y no da\u00f1e sus ojos.","og_url":"https:\/\/ammar-te.online\/index.php\/product\/shampoo-de-neem-y-arbol-de-te\/","og_site_name":"Ammartesano","article_publisher":"https:\/\/www.facebook.com\/AmmartesanoCosmeticaNatural","article_modified_time":"2026-02-10T05:19:06+00:00","og_image":[{"width":1500,"height":1500,"url":"https:\/\/ammar-te.online\/wp-content\/uploads\/2020\/09\/mascotas.jpg","type":"image\/jpeg"}],"twitter_card":"summary_large_image","twitter_misc":{"Tiempo de lectura":"1 minuto"},"schema":{"@context":"https:\/\/schema.org","@graph":[{"@type":"WebPage","@id":"https:\/\/ammar-te.online\/index.php\/product\/shampoo-de-neem-y-arbol-de-te\/","url":"https:\/\/ammar-te.online\/index.php\/product\/shampoo-de-neem-y-arbol-de-te\/","name":"Shampoo S\u00f3lido de Neem y \u00c1rbol de T\u00e9 &#187; Ammartesano","isPartOf":{"@id":"https:\/\/ammar-te.online\/#website"},"primaryImageOfPage":{"@id":"https:\/\/ammar-te.online\/index.php\/product\/shampoo-de-neem-y-arbol-de-te\/#primaryimage"},"image":{"@id":"https:\/\/ammar-te.online\/index.php\/product\/shampoo-de-neem-y-arbol-de-te\/#primaryimage"},"thumbnailUrl":"https:\/\/i0.wp.com\/ammar-te.online\/wp-content\/uploads\/2020\/09\/mascotas.jpg?fit=1500%2C1500&ssl=1","datePublished":"2020-09-08T02:06:52+00:00","dateModified":"2026-02-10T05:19:06+00:00","breadcrumb":{"@id":"https:\/\/ammar-te.online\/index.php\/product\/shampoo-de-neem-y-arbol-de-te\/#breadcrumb"},"inLanguage":"es","potentialAction":[{"@type":"ReadAction","target":["https:\/\/ammar-te.online\/index.php\/product\/shampoo-de-neem-y-arbol-de-te\/"]}]},{"@type":"ImageObject","inLanguage":"es","@id":"https:\/\/ammar-te.online\/index.php\/product\/shampoo-de-neem-y-arbol-de-te\/#primaryimage","url":"https:\/\/i0.wp.com\/ammar-te.online\/wp-content\/uploads\/2020\/09\/mascotas.jpg?fit=1500%2C1500&ssl=1","contentUrl":"https:\/\/i0.wp.com\/ammar-te.online\/wp-content\/uploads\/2020\/09\/mascotas.jpg?fit=1500%2C1500&ssl=1","width":1500,"height":1500},{"@type":"BreadcrumbList","@id":"https:\/\/ammar-te.online\/index.php\/product\/shampoo-de-neem-y-arbol-de-te\/#breadcrumb","itemListElement":[{"@type":"ListItem","position":1,"name":"Inicio","item":"https:\/\/ammar-te.online\/"},{"@type":"ListItem","position":2,"name":"Tienda","item":"https:\/\/ammar-te.online\/index.php\/tienda\/"},{"@type":"ListItem","position":3,"name":"Shampoo S\u00f3lido de Neem y \u00c1rbol de T\u00e9"}]},{"@type":"WebSite","@id":"https:\/\/ammar-te.online\/#website","url":"https:\/\/ammar-te.online\/","name":"Ammar-te Sano","description":"Cosm\u00e9tica Natural &amp; Cient\u00edfica","publisher":{"@id":"https:\/\/ammar-te.online\/#organization"},"potentialAction":[{"@type":"SearchAction","target":{"@type":"EntryPoint","urlTemplate":"https:\/\/ammar-te.online\/?s={search_term_string}"},"query-input":{"@type":"PropertyValueSpecification","valueRequired":true,"valueName":"search_term_string"}}],"inLanguage":"es"},{"@type":"Organization","@id":"https:\/\/ammar-te.online\/#organization","name":"Ammar-te Sano","url":"https:\/\/ammar-te.online\/","logo":{"@type":"ImageObject","inLanguage":"es","@id":"https:\/\/ammar-te.online\/#\/schema\/logo\/image\/","url":"https:\/\/ammar-te.online\/wp-content\/uploads\/2020\/10\/img-deafult.jpg","contentUrl":"https:\/\/ammar-te.online\/wp-content\/uploads\/2020\/10\/img-deafult.jpg","width":1500,"height":1500,"caption":"Ammar-te Sano"},"image":{"@id":"https:\/\/ammar-te.online\/#\/schema\/logo\/image\/"},"sameAs":["https:\/\/www.facebook.com\/AmmartesanoCosmeticaNatural","https:\/\/www.instagram.com\/ammartesano\/"]}]}},"jetpack-related-posts":[],"jetpack_sharing_enabled":true,"tiered_pricing_type":"fixed","tiered_pricing_fixed_rules":[],"tiered_pricing_product_settings":{"layout":"default","base_unit_name":{"singular":null,"plural":null},"default_variation":null},"tiered_pricing_minimum_quantity":null,"tiered_pricing_roles_data":[],"tiered_pricing_percentage_rules":[],"_links":{"self":[{"href":"https:\/\/ammar-te.online\/index.php\/wp-json\/wp\/v2\/product\/1174","targetHints":{"allow":["GET"]}}],"collection":[{"href":"https:\/\/ammar-te.online\/index.php\/wp-json\/wp\/v2\/product"}],"about":[{"href":"https:\/\/ammar-te.online\/index.php\/wp-json\/wp\/v2\/types\/product"}],"wp:featuredmedia":[{"embeddable":true,"href":"https:\/\/ammar-te.online\/index.php\/wp-json\/wp\/v2\/media\/1229"}],"wp:attachment":[{"href":"https:\/\/ammar-te.online\/index.php\/wp-json\/wp\/v2\/media?parent=1174"}],"wp:term":[{"taxonomy":"product_brand","embeddable":true,"href":"https:\/\/ammar-te.online\/index.php\/wp-json\/wp\/v2\/product_brand?post=1174"},{"taxonomy":"product_cat","embeddable":true,"href":"https:\/\/ammar-te.online\/index.php\/wp-json\/wp\/v2\/product_cat?post=1174"},{"taxonomy":"product_tag","embeddable":true,"href":"https:\/\/ammar-te.online\/index.php\/wp-json\/wp\/v2\/product_tag?post=1174"}],"curies":[{"name":"wp","href":"https:\/\/api.w.org\/{rel}","templated":true}]}}