{"id":1169,"date":"2020-09-08T02:02:20","date_gmt":"2020-09-08T02:02:20","guid":{"rendered":"https:\/\/ammar-te.online\/?post_type=product&#038;p=1169"},"modified":"2026-02-10T05:17:34","modified_gmt":"2026-02-10T05:17:34","slug":"shampoo-de-arbol-de-te","status":"publish","type":"product","link":"https:\/\/ammar-te.online\/index.php\/product\/shampoo-de-arbol-de-te\/","title":{"rendered":"Shampoo de \u00c1rbol de T\u00e9"},"content":{"rendered":"<p><strong>Ingredientes: <\/strong><\/p>\n<p>Cocoil isetionato de sodio, cocosulfato de sodio, cocoglucosido, cocoamidopropilbetaina, manteca de Karit\u00e9 (<em>Butyrospermum parkii<\/em>), cera de abeja, alcohol cet\u00edlico, BTMS, acido c\u00edtrico, conservador ecol\u00f3gico, aceite esencial de \u00e1rbol de t\u00e9 (<em>Melaleuca alternifolia<\/em>) y moringa (<em>Moringa ole\u00edfera<\/em>).<\/p>\n<p><strong>Shampoo S\u00f3lido<\/strong><\/p>\n<p>Formulada especialmente para el cabello, con ingredientes 100% biodegradables y amigables con el medio ambiente, sin productos derivados del petr\u00f3leo y no se utiliza agua en su elaboraci\u00f3n.<\/p>\n<p><strong>\u00bfC\u00f3mo funciona? <\/strong><\/p>\n<p>Es una barra de shampoo seco que al entrar en contacto con el agua libera los tensoactivos directamente en el cabello, solo basta con frotar suavemente en tus manos o en el cabello h\u00famedo y\u00a0 con la espuma lavar el cabello de manera habitual.<\/p>\n<p><strong>\u00bfCuanto tiempo dura?<\/strong><\/p>\n<p>La barra de 90 g dura 80 lavadas en cabello mediamente largo.<\/p>\n","protected":false},"excerpt":{"rendered":"<p>Formulas Funcionales Adicionados con aceites esenciales terap\u00e9uticos<\/p>\n<p><strong>Uso recomendado: <\/strong><\/p>\n<p>Cabello seco, delgado y\/o con infecciones del cuero cabelludo: El \u00e1rbol de t\u00e9 posee efecto antibacteriano y antif\u00fangico es ideal para tratar caspa, piojos, liendres, psoriasis, aumentar el grosor del cabello y mantener una cabellera saludable.<\/p>\n","protected":false},"featured_media":2217,"template":"","meta":{"site-sidebar-layout":"default","site-content-layout":"default","ast-site-content-layout":"default","site-content-style":"default","site-sidebar-style":"default","ast-global-header-display":"","ast-banner-title-visibility":"","ast-main-header-display":"","ast-hfb-above-header-display":"","ast-hfb-below-header-display":"","ast-hfb-mobile-header-display":"","site-post-title":"","ast-breadcrumbs-content":"","ast-featured-img":"","footer-sml-layout":"","theme-transparent-header-meta":"default","adv-header-id-meta":"","stick-header-meta":"","header-above-stick-meta":"","header-main-stick-meta":"","header-below-stick-meta":"","astra-migrate-meta-layouts":"default","ast-page-background-enabled":"default","ast-page-background-meta":{"desktop":{"background-color":"","background-image":"","background-repeat":"repeat","background-position":"center center","background-size":"auto","background-attachment":"scroll","background-type":"","background-media":"","overlay-type":"","overlay-color":"","overlay-opacity":"","overlay-gradient":""},"tablet":{"background-color":"","background-image":"","background-repeat":"repeat","background-position":"center center","background-size":"auto","background-attachment":"scroll","background-type":"","background-media":"","overlay-type":"","overlay-color":"","overlay-opacity":"","overlay-gradient":""},"mobile":{"background-color":"","background-image":"","background-repeat":"repeat","background-position":"center center","background-size":"auto","background-attachment":"scroll","background-type":"","background-media":"","overlay-type":"","overlay-color":"","overlay-opacity":"","overlay-gradient":""}},"ast-content-background-meta":{"desktop":{"background-color":"var(--ast-global-color-5)","background-image":"","background-repeat":"repeat","background-position":"center center","background-size":"auto","background-attachment":"scroll","background-type":"","background-media":"","overlay-type":"","overlay-color":"","overlay-opacity":"","overlay-gradient":""},"tablet":{"background-color":"var(--ast-global-color-5)","background-image":"","background-repeat":"repeat","background-position":"center center","background-size":"auto","background-attachment":"scroll","background-type":"","background-media":"","overlay-type":"","overlay-color":"","overlay-opacity":"","overlay-gradient":""},"mobile":{"background-color":"var(--ast-global-color-5)","background-image":"","background-repeat":"repeat","background-position":"center center","background-size":"auto","background-attachment":"scroll","background-type":"","background-media":"","overlay-type":"","overlay-color":"","overlay-opacity":"","overlay-gradient":""}},"jetpack_post_was_ever_published":false},"product_brand":[],"product_cat":[32,27],"product_tag":[],"class_list":{"0":"post-1169","1":"product","2":"type-product","3":"status-publish","4":"has-post-thumbnail","6":"product_cat-funcionales","7":"product_cat-shampoo","8":"desktop-align-left","9":"tablet-align-left","10":"mobile-align-left","12":"first","13":"instock","14":"shipping-taxable","15":"purchasable","16":"product-type-variable"},"yoast_head":"<!-- This site is optimized with the Yoast SEO plugin v25.5 - https:\/\/yoast.com\/wordpress\/plugins\/seo\/ -->\n<title>Shampoo de \u00c1rbol de T\u00e9 &#187; Ammartesano<\/title>\n<meta name=\"robots\" content=\"index, follow, max-snippet:-1, max-image-preview:large, max-video-preview:-1\" \/>\n<link rel=\"canonical\" href=\"https:\/\/ammar-te.online\/index.php\/product\/shampoo-de-arbol-de-te\/\" \/>\n<meta property=\"og:locale\" content=\"es_MX\" \/>\n<meta property=\"og:type\" content=\"article\" \/>\n<meta property=\"og:title\" content=\"Shampoo de \u00c1rbol de T\u00e9 &#187; Ammartesano\" \/>\n<meta property=\"og:description\" content=\"Formulas Funcionales Adicionados con aceites esenciales terap\u00e9uticos  Uso recomendado:   Cabello seco, delgado y\/o con infecciones del cuero cabelludo: El \u00e1rbol de t\u00e9 posee efecto antibacteriano y antif\u00fangico es ideal para tratar caspa, piojos, liendres, psoriasis, aumentar el grosor del cabello y mantener una cabellera saludable.\" \/>\n<meta property=\"og:url\" content=\"https:\/\/ammar-te.online\/index.php\/product\/shampoo-de-arbol-de-te\/\" \/>\n<meta property=\"og:site_name\" content=\"Ammartesano\" \/>\n<meta property=\"article:publisher\" content=\"https:\/\/www.facebook.com\/AmmartesanoCosmeticaNatural\" \/>\n<meta property=\"article:modified_time\" content=\"2026-02-10T05:17:34+00:00\" \/>\n<meta property=\"og:image\" content=\"https:\/\/ammar-te.online\/wp-content\/uploads\/2020\/09\/WhatsApp-Image-2020-11-09-at-17.01.17-e1605058745385.jpeg\" \/>\n\t<meta property=\"og:image:width\" content=\"960\" \/>\n\t<meta property=\"og:image:height\" content=\"918\" \/>\n\t<meta property=\"og:image:type\" content=\"image\/jpeg\" \/>\n<meta name=\"twitter:card\" content=\"summary_large_image\" \/>\n<meta name=\"twitter:label1\" content=\"Tiempo de lectura\" \/>\n\t<meta name=\"twitter:data1\" content=\"1 minuto\" \/>\n<script type=\"application\/ld+json\" class=\"yoast-schema-graph\">{\"@context\":\"https:\/\/schema.org\",\"@graph\":[{\"@type\":\"WebPage\",\"@id\":\"https:\/\/ammar-te.online\/index.php\/product\/shampoo-de-arbol-de-te\/\",\"url\":\"https:\/\/ammar-te.online\/index.php\/product\/shampoo-de-arbol-de-te\/\",\"name\":\"Shampoo de \u00c1rbol de T\u00e9 &#187; Ammartesano\",\"isPartOf\":{\"@id\":\"https:\/\/ammar-te.online\/#website\"},\"primaryImageOfPage\":{\"@id\":\"https:\/\/ammar-te.online\/index.php\/product\/shampoo-de-arbol-de-te\/#primaryimage\"},\"image\":{\"@id\":\"https:\/\/ammar-te.online\/index.php\/product\/shampoo-de-arbol-de-te\/#primaryimage\"},\"thumbnailUrl\":\"https:\/\/i0.wp.com\/ammar-te.online\/wp-content\/uploads\/2020\/09\/WhatsApp-Image-2020-11-09-at-17.01.17-e1605058745385.jpeg?fit=960%2C918&ssl=1\",\"datePublished\":\"2020-09-08T02:02:20+00:00\",\"dateModified\":\"2026-02-10T05:17:34+00:00\",\"breadcrumb\":{\"@id\":\"https:\/\/ammar-te.online\/index.php\/product\/shampoo-de-arbol-de-te\/#breadcrumb\"},\"inLanguage\":\"es\",\"potentialAction\":[{\"@type\":\"ReadAction\",\"target\":[\"https:\/\/ammar-te.online\/index.php\/product\/shampoo-de-arbol-de-te\/\"]}]},{\"@type\":\"ImageObject\",\"inLanguage\":\"es\",\"@id\":\"https:\/\/ammar-te.online\/index.php\/product\/shampoo-de-arbol-de-te\/#primaryimage\",\"url\":\"https:\/\/i0.wp.com\/ammar-te.online\/wp-content\/uploads\/2020\/09\/WhatsApp-Image-2020-11-09-at-17.01.17-e1605058745385.jpeg?fit=960%2C918&ssl=1\",\"contentUrl\":\"https:\/\/i0.wp.com\/ammar-te.online\/wp-content\/uploads\/2020\/09\/WhatsApp-Image-2020-11-09-at-17.01.17-e1605058745385.jpeg?fit=960%2C918&ssl=1\",\"width\":960,\"height\":918},{\"@type\":\"BreadcrumbList\",\"@id\":\"https:\/\/ammar-te.online\/index.php\/product\/shampoo-de-arbol-de-te\/#breadcrumb\",\"itemListElement\":[{\"@type\":\"ListItem\",\"position\":1,\"name\":\"Inicio\",\"item\":\"https:\/\/ammar-te.online\/\"},{\"@type\":\"ListItem\",\"position\":2,\"name\":\"Tienda\",\"item\":\"https:\/\/ammar-te.online\/index.php\/tienda\/\"},{\"@type\":\"ListItem\",\"position\":3,\"name\":\"Shampoo de \u00c1rbol de T\u00e9\"}]},{\"@type\":\"WebSite\",\"@id\":\"https:\/\/ammar-te.online\/#website\",\"url\":\"https:\/\/ammar-te.online\/\",\"name\":\"Ammar-te Sano\",\"description\":\"Cosm\u00e9tica Natural &amp; Cient\u00edfica\",\"publisher\":{\"@id\":\"https:\/\/ammar-te.online\/#organization\"},\"potentialAction\":[{\"@type\":\"SearchAction\",\"target\":{\"@type\":\"EntryPoint\",\"urlTemplate\":\"https:\/\/ammar-te.online\/?s={search_term_string}\"},\"query-input\":{\"@type\":\"PropertyValueSpecification\",\"valueRequired\":true,\"valueName\":\"search_term_string\"}}],\"inLanguage\":\"es\"},{\"@type\":\"Organization\",\"@id\":\"https:\/\/ammar-te.online\/#organization\",\"name\":\"Ammar-te Sano\",\"url\":\"https:\/\/ammar-te.online\/\",\"logo\":{\"@type\":\"ImageObject\",\"inLanguage\":\"es\",\"@id\":\"https:\/\/ammar-te.online\/#\/schema\/logo\/image\/\",\"url\":\"https:\/\/ammar-te.online\/wp-content\/uploads\/2020\/10\/img-deafult.jpg\",\"contentUrl\":\"https:\/\/ammar-te.online\/wp-content\/uploads\/2020\/10\/img-deafult.jpg\",\"width\":1500,\"height\":1500,\"caption\":\"Ammar-te Sano\"},\"image\":{\"@id\":\"https:\/\/ammar-te.online\/#\/schema\/logo\/image\/\"},\"sameAs\":[\"https:\/\/www.facebook.com\/AmmartesanoCosmeticaNatural\",\"https:\/\/www.instagram.com\/ammartesano\/\"]}]}<\/script>\n<!-- \/ Yoast SEO plugin. -->","yoast_head_json":{"title":"Shampoo de \u00c1rbol de T\u00e9 &#187; Ammartesano","robots":{"index":"index","follow":"follow","max-snippet":"max-snippet:-1","max-image-preview":"max-image-preview:large","max-video-preview":"max-video-preview:-1"},"canonical":"https:\/\/ammar-te.online\/index.php\/product\/shampoo-de-arbol-de-te\/","og_locale":"es_MX","og_type":"article","og_title":"Shampoo de \u00c1rbol de T\u00e9 &#187; Ammartesano","og_description":"Formulas Funcionales Adicionados con aceites esenciales terap\u00e9uticos  Uso recomendado:   Cabello seco, delgado y\/o con infecciones del cuero cabelludo: El \u00e1rbol de t\u00e9 posee efecto antibacteriano y antif\u00fangico es ideal para tratar caspa, piojos, liendres, psoriasis, aumentar el grosor del cabello y mantener una cabellera saludable.","og_url":"https:\/\/ammar-te.online\/index.php\/product\/shampoo-de-arbol-de-te\/","og_site_name":"Ammartesano","article_publisher":"https:\/\/www.facebook.com\/AmmartesanoCosmeticaNatural","article_modified_time":"2026-02-10T05:17:34+00:00","og_image":[{"width":960,"height":918,"url":"https:\/\/ammar-te.online\/wp-content\/uploads\/2020\/09\/WhatsApp-Image-2020-11-09-at-17.01.17-e1605058745385.jpeg","type":"image\/jpeg"}],"twitter_card":"summary_large_image","twitter_misc":{"Tiempo de lectura":"1 minuto"},"schema":{"@context":"https:\/\/schema.org","@graph":[{"@type":"WebPage","@id":"https:\/\/ammar-te.online\/index.php\/product\/shampoo-de-arbol-de-te\/","url":"https:\/\/ammar-te.online\/index.php\/product\/shampoo-de-arbol-de-te\/","name":"Shampoo de \u00c1rbol de T\u00e9 &#187; Ammartesano","isPartOf":{"@id":"https:\/\/ammar-te.online\/#website"},"primaryImageOfPage":{"@id":"https:\/\/ammar-te.online\/index.php\/product\/shampoo-de-arbol-de-te\/#primaryimage"},"image":{"@id":"https:\/\/ammar-te.online\/index.php\/product\/shampoo-de-arbol-de-te\/#primaryimage"},"thumbnailUrl":"https:\/\/i0.wp.com\/ammar-te.online\/wp-content\/uploads\/2020\/09\/WhatsApp-Image-2020-11-09-at-17.01.17-e1605058745385.jpeg?fit=960%2C918&ssl=1","datePublished":"2020-09-08T02:02:20+00:00","dateModified":"2026-02-10T05:17:34+00:00","breadcrumb":{"@id":"https:\/\/ammar-te.online\/index.php\/product\/shampoo-de-arbol-de-te\/#breadcrumb"},"inLanguage":"es","potentialAction":[{"@type":"ReadAction","target":["https:\/\/ammar-te.online\/index.php\/product\/shampoo-de-arbol-de-te\/"]}]},{"@type":"ImageObject","inLanguage":"es","@id":"https:\/\/ammar-te.online\/index.php\/product\/shampoo-de-arbol-de-te\/#primaryimage","url":"https:\/\/i0.wp.com\/ammar-te.online\/wp-content\/uploads\/2020\/09\/WhatsApp-Image-2020-11-09-at-17.01.17-e1605058745385.jpeg?fit=960%2C918&ssl=1","contentUrl":"https:\/\/i0.wp.com\/ammar-te.online\/wp-content\/uploads\/2020\/09\/WhatsApp-Image-2020-11-09-at-17.01.17-e1605058745385.jpeg?fit=960%2C918&ssl=1","width":960,"height":918},{"@type":"BreadcrumbList","@id":"https:\/\/ammar-te.online\/index.php\/product\/shampoo-de-arbol-de-te\/#breadcrumb","itemListElement":[{"@type":"ListItem","position":1,"name":"Inicio","item":"https:\/\/ammar-te.online\/"},{"@type":"ListItem","position":2,"name":"Tienda","item":"https:\/\/ammar-te.online\/index.php\/tienda\/"},{"@type":"ListItem","position":3,"name":"Shampoo de \u00c1rbol de T\u00e9"}]},{"@type":"WebSite","@id":"https:\/\/ammar-te.online\/#website","url":"https:\/\/ammar-te.online\/","name":"Ammar-te Sano","description":"Cosm\u00e9tica Natural &amp; Cient\u00edfica","publisher":{"@id":"https:\/\/ammar-te.online\/#organization"},"potentialAction":[{"@type":"SearchAction","target":{"@type":"EntryPoint","urlTemplate":"https:\/\/ammar-te.online\/?s={search_term_string}"},"query-input":{"@type":"PropertyValueSpecification","valueRequired":true,"valueName":"search_term_string"}}],"inLanguage":"es"},{"@type":"Organization","@id":"https:\/\/ammar-te.online\/#organization","name":"Ammar-te Sano","url":"https:\/\/ammar-te.online\/","logo":{"@type":"ImageObject","inLanguage":"es","@id":"https:\/\/ammar-te.online\/#\/schema\/logo\/image\/","url":"https:\/\/ammar-te.online\/wp-content\/uploads\/2020\/10\/img-deafult.jpg","contentUrl":"https:\/\/ammar-te.online\/wp-content\/uploads\/2020\/10\/img-deafult.jpg","width":1500,"height":1500,"caption":"Ammar-te Sano"},"image":{"@id":"https:\/\/ammar-te.online\/#\/schema\/logo\/image\/"},"sameAs":["https:\/\/www.facebook.com\/AmmartesanoCosmeticaNatural","https:\/\/www.instagram.com\/ammartesano\/"]}]}},"jetpack-related-posts":[],"jetpack_sharing_enabled":true,"tiered_pricing_type":"fixed","tiered_pricing_fixed_rules":[],"tiered_pricing_product_settings":{"layout":"default","base_unit_name":{"singular":null,"plural":null},"default_variation":null},"tiered_pricing_minimum_quantity":null,"tiered_pricing_roles_data":[],"tiered_pricing_percentage_rules":[],"_links":{"self":[{"href":"https:\/\/ammar-te.online\/index.php\/wp-json\/wp\/v2\/product\/1169","targetHints":{"allow":["GET"]}}],"collection":[{"href":"https:\/\/ammar-te.online\/index.php\/wp-json\/wp\/v2\/product"}],"about":[{"href":"https:\/\/ammar-te.online\/index.php\/wp-json\/wp\/v2\/types\/product"}],"wp:featuredmedia":[{"embeddable":true,"href":"https:\/\/ammar-te.online\/index.php\/wp-json\/wp\/v2\/media\/2217"}],"wp:attachment":[{"href":"https:\/\/ammar-te.online\/index.php\/wp-json\/wp\/v2\/media?parent=1169"}],"wp:term":[{"taxonomy":"product_brand","embeddable":true,"href":"https:\/\/ammar-te.online\/index.php\/wp-json\/wp\/v2\/product_brand?post=1169"},{"taxonomy":"product_cat","embeddable":true,"href":"https:\/\/ammar-te.online\/index.php\/wp-json\/wp\/v2\/product_cat?post=1169"},{"taxonomy":"product_tag","embeddable":true,"href":"https:\/\/ammar-te.online\/index.php\/wp-json\/wp\/v2\/product_tag?post=1169"}],"curies":[{"name":"wp","href":"https:\/\/api.w.org\/{rel}","templated":true}]}}