{"id":1156,"date":"2020-09-08T01:46:57","date_gmt":"2020-09-08T01:46:57","guid":{"rendered":"https:\/\/ammar-te.online\/?post_type=product&#038;p=1156"},"modified":"2023-07-11T02:01:10","modified_gmt":"2023-07-11T02:01:10","slug":"arcilla-amarilla-y-manzanilla","status":"publish","type":"product","link":"https:\/\/ammar-te.online\/index.php\/product\/arcilla-amarilla-y-manzanilla\/","title":{"rendered":"Arcilla Amarilla y Manzanilla"},"content":{"rendered":"<p>Las arcillas son tierras con un tama\u00f1o fin\u00edsimo procedentes de la erosi\u00f3n de rocas ricas en el mineral feldespato (Silicato de Aluminio), como lo es el granito, se produce a causa de la descomposici\u00f3n de las rocas\u00a0madre que son cristalizadas, por lo tanto posee grandes cantidades de minerales que son aprovechados en cosm\u00e9tica natural.<\/p>\n<p><strong>Recomendaciones: <\/strong><\/p>\n<ul>\n<li>Puedes utilizar como diluentes agua mineral, t\u00e9 de manzanilla o agua de rosas para piel mixta-grasa, y aceite de almendras, coco, o aceite de oliva en seca-normal.<\/li>\n<li>Evita utilizar utensilios met\u00e1licos cuando la prepares.<\/li>\n<li>Evita exceder de 30 min de aplicaci\u00f3n.<\/li>\n<li>Retira con agua y el excedente con un algod\u00f3n h\u00famedo.<\/li>\n<\/ul>\n<p>Aplica crema humectante o serum facial despu\u00e9s de su uso.<\/p>\n","protected":false},"excerpt":{"rendered":"<p><strong>Tipo de Piel:<\/strong> Piel Normal<\/p>\n<p>La arcilla amarilla es rica en hierro y potasio tiene gran concentraci\u00f3n de oligoelementos. Esta potent\u00edsima mezcla de propiedades convierte a este tipo de arcilla en un maravilloso remedio natural para combatir problemas \u00f3seos y fatiga.<\/p>\n<p><strong>Propiedades:<\/strong><\/p>\n<ol>\n<li>S\u00ed tienes problemas \u00f3seos prepara una \u201cmascarillas corporales\u201d y aplica donde lo necesites: piernas, tobillos\u2026 etc. Recuerda no utilizar ning\u00fan instrumento de metal.<\/li>\n<li>Es cicatrizante, puedes combinar mascarillas de arcilla amarilla con rosa mosqueta por las noches.<\/li>\n<li>Alivia el picor de insectos de inmediato.<\/li>\n<li>Fortalece el cabello.<\/li>\n<li>Calma comez\u00f3n relacionados con herpes y eczemas\/dermatitis.<\/li>\n<li>La arcilla amarilla elimina toxinas y oxigena la piel cerrando los poros y absorbiendo las impurezas m\u00e1s finas y dif\u00edciles de \u201catrapar\u201d.<\/li>\n<li>Combate la celulitis.<\/li>\n<li>Aumenta la elasticidad de piel y combate los signos del envejecimiento.<\/li>\n<\/ol>\n<p><strong>100g<\/strong><\/p>\n","protected":false},"featured_media":6162,"template":"","meta":{"site-sidebar-layout":"default","site-content-layout":"default","ast-site-content-layout":"default","site-content-style":"default","site-sidebar-style":"default","ast-global-header-display":"","ast-banner-title-visibility":"","ast-main-header-display":"","ast-hfb-above-header-display":"","ast-hfb-below-header-display":"","ast-hfb-mobile-header-display":"","site-post-title":"","ast-breadcrumbs-content":"","ast-featured-img":"","footer-sml-layout":"","theme-transparent-header-meta":"default","adv-header-id-meta":"","stick-header-meta":"","header-above-stick-meta":"","header-main-stick-meta":"","header-below-stick-meta":"","astra-migrate-meta-layouts":"default","ast-page-background-enabled":"default","ast-page-background-meta":{"desktop":{"background-color":"","background-image":"","background-repeat":"repeat","background-position":"center center","background-size":"auto","background-attachment":"scroll","background-type":"","background-media":"","overlay-type":"","overlay-color":"","overlay-opacity":"","overlay-gradient":""},"tablet":{"background-color":"","background-image":"","background-repeat":"repeat","background-position":"center center","background-size":"auto","background-attachment":"scroll","background-type":"","background-media":"","overlay-type":"","overlay-color":"","overlay-opacity":"","overlay-gradient":""},"mobile":{"background-color":"","background-image":"","background-repeat":"repeat","background-position":"center center","background-size":"auto","background-attachment":"scroll","background-type":"","background-media":"","overlay-type":"","overlay-color":"","overlay-opacity":"","overlay-gradient":""}},"ast-content-background-meta":{"desktop":{"background-color":"var(--ast-global-color-5)","background-image":"","background-repeat":"repeat","background-position":"center center","background-size":"auto","background-attachment":"scroll","background-type":"","background-media":"","overlay-type":"","overlay-color":"","overlay-opacity":"","overlay-gradient":""},"tablet":{"background-color":"var(--ast-global-color-5)","background-image":"","background-repeat":"repeat","background-position":"center center","background-size":"auto","background-attachment":"scroll","background-type":"","background-media":"","overlay-type":"","overlay-color":"","overlay-opacity":"","overlay-gradient":""},"mobile":{"background-color":"var(--ast-global-color-5)","background-image":"","background-repeat":"repeat","background-position":"center center","background-size":"auto","background-attachment":"scroll","background-type":"","background-media":"","overlay-type":"","overlay-color":"","overlay-opacity":"","overlay-gradient":""}},"jetpack_post_was_ever_published":false},"product_brand":[],"product_cat":[25],"product_tag":[],"class_list":{"0":"post-1156","1":"product","2":"type-product","3":"status-publish","4":"has-post-thumbnail","6":"product_cat-mascarillas","7":"desktop-align-left","8":"tablet-align-left","9":"mobile-align-left","11":"first","12":"instock","13":"shipping-taxable","14":"purchasable","15":"product-type-simple"},"yoast_head":"<!-- This site is optimized with the Yoast SEO plugin v25.5 - https:\/\/yoast.com\/wordpress\/plugins\/seo\/ -->\n<title>Arcilla Amarilla y Manzanilla &#187; Ammartesano<\/title>\n<meta name=\"robots\" content=\"index, follow, max-snippet:-1, max-image-preview:large, max-video-preview:-1\" \/>\n<link rel=\"canonical\" href=\"https:\/\/ammar-te.online\/index.php\/product\/arcilla-amarilla-y-manzanilla\/\" \/>\n<meta property=\"og:locale\" content=\"es_MX\" \/>\n<meta property=\"og:type\" content=\"article\" \/>\n<meta property=\"og:title\" content=\"Arcilla Amarilla y Manzanilla &#187; Ammartesano\" \/>\n<meta property=\"og:description\" content=\"Tipo de Piel: Piel Normal  La arcilla amarilla es rica en hierro y potasio tiene gran concentraci\u00f3n de oligoelementos. Esta potent\u00edsima mezcla de propiedades convierte a este tipo de arcilla en un maravilloso remedio natural para combatir problemas \u00f3seos y fatiga.  Propiedades:   S\u00ed tienes problemas \u00f3seos prepara una \u201cmascarillas corporales\u201d y aplica donde lo necesites: piernas, tobillos\u2026 etc. Recuerda no utilizar ning\u00fan instrumento de metal.  Es cicatrizante, puedes combinar mascarillas de arcilla amarilla con rosa mosqueta por las noches.  Alivia el picor de insectos de inmediato.  Fortalece el cabello.  Calma comez\u00f3n relacionados con herpes y eczemas\/dermatitis.  La arcilla amarilla elimina toxinas y oxigena la piel cerrando los poros y absorbiendo las impurezas m\u00e1s finas y dif\u00edciles de \u201catrapar\u201d.  Combate la celulitis.  Aumenta la elasticidad de piel y combate los signos del envejecimiento.  100g\" \/>\n<meta property=\"og:url\" content=\"https:\/\/ammar-te.online\/index.php\/product\/arcilla-amarilla-y-manzanilla\/\" \/>\n<meta property=\"og:site_name\" content=\"Ammartesano\" \/>\n<meta property=\"article:publisher\" content=\"https:\/\/www.facebook.com\/AmmartesanoCosmeticaNatural\" \/>\n<meta property=\"article:modified_time\" content=\"2023-07-11T02:01:10+00:00\" \/>\n<meta property=\"og:image\" content=\"https:\/\/ammar-te.online\/wp-content\/uploads\/2020\/09\/04-arcilla-amarilla-1024x683.jpg\" \/>\n\t<meta property=\"og:image:width\" content=\"1024\" \/>\n\t<meta property=\"og:image:height\" content=\"683\" \/>\n\t<meta property=\"og:image:type\" content=\"image\/jpeg\" \/>\n<meta name=\"twitter:card\" content=\"summary_large_image\" \/>\n<meta name=\"twitter:label1\" content=\"Tiempo de lectura\" \/>\n\t<meta name=\"twitter:data1\" content=\"1 minuto\" \/>\n<script type=\"application\/ld+json\" class=\"yoast-schema-graph\">{\"@context\":\"https:\/\/schema.org\",\"@graph\":[{\"@type\":\"WebPage\",\"@id\":\"https:\/\/ammar-te.online\/index.php\/product\/arcilla-amarilla-y-manzanilla\/\",\"url\":\"https:\/\/ammar-te.online\/index.php\/product\/arcilla-amarilla-y-manzanilla\/\",\"name\":\"Arcilla Amarilla y Manzanilla &#187; Ammartesano\",\"isPartOf\":{\"@id\":\"https:\/\/ammar-te.online\/#website\"},\"primaryImageOfPage\":{\"@id\":\"https:\/\/ammar-te.online\/index.php\/product\/arcilla-amarilla-y-manzanilla\/#primaryimage\"},\"image\":{\"@id\":\"https:\/\/ammar-te.online\/index.php\/product\/arcilla-amarilla-y-manzanilla\/#primaryimage\"},\"thumbnailUrl\":\"https:\/\/i0.wp.com\/ammar-te.online\/wp-content\/uploads\/2020\/09\/04-arcilla-amarilla.jpg?fit=2500%2C1667&ssl=1\",\"datePublished\":\"2020-09-08T01:46:57+00:00\",\"dateModified\":\"2023-07-11T02:01:10+00:00\",\"breadcrumb\":{\"@id\":\"https:\/\/ammar-te.online\/index.php\/product\/arcilla-amarilla-y-manzanilla\/#breadcrumb\"},\"inLanguage\":\"es\",\"potentialAction\":[{\"@type\":\"ReadAction\",\"target\":[\"https:\/\/ammar-te.online\/index.php\/product\/arcilla-amarilla-y-manzanilla\/\"]}]},{\"@type\":\"ImageObject\",\"inLanguage\":\"es\",\"@id\":\"https:\/\/ammar-te.online\/index.php\/product\/arcilla-amarilla-y-manzanilla\/#primaryimage\",\"url\":\"https:\/\/i0.wp.com\/ammar-te.online\/wp-content\/uploads\/2020\/09\/04-arcilla-amarilla.jpg?fit=2500%2C1667&ssl=1\",\"contentUrl\":\"https:\/\/i0.wp.com\/ammar-te.online\/wp-content\/uploads\/2020\/09\/04-arcilla-amarilla.jpg?fit=2500%2C1667&ssl=1\",\"width\":2500,\"height\":1667},{\"@type\":\"BreadcrumbList\",\"@id\":\"https:\/\/ammar-te.online\/index.php\/product\/arcilla-amarilla-y-manzanilla\/#breadcrumb\",\"itemListElement\":[{\"@type\":\"ListItem\",\"position\":1,\"name\":\"Inicio\",\"item\":\"https:\/\/ammar-te.online\/\"},{\"@type\":\"ListItem\",\"position\":2,\"name\":\"Tienda\",\"item\":\"https:\/\/ammar-te.online\/index.php\/tienda\/\"},{\"@type\":\"ListItem\",\"position\":3,\"name\":\"Arcilla Amarilla y Manzanilla\"}]},{\"@type\":\"WebSite\",\"@id\":\"https:\/\/ammar-te.online\/#website\",\"url\":\"https:\/\/ammar-te.online\/\",\"name\":\"Ammar-te Sano\",\"description\":\"Cosm\u00e9tica Natural &amp; Cient\u00edfica\",\"publisher\":{\"@id\":\"https:\/\/ammar-te.online\/#organization\"},\"potentialAction\":[{\"@type\":\"SearchAction\",\"target\":{\"@type\":\"EntryPoint\",\"urlTemplate\":\"https:\/\/ammar-te.online\/?s={search_term_string}\"},\"query-input\":{\"@type\":\"PropertyValueSpecification\",\"valueRequired\":true,\"valueName\":\"search_term_string\"}}],\"inLanguage\":\"es\"},{\"@type\":\"Organization\",\"@id\":\"https:\/\/ammar-te.online\/#organization\",\"name\":\"Ammar-te Sano\",\"url\":\"https:\/\/ammar-te.online\/\",\"logo\":{\"@type\":\"ImageObject\",\"inLanguage\":\"es\",\"@id\":\"https:\/\/ammar-te.online\/#\/schema\/logo\/image\/\",\"url\":\"https:\/\/ammar-te.online\/wp-content\/uploads\/2020\/10\/img-deafult.jpg\",\"contentUrl\":\"https:\/\/ammar-te.online\/wp-content\/uploads\/2020\/10\/img-deafult.jpg\",\"width\":1500,\"height\":1500,\"caption\":\"Ammar-te Sano\"},\"image\":{\"@id\":\"https:\/\/ammar-te.online\/#\/schema\/logo\/image\/\"},\"sameAs\":[\"https:\/\/www.facebook.com\/AmmartesanoCosmeticaNatural\",\"https:\/\/www.instagram.com\/ammartesano\/\"]}]}<\/script>\n<!-- \/ Yoast SEO plugin. -->","yoast_head_json":{"title":"Arcilla Amarilla y Manzanilla &#187; Ammartesano","robots":{"index":"index","follow":"follow","max-snippet":"max-snippet:-1","max-image-preview":"max-image-preview:large","max-video-preview":"max-video-preview:-1"},"canonical":"https:\/\/ammar-te.online\/index.php\/product\/arcilla-amarilla-y-manzanilla\/","og_locale":"es_MX","og_type":"article","og_title":"Arcilla Amarilla y Manzanilla &#187; Ammartesano","og_description":"Tipo de Piel: Piel Normal  La arcilla amarilla es rica en hierro y potasio tiene gran concentraci\u00f3n de oligoelementos. Esta potent\u00edsima mezcla de propiedades convierte a este tipo de arcilla en un maravilloso remedio natural para combatir problemas \u00f3seos y fatiga.  Propiedades:   S\u00ed tienes problemas \u00f3seos prepara una \u201cmascarillas corporales\u201d y aplica donde lo necesites: piernas, tobillos\u2026 etc. Recuerda no utilizar ning\u00fan instrumento de metal.  Es cicatrizante, puedes combinar mascarillas de arcilla amarilla con rosa mosqueta por las noches.  Alivia el picor de insectos de inmediato.  Fortalece el cabello.  Calma comez\u00f3n relacionados con herpes y eczemas\/dermatitis.  La arcilla amarilla elimina toxinas y oxigena la piel cerrando los poros y absorbiendo las impurezas m\u00e1s finas y dif\u00edciles de \u201catrapar\u201d.  Combate la celulitis.  Aumenta la elasticidad de piel y combate los signos del envejecimiento.  100g","og_url":"https:\/\/ammar-te.online\/index.php\/product\/arcilla-amarilla-y-manzanilla\/","og_site_name":"Ammartesano","article_publisher":"https:\/\/www.facebook.com\/AmmartesanoCosmeticaNatural","article_modified_time":"2023-07-11T02:01:10+00:00","og_image":[{"width":1024,"height":683,"url":"https:\/\/ammar-te.online\/wp-content\/uploads\/2020\/09\/04-arcilla-amarilla-1024x683.jpg","type":"image\/jpeg"}],"twitter_card":"summary_large_image","twitter_misc":{"Tiempo de lectura":"1 minuto"},"schema":{"@context":"https:\/\/schema.org","@graph":[{"@type":"WebPage","@id":"https:\/\/ammar-te.online\/index.php\/product\/arcilla-amarilla-y-manzanilla\/","url":"https:\/\/ammar-te.online\/index.php\/product\/arcilla-amarilla-y-manzanilla\/","name":"Arcilla Amarilla y Manzanilla &#187; Ammartesano","isPartOf":{"@id":"https:\/\/ammar-te.online\/#website"},"primaryImageOfPage":{"@id":"https:\/\/ammar-te.online\/index.php\/product\/arcilla-amarilla-y-manzanilla\/#primaryimage"},"image":{"@id":"https:\/\/ammar-te.online\/index.php\/product\/arcilla-amarilla-y-manzanilla\/#primaryimage"},"thumbnailUrl":"https:\/\/i0.wp.com\/ammar-te.online\/wp-content\/uploads\/2020\/09\/04-arcilla-amarilla.jpg?fit=2500%2C1667&ssl=1","datePublished":"2020-09-08T01:46:57+00:00","dateModified":"2023-07-11T02:01:10+00:00","breadcrumb":{"@id":"https:\/\/ammar-te.online\/index.php\/product\/arcilla-amarilla-y-manzanilla\/#breadcrumb"},"inLanguage":"es","potentialAction":[{"@type":"ReadAction","target":["https:\/\/ammar-te.online\/index.php\/product\/arcilla-amarilla-y-manzanilla\/"]}]},{"@type":"ImageObject","inLanguage":"es","@id":"https:\/\/ammar-te.online\/index.php\/product\/arcilla-amarilla-y-manzanilla\/#primaryimage","url":"https:\/\/i0.wp.com\/ammar-te.online\/wp-content\/uploads\/2020\/09\/04-arcilla-amarilla.jpg?fit=2500%2C1667&ssl=1","contentUrl":"https:\/\/i0.wp.com\/ammar-te.online\/wp-content\/uploads\/2020\/09\/04-arcilla-amarilla.jpg?fit=2500%2C1667&ssl=1","width":2500,"height":1667},{"@type":"BreadcrumbList","@id":"https:\/\/ammar-te.online\/index.php\/product\/arcilla-amarilla-y-manzanilla\/#breadcrumb","itemListElement":[{"@type":"ListItem","position":1,"name":"Inicio","item":"https:\/\/ammar-te.online\/"},{"@type":"ListItem","position":2,"name":"Tienda","item":"https:\/\/ammar-te.online\/index.php\/tienda\/"},{"@type":"ListItem","position":3,"name":"Arcilla Amarilla y Manzanilla"}]},{"@type":"WebSite","@id":"https:\/\/ammar-te.online\/#website","url":"https:\/\/ammar-te.online\/","name":"Ammar-te Sano","description":"Cosm\u00e9tica Natural &amp; Cient\u00edfica","publisher":{"@id":"https:\/\/ammar-te.online\/#organization"},"potentialAction":[{"@type":"SearchAction","target":{"@type":"EntryPoint","urlTemplate":"https:\/\/ammar-te.online\/?s={search_term_string}"},"query-input":{"@type":"PropertyValueSpecification","valueRequired":true,"valueName":"search_term_string"}}],"inLanguage":"es"},{"@type":"Organization","@id":"https:\/\/ammar-te.online\/#organization","name":"Ammar-te Sano","url":"https:\/\/ammar-te.online\/","logo":{"@type":"ImageObject","inLanguage":"es","@id":"https:\/\/ammar-te.online\/#\/schema\/logo\/image\/","url":"https:\/\/ammar-te.online\/wp-content\/uploads\/2020\/10\/img-deafult.jpg","contentUrl":"https:\/\/ammar-te.online\/wp-content\/uploads\/2020\/10\/img-deafult.jpg","width":1500,"height":1500,"caption":"Ammar-te Sano"},"image":{"@id":"https:\/\/ammar-te.online\/#\/schema\/logo\/image\/"},"sameAs":["https:\/\/www.facebook.com\/AmmartesanoCosmeticaNatural","https:\/\/www.instagram.com\/ammartesano\/"]}]}},"jetpack-related-posts":[],"jetpack_sharing_enabled":true,"tiered_pricing_type":"fixed","tiered_pricing_fixed_rules":[],"tiered_pricing_product_settings":{"layout":"default","base_unit_name":{"singular":null,"plural":null},"default_variation":null},"tiered_pricing_minimum_quantity":null,"tiered_pricing_roles_data":[],"tiered_pricing_percentage_rules":[],"_links":{"self":[{"href":"https:\/\/ammar-te.online\/index.php\/wp-json\/wp\/v2\/product\/1156","targetHints":{"allow":["GET"]}}],"collection":[{"href":"https:\/\/ammar-te.online\/index.php\/wp-json\/wp\/v2\/product"}],"about":[{"href":"https:\/\/ammar-te.online\/index.php\/wp-json\/wp\/v2\/types\/product"}],"wp:featuredmedia":[{"embeddable":true,"href":"https:\/\/ammar-te.online\/index.php\/wp-json\/wp\/v2\/media\/6162"}],"wp:attachment":[{"href":"https:\/\/ammar-te.online\/index.php\/wp-json\/wp\/v2\/media?parent=1156"}],"wp:term":[{"taxonomy":"product_brand","embeddable":true,"href":"https:\/\/ammar-te.online\/index.php\/wp-json\/wp\/v2\/product_brand?post=1156"},{"taxonomy":"product_cat","embeddable":true,"href":"https:\/\/ammar-te.online\/index.php\/wp-json\/wp\/v2\/product_cat?post=1156"},{"taxonomy":"product_tag","embeddable":true,"href":"https:\/\/ammar-te.online\/index.php\/wp-json\/wp\/v2\/product_tag?post=1156"}],"curies":[{"name":"wp","href":"https:\/\/api.w.org\/{rel}","templated":true}]}}