{"id":3,"date":"2021-05-18T03:30:42","date_gmt":"2021-05-18T03:30:42","guid":{"rendered":"https:\/\/ammar-te.online\/?page_id=3"},"modified":"2021-05-18T03:30:43","modified_gmt":"2021-05-18T03:30:43","slug":"privacy-policy","status":"publish","type":"page","link":"https:\/\/ammar-te.online\/index.php\/privacy-policy\/","title":{"rendered":"Aviso de Privacidad"},"content":{"rendered":"\t\t<div data-elementor-type=\"wp-page\" data-elementor-id=\"3\" class=\"elementor elementor-3\">\n\t\t\t\t\t\t<section class=\"elementor-section elementor-top-section elementor-element elementor-element-7c31c25e elementor-section-boxed elementor-section-height-default elementor-section-height-default\" data-id=\"7c31c25e\" data-element_type=\"section\">\n\t\t\t\t\t\t<div class=\"elementor-container elementor-column-gap-default\">\n\t\t\t\t\t<div class=\"elementor-column elementor-col-100 elementor-top-column elementor-element elementor-element-55df37fc\" data-id=\"55df37fc\" data-element_type=\"column\">\n\t\t\t<div class=\"elementor-widget-wrap elementor-element-populated\">\n\t\t\t\t\t\t<div class=\"elementor-element elementor-element-54c723e1 elementor-widget elementor-widget-text-editor\" data-id=\"54c723e1\" data-element_type=\"widget\" data-widget_type=\"text-editor.default\">\n\t\t\t\t<div class=\"elementor-widget-container\">\n\t\t\t\t\t\t\t\t\t<p>[Ammar-te sano Cosm\u00e9tica Natural] con domicilio en Calle Nicol\u00e1s Bravo #249 Col. Bugambilias,Temixc, Morelos, M\u00e9xico; pone a su disposici\u00f3n el presente Aviso de Privacidad, de conformidad con la Ley Federal de Protecci\u00f3n de Datos Personales en Posesi\u00f3n de los Particulares y su Reglamento (en lo sucesivo &#8220;la Ley&#8221;), a fin de que conozca el tratamiento que se dar\u00e1 a los datos personales que nos proporcione:<\/p>\n<p><strong>\u00bfQu\u00e9 hacemos con tu informaci\u00f3n?<\/strong><\/p>\n<p>Cuando visitas nuestra p\u00e1gina, nosotros recolectamos la informaci\u00f3n personal que nos das tal como nombre completo, domicilio, tel\u00e9fono celular, tel\u00e9fono fijo y correo electr\u00f3nico.<\/p>\n<p>Cuando navegas en nuestra p\u00e1gina, tambi\u00e9n recibimos de manera autom\u00e1tica la direcci\u00f3n de protocolo de internet de tu computadora (IP), con el fin de proporcionarnos informaci\u00f3n que nos ayuda a conocer acerca de su navegador y sistema operativo.<\/p>\n<p>Email marketing: Con tu permiso, podremos enviarte correos electr\u00f3nicos acerca de nuestra organizaci\u00f3n, nuevas ofertas, newsletter y otras actualizaciones.&nbsp;<\/p>\n<p><strong>Consentimiento<\/strong><\/p>\n<p>Al proporcionar sus datos personales de manera voluntaria entendemos que ha le\u00eddo el presente Aviso de Privacidad y que consiente al tratamiento, transferencia y uso que se dar\u00e1 a sus datos personales de conformidad con lo que aqu\u00ed se establece y en t\u00e9rminos de lo previsto en la legislaci\u00f3n aplicable.<\/p>\n<p>Si te pedimos tu informaci\u00f3n personal por una raz\u00f3n secundaria, como marketing, te pediremos directamente tu expreso consentimiento, o te daremos la oportunidad de negarte.<\/p>\n<p><strong>\u00bfC\u00f3mo puedo anular mi consentimiento?<\/strong><\/p>\n<p>Si luego de haber aceptado cambias de opini\u00f3n, puedes anular tu consentimiento para que te contactemos, por la recolecci\u00f3n, uso o divulgaci\u00f3n de tu informaci\u00f3n, en cualquier momento, contact\u00e1ndonos a [ammarcosmetica@gmail.com] o escribi\u00e9ndonos a:&nbsp;Nicol\u00e1s Bravo #249 Col. Bugambilias, Temixco Morelos, C.P 62587.<\/p>\n<p><strong>&nbsp;Divulgaci\u00f3n<\/strong><\/p>\n<p>Podemos divulgar tu informaci\u00f3n personal si se nos requiere por ley.<\/p>\n<p><\/p>\n<p><strong>Servicios con terceros<\/strong><\/p>\n<p>En general, los proveedores de terceras partes utilizados por nosotros solo recopilar\u00e1n, usar\u00e1n y divulgar\u00e1n tu informaci\u00f3n en la medida que sea necesaria para que les permita desempe\u00f1ar los servicios que nos proveen.&nbsp;<\/p>\n<p>En particular, recuerda que algunos proveedores pueden estar ubicados o contar con instalaciones que se encuentran en una jurisdicci\u00f3n diferente a ti o nosotros.&nbsp; As\u00ed que si deseas proceder con una transacci\u00f3n que involucra los servicios de un proveedor a terceros, tu informaci\u00f3n puede estar sujeta a las leyes de la jurisdicci\u00f3n (jurisdicciones) en que se encuentra el proveedor de servicios o sus instalaciones.<\/p>\n<p>Una vez que abandonas el sitio web de nuestra tienda o te rediriges a un sitio o aplicaci\u00f3n de terceros, ya no est\u00e1s siendo regulados por la presente Pol\u00edtica de Privacidad.<\/p>\n<p><strong>Enlaces<\/strong>&nbsp;<\/p>\n<p>Cuando haces clic en enlaces de nuestra p\u00e1gina, puede que seas redirigido fuera de nuestro sitio.&nbsp;No somos responsables por las pr\u00e1cticas de privacidad de otros sitios y te recomendamos leer sus normas de privacidad.<\/p>\n<p><strong>Seguridad<\/strong><\/p>\n<p>Para proteger tu informaci\u00f3n personal, tomamos precauciones razonables y seguimos las mejores pr\u00e1cticas de la industria para asegurarnos de que no haya p\u00e9rdida de manera inapropiada, mal uso, acceso, divulgaci\u00f3n, alteraci\u00f3n o destrucci\u00f3n de la misma.<\/p>\n<p><strong>Edad de consentimiento<\/strong><\/p>\n<p>Al utilizar este sitio, declaras que tienes al menos la mayor\u00eda de edad en tu estado o provincia de residencia, y que nos has dado tu consentimiento para permitir que cualquiera de tus dependientes menores use este sitio.&nbsp;<\/p>\n<p><strong>Transferencia<\/strong><\/p>\n<p>Los datos personales recabados por nosotros se utilizar\u00e1n para las finalidades se\u00f1aladas en las presentes pol\u00edticas y para las que fueron proporcionados, y ser\u00e1n transferidos \u00fanicamente a las empresas controladoras, filiales o subsidiarias de [Ammar-te sano Cosm\u00e9tica Natural] y cada una de las \u00e1reas que las integran, as\u00ed como a los proveedores que [Ammar-te sano Cosm\u00e9tica Natural] contrate para procesar y analizar dicha informaci\u00f3n. Al receptor de su informaci\u00f3n, le ser\u00e1 solicitado por [Ammar-te sano Cosm\u00e9tica Natural] &nbsp;para que realice el tratamiento de los datos personales con los mismos niveles de seguridad con los que nosotros los tratamos.&nbsp;<\/p>\n<p><strong>Cambios a esta pol\u00edtica de privacidad<\/strong>&nbsp;<\/p>\n<p>Nos reservamos el derecho de efectuar en cualquier momento modificaciones o actualizaciones al presente Aviso de Privacidad. Por lo anterior, le pedimos que revise nuestro Aviso de Privacidad con frecuencia y cada vez que utilice el sitio. Podr\u00e1 darse cuenta si el Aviso ha sido modificado por la \u00faltima fecha de actualizaci\u00f3n.<\/p>\n<p><\/p>\n<p>Si nuestra p\u00e1gina es adquirida o fusionada con otra empresa, tu informaci\u00f3n puede ser transferida a los nuevos propietarios, para que podamos seguir ofreci\u00e9ndote nuestros servicios.<\/p>\n<p><strong>Preguntas e informaci\u00f3n de contacto<\/strong><\/p>\n<p>Tienes derecho a conocer qu\u00e9 datos personales tenemos, para qu\u00e9 los utilizamos y las condiciones del uso que les damos (Acceso). Asimismo, es tu derecho solicitar la correcci\u00f3n de tu informaci\u00f3n personal en caso de que est\u00e9 desactualizada, sea inexacta o incompleta (Rectificaci\u00f3n); que la eliminemos de nuestros registros o bases de datos cuando consideres que la misma no est\u00e1 siendo utilizada adecuadamente (Cancelaci\u00f3n); as\u00ed como oponerte al uso de tus datos personales para fines espec\u00edficos (Oposici\u00f3n). Estos derechos se conocen como derechos ARCO.<\/p>\n<p>Para el ejercicio de cualquiera de los derechos ARCO, deber\u00e1s presentar la solicitud respectiva a trav\u00e9s del siguiente medio: [ammarcosmetica@gmail.com]<\/p>\n<p>Informaci\u00f3n actualizada al&nbsp;<strong>[01\/12\/20]&nbsp;<\/strong><\/p>\t\t\t\t\t\t\t\t<\/div>\n\t\t\t\t<\/div>\n\t\t\t\t\t<\/div>\n\t\t<\/div>\n\t\t\t\t\t<\/div>\n\t\t<\/section>\n\t\t\t\t<\/div>\n\t\t","protected":false},"excerpt":{"rendered":"<p>[Ammar-te sano Cosm\u00e9tica Natural] con domicilio en Calle Nicol\u00e1s Bravo #249 Col. Bugambilias,Temixc, Morelos, M\u00e9xico; pone a su disposici\u00f3n el presente Aviso de Privacidad, de conformidad con la Ley Federal de Protecci\u00f3n de Datos Personales en Posesi\u00f3n de los Particulares y su Reglamento (en lo sucesivo &#8220;la Ley&#8221;), a fin de que conozca el tratamiento [&hellip;]<\/p>\n","protected":false},"author":1,"featured_media":0,"parent":0,"menu_order":0,"comment_status":"closed","ping_status":"closed","template":"","meta":{"site-sidebar-layout":"default","site-content-layout":"default","ast-site-content-layout":"default","site-content-style":"default","site-sidebar-style":"default","ast-global-header-display":"","ast-banner-title-visibility":"","ast-main-header-display":"","ast-hfb-above-header-display":"","ast-hfb-below-header-display":"","ast-hfb-mobile-header-display":"","site-post-title":"","ast-breadcrumbs-content":"","ast-featured-img":"","footer-sml-layout":"","theme-transparent-header-meta":"default","adv-header-id-meta":"","stick-header-meta":"","header-above-stick-meta":"","header-main-stick-meta":"","header-below-stick-meta":"","astra-migrate-meta-layouts":"default","ast-page-background-enabled":"default","ast-page-background-meta":{"desktop":{"background-color":"","background-image":"","background-repeat":"repeat","background-position":"center center","background-size":"auto","background-attachment":"scroll","background-type":"","background-media":"","overlay-type":"","overlay-color":"","overlay-opacity":"","overlay-gradient":""},"tablet":{"background-color":"","background-image":"","background-repeat":"repeat","background-position":"center center","background-size":"auto","background-attachment":"scroll","background-type":"","background-media":"","overlay-type":"","overlay-color":"","overlay-opacity":"","overlay-gradient":""},"mobile":{"background-color":"","background-image":"","background-repeat":"repeat","background-position":"center center","background-size":"auto","background-attachment":"scroll","background-type":"","background-media":"","overlay-type":"","overlay-color":"","overlay-opacity":"","overlay-gradient":""}},"ast-content-background-meta":{"desktop":{"background-color":"var(--ast-global-color-5)","background-image":"","background-repeat":"repeat","background-position":"center center","background-size":"auto","background-attachment":"scroll","background-type":"","background-media":"","overlay-type":"","overlay-color":"","overlay-opacity":"","overlay-gradient":""},"tablet":{"background-color":"var(--ast-global-color-5)","background-image":"","background-repeat":"repeat","background-position":"center center","background-size":"auto","background-attachment":"scroll","background-type":"","background-media":"","overlay-type":"","overlay-color":"","overlay-opacity":"","overlay-gradient":""},"mobile":{"background-color":"var(--ast-global-color-5)","background-image":"","background-repeat":"repeat","background-position":"center center","background-size":"auto","background-attachment":"scroll","background-type":"","background-media":"","overlay-type":"","overlay-color":"","overlay-opacity":"","overlay-gradient":""}},"jetpack_post_was_ever_published":false,"footnotes":""},"class_list":["post-3","page","type-page","status-publish","hentry"],"yoast_head":"<!-- This site is optimized with the Yoast SEO plugin v25.5 - https:\/\/yoast.com\/wordpress\/plugins\/seo\/ -->\n<title>Aviso de Privacidad &#187; Ammartesano<\/title>\n<meta name=\"robots\" content=\"index, follow, max-snippet:-1, max-image-preview:large, max-video-preview:-1\" \/>\n<link rel=\"canonical\" href=\"https:\/\/ammar-te.online\/index.php\/privacy-policy\/\" \/>\n<meta property=\"og:locale\" content=\"es_MX\" \/>\n<meta property=\"og:type\" content=\"article\" \/>\n<meta property=\"og:title\" content=\"Aviso de Privacidad &#187; Ammartesano\" \/>\n<meta property=\"og:description\" content=\"[Ammar-te sano Cosm\u00e9tica Natural] con domicilio en Calle Nicol\u00e1s Bravo #249 Col. Bugambilias,Temixc, Morelos, M\u00e9xico; pone a su disposici\u00f3n el presente Aviso de Privacidad, de conformidad con la Ley Federal de Protecci\u00f3n de Datos Personales en Posesi\u00f3n de los Particulares y su Reglamento (en lo sucesivo &#8220;la Ley&#8221;), a fin de que conozca el tratamiento [&hellip;]\" \/>\n<meta property=\"og:url\" content=\"https:\/\/ammar-te.online\/index.php\/privacy-policy\/\" \/>\n<meta property=\"og:site_name\" content=\"Ammartesano\" \/>\n<meta property=\"article:publisher\" content=\"https:\/\/www.facebook.com\/AmmartesanoCosmeticaNatural\" \/>\n<meta property=\"article:modified_time\" content=\"2021-05-18T03:30:43+00:00\" \/>\n<meta name=\"twitter:card\" content=\"summary_large_image\" \/>\n<meta name=\"twitter:label1\" content=\"Tiempo de lectura\" \/>\n\t<meta name=\"twitter:data1\" content=\"4 minutos\" \/>\n<script type=\"application\/ld+json\" class=\"yoast-schema-graph\">{\"@context\":\"https:\/\/schema.org\",\"@graph\":[{\"@type\":\"WebPage\",\"@id\":\"https:\/\/ammar-te.online\/index.php\/privacy-policy\/\",\"url\":\"https:\/\/ammar-te.online\/index.php\/privacy-policy\/\",\"name\":\"Aviso de Privacidad &#187; Ammartesano\",\"isPartOf\":{\"@id\":\"https:\/\/ammar-te.online\/#website\"},\"datePublished\":\"2021-05-18T03:30:42+00:00\",\"dateModified\":\"2021-05-18T03:30:43+00:00\",\"breadcrumb\":{\"@id\":\"https:\/\/ammar-te.online\/index.php\/privacy-policy\/#breadcrumb\"},\"inLanguage\":\"es\",\"potentialAction\":[{\"@type\":\"ReadAction\",\"target\":[\"https:\/\/ammar-te.online\/index.php\/privacy-policy\/\"]}]},{\"@type\":\"BreadcrumbList\",\"@id\":\"https:\/\/ammar-te.online\/index.php\/privacy-policy\/#breadcrumb\",\"itemListElement\":[{\"@type\":\"ListItem\",\"position\":1,\"name\":\"Inicio\",\"item\":\"https:\/\/ammar-te.online\/\"},{\"@type\":\"ListItem\",\"position\":2,\"name\":\"Aviso de Privacidad\"}]},{\"@type\":\"WebSite\",\"@id\":\"https:\/\/ammar-te.online\/#website\",\"url\":\"https:\/\/ammar-te.online\/\",\"name\":\"Ammar-te Sano\",\"description\":\"Cosm\u00e9tica Natural &amp; Cient\u00edfica\",\"publisher\":{\"@id\":\"https:\/\/ammar-te.online\/#organization\"},\"potentialAction\":[{\"@type\":\"SearchAction\",\"target\":{\"@type\":\"EntryPoint\",\"urlTemplate\":\"https:\/\/ammar-te.online\/?s={search_term_string}\"},\"query-input\":{\"@type\":\"PropertyValueSpecification\",\"valueRequired\":true,\"valueName\":\"search_term_string\"}}],\"inLanguage\":\"es\"},{\"@type\":\"Organization\",\"@id\":\"https:\/\/ammar-te.online\/#organization\",\"name\":\"Ammar-te Sano\",\"url\":\"https:\/\/ammar-te.online\/\",\"logo\":{\"@type\":\"ImageObject\",\"inLanguage\":\"es\",\"@id\":\"https:\/\/ammar-te.online\/#\/schema\/logo\/image\/\",\"url\":\"https:\/\/ammar-te.online\/wp-content\/uploads\/2020\/10\/img-deafult.jpg\",\"contentUrl\":\"https:\/\/ammar-te.online\/wp-content\/uploads\/2020\/10\/img-deafult.jpg\",\"width\":1500,\"height\":1500,\"caption\":\"Ammar-te Sano\"},\"image\":{\"@id\":\"https:\/\/ammar-te.online\/#\/schema\/logo\/image\/\"},\"sameAs\":[\"https:\/\/www.facebook.com\/AmmartesanoCosmeticaNatural\",\"https:\/\/www.instagram.com\/ammartesano\/\"]}]}<\/script>\n<!-- \/ Yoast SEO plugin. -->","yoast_head_json":{"title":"Aviso de Privacidad &#187; Ammartesano","robots":{"index":"index","follow":"follow","max-snippet":"max-snippet:-1","max-image-preview":"max-image-preview:large","max-video-preview":"max-video-preview:-1"},"canonical":"https:\/\/ammar-te.online\/index.php\/privacy-policy\/","og_locale":"es_MX","og_type":"article","og_title":"Aviso de Privacidad &#187; Ammartesano","og_description":"[Ammar-te sano Cosm\u00e9tica Natural] con domicilio en Calle Nicol\u00e1s Bravo #249 Col. Bugambilias,Temixc, Morelos, M\u00e9xico; pone a su disposici\u00f3n el presente Aviso de Privacidad, de conformidad con la Ley Federal de Protecci\u00f3n de Datos Personales en Posesi\u00f3n de los Particulares y su Reglamento (en lo sucesivo &#8220;la Ley&#8221;), a fin de que conozca el tratamiento [&hellip;]","og_url":"https:\/\/ammar-te.online\/index.php\/privacy-policy\/","og_site_name":"Ammartesano","article_publisher":"https:\/\/www.facebook.com\/AmmartesanoCosmeticaNatural","article_modified_time":"2021-05-18T03:30:43+00:00","twitter_card":"summary_large_image","twitter_misc":{"Tiempo de lectura":"4 minutos"},"schema":{"@context":"https:\/\/schema.org","@graph":[{"@type":"WebPage","@id":"https:\/\/ammar-te.online\/index.php\/privacy-policy\/","url":"https:\/\/ammar-te.online\/index.php\/privacy-policy\/","name":"Aviso de Privacidad &#187; Ammartesano","isPartOf":{"@id":"https:\/\/ammar-te.online\/#website"},"datePublished":"2021-05-18T03:30:42+00:00","dateModified":"2021-05-18T03:30:43+00:00","breadcrumb":{"@id":"https:\/\/ammar-te.online\/index.php\/privacy-policy\/#breadcrumb"},"inLanguage":"es","potentialAction":[{"@type":"ReadAction","target":["https:\/\/ammar-te.online\/index.php\/privacy-policy\/"]}]},{"@type":"BreadcrumbList","@id":"https:\/\/ammar-te.online\/index.php\/privacy-policy\/#breadcrumb","itemListElement":[{"@type":"ListItem","position":1,"name":"Inicio","item":"https:\/\/ammar-te.online\/"},{"@type":"ListItem","position":2,"name":"Aviso de Privacidad"}]},{"@type":"WebSite","@id":"https:\/\/ammar-te.online\/#website","url":"https:\/\/ammar-te.online\/","name":"Ammar-te Sano","description":"Cosm\u00e9tica Natural &amp; Cient\u00edfica","publisher":{"@id":"https:\/\/ammar-te.online\/#organization"},"potentialAction":[{"@type":"SearchAction","target":{"@type":"EntryPoint","urlTemplate":"https:\/\/ammar-te.online\/?s={search_term_string}"},"query-input":{"@type":"PropertyValueSpecification","valueRequired":true,"valueName":"search_term_string"}}],"inLanguage":"es"},{"@type":"Organization","@id":"https:\/\/ammar-te.online\/#organization","name":"Ammar-te Sano","url":"https:\/\/ammar-te.online\/","logo":{"@type":"ImageObject","inLanguage":"es","@id":"https:\/\/ammar-te.online\/#\/schema\/logo\/image\/","url":"https:\/\/ammar-te.online\/wp-content\/uploads\/2020\/10\/img-deafult.jpg","contentUrl":"https:\/\/ammar-te.online\/wp-content\/uploads\/2020\/10\/img-deafult.jpg","width":1500,"height":1500,"caption":"Ammar-te Sano"},"image":{"@id":"https:\/\/ammar-te.online\/#\/schema\/logo\/image\/"},"sameAs":["https:\/\/www.facebook.com\/AmmartesanoCosmeticaNatural","https:\/\/www.instagram.com\/ammartesano\/"]}]}},"jetpack-related-posts":[],"jetpack_sharing_enabled":true,"_links":{"self":[{"href":"https:\/\/ammar-te.online\/index.php\/wp-json\/wp\/v2\/pages\/3","targetHints":{"allow":["GET"]}}],"collection":[{"href":"https:\/\/ammar-te.online\/index.php\/wp-json\/wp\/v2\/pages"}],"about":[{"href":"https:\/\/ammar-te.online\/index.php\/wp-json\/wp\/v2\/types\/page"}],"author":[{"embeddable":true,"href":"https:\/\/ammar-te.online\/index.php\/wp-json\/wp\/v2\/users\/1"}],"replies":[{"embeddable":true,"href":"https:\/\/ammar-te.online\/index.php\/wp-json\/wp\/v2\/comments?post=3"}],"version-history":[{"count":5,"href":"https:\/\/ammar-te.online\/index.php\/wp-json\/wp\/v2\/pages\/3\/revisions"}],"predecessor-version":[{"id":5717,"href":"https:\/\/ammar-te.online\/index.php\/wp-json\/wp\/v2\/pages\/3\/revisions\/5717"}],"wp:attachment":[{"href":"https:\/\/ammar-te.online\/index.php\/wp-json\/wp\/v2\/media?parent=3"}],"curies":[{"name":"wp","href":"https:\/\/api.w.org\/{rel}","templated":true}]}}