{"id":1079,"date":"2019-01-23T06:31:31","date_gmt":"2019-01-23T06:31:31","guid":{"rendered":"https:\/\/ammar-te.online\/index.php\/about-us\/"},"modified":"2024-05-30T22:53:56","modified_gmt":"2024-05-30T22:53:56","slug":"about-us","status":"publish","type":"page","link":"https:\/\/ammar-te.online\/index.php\/about-us\/","title":{"rendered":"About Us"},"content":{"rendered":"\t\t<div data-elementor-type=\"wp-post\" data-elementor-id=\"1079\" class=\"elementor elementor-1079\">\n\t\t\t\t\t\t<section class=\"elementor-section elementor-top-section elementor-element elementor-element-6ccdc95 elementor-section-content-middle elementor-section-boxed elementor-section-height-default elementor-section-height-default\" data-id=\"6ccdc95\" data-element_type=\"section\" data-settings=\"{&quot;background_background&quot;:&quot;classic&quot;}\">\n\t\t\t\t\t\t\t<div class=\"elementor-background-overlay\"><\/div>\n\t\t\t\t\t\t\t<div class=\"elementor-container elementor-column-gap-no\">\n\t\t\t\t\t<div class=\"elementor-column elementor-col-100 elementor-top-column elementor-element elementor-element-4f6adc0\" data-id=\"4f6adc0\" data-element_type=\"column\">\n\t\t\t<div class=\"elementor-widget-wrap elementor-element-populated\">\n\t\t\t\t\t\t<div class=\"elementor-element elementor-element-179c706 elementor-widget elementor-widget-heading\" data-id=\"179c706\" data-element_type=\"widget\" data-widget_type=\"heading.default\">\n\t\t\t\t<div class=\"elementor-widget-container\">\n\t\t\t\t\t<h1 class=\"elementor-heading-title elementor-size-default\">Nosotros<\/h1>\t\t\t\t<\/div>\n\t\t\t\t<\/div>\n\t\t\t\t\t<\/div>\n\t\t<\/div>\n\t\t\t\t\t<\/div>\n\t\t<\/section>\n\t\t\t\t<section class=\"elementor-section elementor-top-section elementor-element elementor-element-4a5d220 elementor-section-boxed elementor-section-height-default elementor-section-height-default\" data-id=\"4a5d220\" data-element_type=\"section\">\n\t\t\t\t\t\t<div class=\"elementor-container elementor-column-gap-no\">\n\t\t\t\t\t<div class=\"elementor-column elementor-col-50 elementor-top-column elementor-element elementor-element-737ec4c\" data-id=\"737ec4c\" data-element_type=\"column\">\n\t\t\t<div class=\"elementor-widget-wrap elementor-element-populated\">\n\t\t\t\t\t\t<div class=\"elementor-element elementor-element-efb0e9a elementor-widget elementor-widget-heading\" data-id=\"efb0e9a\" data-element_type=\"widget\" data-widget_type=\"heading.default\">\n\t\t\t\t<div class=\"elementor-widget-container\">\n\t\t\t\t\t<h2 class=\"elementor-heading-title elementor-size-default\">Somos una iniciativa 100% Mexicana<\/h2>\t\t\t\t<\/div>\n\t\t\t\t<\/div>\n\t\t\t\t\t<\/div>\n\t\t<\/div>\n\t\t\t\t<div class=\"elementor-column elementor-col-50 elementor-top-column elementor-element elementor-element-e6bc9af\" data-id=\"e6bc9af\" data-element_type=\"column\">\n\t\t\t<div class=\"elementor-widget-wrap elementor-element-populated\">\n\t\t\t\t\t\t<div class=\"elementor-element elementor-element-8bf9f70 elementor-widget elementor-widget-text-editor\" data-id=\"8bf9f70\" data-element_type=\"widget\" data-widget_type=\"text-editor.default\">\n\t\t\t\t<div class=\"elementor-widget-container\">\n\t\t\t\t\t\t\t\t\t<p>Comprometidos con disminuir el impacto ecol\u00f3gico y la huella de carbono, fabricamos de forma artesanal productos ecol\u00f3gicos de cuidado personal y cosm\u00e9ticos, utilizando insumos biodegradables de alta calidad, evitando el uso de parabenos, siliconas y envases pl\u00e1sticos de un solo uso.<\/p>\t\t\t\t\t\t\t\t<\/div>\n\t\t\t\t<\/div>\n\t\t\t\t\t<\/div>\n\t\t<\/div>\n\t\t\t\t\t<\/div>\n\t\t<\/section>\n\t\t\t\t<section class=\"elementor-section elementor-top-section elementor-element elementor-element-a400379 elementor-section-content-middle elementor-section-boxed elementor-section-height-default elementor-section-height-default\" data-id=\"a400379\" data-element_type=\"section\" data-settings=\"{&quot;background_background&quot;:&quot;classic&quot;}\">\n\t\t\t\t\t\t<div class=\"elementor-container elementor-column-gap-no\">\n\t\t\t\t\t<div class=\"elementor-column elementor-col-100 elementor-top-column elementor-element elementor-element-c9222c3\" data-id=\"c9222c3\" data-element_type=\"column\">\n\t\t\t<div class=\"elementor-widget-wrap elementor-element-populated\">\n\t\t\t\t\t\t<div class=\"elementor-element elementor-element-7e489a2 elementor-widget elementor-widget-heading\" data-id=\"7e489a2\" data-element_type=\"widget\" data-widget_type=\"heading.default\">\n\t\t\t\t<div class=\"elementor-widget-container\">\n\t\t\t\t\t<h2 class=\"elementor-heading-title elementor-size-default\">Misi\u00f3n<\/h2>\t\t\t\t<\/div>\n\t\t\t\t<\/div>\n\t\t\t\t<div class=\"elementor-element elementor-element-b2657e0 elementor-widget elementor-widget-text-editor\" data-id=\"b2657e0\" data-element_type=\"widget\" data-widget_type=\"text-editor.default\">\n\t\t\t\t<div class=\"elementor-widget-container\">\n\t\t\t\t\t\t\t\t\t<p>Ofrecer a la sociedad productos ecol\u00f3gicos de calidad a precio justo, \u00fatiles en el cuidado personal y uso cosm\u00e9tico, los cuales son elaborados con ingredientes amigables con el ser humano y el medio ambiente, evitando continuamente el uso de empaques de pl\u00e1stico.<\/p>\t\t\t\t\t\t\t\t<\/div>\n\t\t\t\t<\/div>\n\t\t\t\t\t<\/div>\n\t\t<\/div>\n\t\t\t\t\t<\/div>\n\t\t<\/section>\n\t\t\t\t<section class=\"elementor-section elementor-top-section elementor-element elementor-element-6ec1e06 elementor-section-boxed elementor-section-height-default elementor-section-height-default\" data-id=\"6ec1e06\" data-element_type=\"section\">\n\t\t\t\t\t\t<div class=\"elementor-container elementor-column-gap-default\">\n\t\t\t\t\t<div class=\"elementor-column elementor-col-100 elementor-top-column elementor-element elementor-element-e23d401\" data-id=\"e23d401\" data-element_type=\"column\">\n\t\t\t<div class=\"elementor-widget-wrap elementor-element-populated\">\n\t\t\t\t\t\t<div class=\"elementor-element elementor-element-b325487 elementor-widget elementor-widget-heading\" data-id=\"b325487\" data-element_type=\"widget\" data-widget_type=\"heading.default\">\n\t\t\t\t<div class=\"elementor-widget-container\">\n\t\t\t\t\t<h2 class=\"elementor-heading-title elementor-size-default\">Visi\u00f3n<\/h2>\t\t\t\t<\/div>\n\t\t\t\t<\/div>\n\t\t\t\t<div class=\"elementor-element elementor-element-217c6ee elementor-widget elementor-widget-text-editor\" data-id=\"217c6ee\" data-element_type=\"widget\" data-widget_type=\"text-editor.default\">\n\t\t\t\t<div class=\"elementor-widget-container\">\n\t\t\t\t\t\t\t\t\t<p>Fomentar en el ser humano el uso de productos ecol\u00f3gicos de uso cotidiano, que respeten el medio ambiente, evitando el uso de envases de pl\u00e1stico de un solo uso.<\/p><p>Impulsar al cambio y crear conciencia para el consumo de productos que te sanen y que sanen al planeta Tierra. Creemos que se puede lograr que las playas de nuestro planeta est\u00e9n limpias, libres de botellas de pl\u00e1stico, entre otros desperdicios innecesarios, los cuales se generan por la industria cosm\u00e9tica.<\/p>\t\t\t\t\t\t\t\t<\/div>\n\t\t\t\t<\/div>\n\t\t\t\t\t<\/div>\n\t\t<\/div>\n\t\t\t\t\t<\/div>\n\t\t<\/section>\n\t\t\t\t<\/div>\n\t\t","protected":false},"excerpt":{"rendered":"<p>Nosotros Somos una iniciativa 100% Mexicana Comprometidos con disminuir el impacto ecol\u00f3gico y la huella de carbono, fabricamos de forma artesanal productos ecol\u00f3gicos de cuidado personal y cosm\u00e9ticos, utilizando insumos biodegradables de alta calidad, evitando el uso de parabenos, siliconas y envases pl\u00e1sticos de un solo uso. Misi\u00f3n Ofrecer a la sociedad productos ecol\u00f3gicos de [&hellip;]<\/p>\n","protected":false},"author":1,"featured_media":0,"parent":0,"menu_order":0,"comment_status":"closed","ping_status":"closed","template":"","meta":{"site-sidebar-layout":"no-sidebar","site-content-layout":"page-builder","ast-site-content-layout":"default","site-content-style":"default","site-sidebar-style":"default","ast-global-header-display":"","ast-banner-title-visibility":"","ast-main-header-display":"","ast-hfb-above-header-display":"","ast-hfb-below-header-display":"","ast-hfb-mobile-header-display":"","site-post-title":"disabled","ast-breadcrumbs-content":"","ast-featured-img":"disabled","footer-sml-layout":"","theme-transparent-header-meta":"enabled","adv-header-id-meta":"","stick-header-meta":"","header-above-stick-meta":"","header-main-stick-meta":"","header-below-stick-meta":"","astra-migrate-meta-layouts":"default","ast-page-background-enabled":"default","ast-page-background-meta":{"desktop":{"background-color":"","background-image":"","background-repeat":"repeat","background-position":"center center","background-size":"auto","background-attachment":"scroll","background-type":"","background-media":"","overlay-type":"","overlay-color":"","overlay-opacity":"","overlay-gradient":""},"tablet":{"background-color":"","background-image":"","background-repeat":"repeat","background-position":"center center","background-size":"auto","background-attachment":"scroll","background-type":"","background-media":"","overlay-type":"","overlay-color":"","overlay-opacity":"","overlay-gradient":""},"mobile":{"background-color":"","background-image":"","background-repeat":"repeat","background-position":"center center","background-size":"auto","background-attachment":"scroll","background-type":"","background-media":"","overlay-type":"","overlay-color":"","overlay-opacity":"","overlay-gradient":""}},"ast-content-background-meta":{"desktop":{"background-color":"var(--ast-global-color-5)","background-image":"","background-repeat":"repeat","background-position":"center center","background-size":"auto","background-attachment":"scroll","background-type":"","background-media":"","overlay-type":"","overlay-color":"","overlay-opacity":"","overlay-gradient":""},"tablet":{"background-color":"var(--ast-global-color-5)","background-image":"","background-repeat":"repeat","background-position":"center center","background-size":"auto","background-attachment":"scroll","background-type":"","background-media":"","overlay-type":"","overlay-color":"","overlay-opacity":"","overlay-gradient":""},"mobile":{"background-color":"var(--ast-global-color-5)","background-image":"","background-repeat":"repeat","background-position":"center center","background-size":"auto","background-attachment":"scroll","background-type":"","background-media":"","overlay-type":"","overlay-color":"","overlay-opacity":"","overlay-gradient":""}},"jetpack_post_was_ever_published":false,"footnotes":""},"class_list":["post-1079","page","type-page","status-publish","hentry"],"yoast_head":"<!-- This site is optimized with the Yoast SEO plugin v25.5 - https:\/\/yoast.com\/wordpress\/plugins\/seo\/ -->\n<title>About Us &#187; Ammartesano<\/title>\n<meta name=\"robots\" content=\"index, follow, max-snippet:-1, max-image-preview:large, max-video-preview:-1\" \/>\n<link rel=\"canonical\" href=\"https:\/\/ammar-te.online\/index.php\/about-us\/\" \/>\n<meta property=\"og:locale\" content=\"es_MX\" \/>\n<meta property=\"og:type\" content=\"article\" \/>\n<meta property=\"og:title\" content=\"About Us &#187; Ammartesano\" \/>\n<meta property=\"og:description\" content=\"Nosotros Somos una iniciativa 100% Mexicana Comprometidos con disminuir el impacto ecol\u00f3gico y la huella de carbono, fabricamos de forma artesanal productos ecol\u00f3gicos de cuidado personal y cosm\u00e9ticos, utilizando insumos biodegradables de alta calidad, evitando el uso de parabenos, siliconas y envases pl\u00e1sticos de un solo uso. Misi\u00f3n Ofrecer a la sociedad productos ecol\u00f3gicos de [&hellip;]\" \/>\n<meta property=\"og:url\" content=\"https:\/\/ammar-te.online\/index.php\/about-us\/\" \/>\n<meta property=\"og:site_name\" content=\"Ammartesano\" \/>\n<meta property=\"article:publisher\" content=\"https:\/\/www.facebook.com\/AmmartesanoCosmeticaNatural\" \/>\n<meta property=\"article:modified_time\" content=\"2024-05-30T22:53:56+00:00\" \/>\n<meta name=\"twitter:card\" content=\"summary_large_image\" \/>\n<meta name=\"twitter:label1\" content=\"Tiempo de lectura\" \/>\n\t<meta name=\"twitter:data1\" content=\"1 minuto\" \/>\n<script type=\"application\/ld+json\" class=\"yoast-schema-graph\">{\"@context\":\"https:\/\/schema.org\",\"@graph\":[{\"@type\":\"WebPage\",\"@id\":\"https:\/\/ammar-te.online\/index.php\/about-us\/\",\"url\":\"https:\/\/ammar-te.online\/index.php\/about-us\/\",\"name\":\"About Us &#187; Ammartesano\",\"isPartOf\":{\"@id\":\"https:\/\/ammar-te.online\/#website\"},\"datePublished\":\"2019-01-23T06:31:31+00:00\",\"dateModified\":\"2024-05-30T22:53:56+00:00\",\"breadcrumb\":{\"@id\":\"https:\/\/ammar-te.online\/index.php\/about-us\/#breadcrumb\"},\"inLanguage\":\"es\",\"potentialAction\":[{\"@type\":\"ReadAction\",\"target\":[\"https:\/\/ammar-te.online\/index.php\/about-us\/\"]}]},{\"@type\":\"BreadcrumbList\",\"@id\":\"https:\/\/ammar-te.online\/index.php\/about-us\/#breadcrumb\",\"itemListElement\":[{\"@type\":\"ListItem\",\"position\":1,\"name\":\"Inicio\",\"item\":\"https:\/\/ammar-te.online\/\"},{\"@type\":\"ListItem\",\"position\":2,\"name\":\"About Us\"}]},{\"@type\":\"WebSite\",\"@id\":\"https:\/\/ammar-te.online\/#website\",\"url\":\"https:\/\/ammar-te.online\/\",\"name\":\"Ammar-te Sano\",\"description\":\"Cosm\u00e9tica Natural &amp; Cient\u00edfica\",\"publisher\":{\"@id\":\"https:\/\/ammar-te.online\/#organization\"},\"potentialAction\":[{\"@type\":\"SearchAction\",\"target\":{\"@type\":\"EntryPoint\",\"urlTemplate\":\"https:\/\/ammar-te.online\/?s={search_term_string}\"},\"query-input\":{\"@type\":\"PropertyValueSpecification\",\"valueRequired\":true,\"valueName\":\"search_term_string\"}}],\"inLanguage\":\"es\"},{\"@type\":\"Organization\",\"@id\":\"https:\/\/ammar-te.online\/#organization\",\"name\":\"Ammar-te Sano\",\"url\":\"https:\/\/ammar-te.online\/\",\"logo\":{\"@type\":\"ImageObject\",\"inLanguage\":\"es\",\"@id\":\"https:\/\/ammar-te.online\/#\/schema\/logo\/image\/\",\"url\":\"https:\/\/ammar-te.online\/wp-content\/uploads\/2020\/10\/img-deafult.jpg\",\"contentUrl\":\"https:\/\/ammar-te.online\/wp-content\/uploads\/2020\/10\/img-deafult.jpg\",\"width\":1500,\"height\":1500,\"caption\":\"Ammar-te Sano\"},\"image\":{\"@id\":\"https:\/\/ammar-te.online\/#\/schema\/logo\/image\/\"},\"sameAs\":[\"https:\/\/www.facebook.com\/AmmartesanoCosmeticaNatural\",\"https:\/\/www.instagram.com\/ammartesano\/\"]}]}<\/script>\n<!-- \/ Yoast SEO plugin. -->","yoast_head_json":{"title":"About Us &#187; Ammartesano","robots":{"index":"index","follow":"follow","max-snippet":"max-snippet:-1","max-image-preview":"max-image-preview:large","max-video-preview":"max-video-preview:-1"},"canonical":"https:\/\/ammar-te.online\/index.php\/about-us\/","og_locale":"es_MX","og_type":"article","og_title":"About Us &#187; Ammartesano","og_description":"Nosotros Somos una iniciativa 100% Mexicana Comprometidos con disminuir el impacto ecol\u00f3gico y la huella de carbono, fabricamos de forma artesanal productos ecol\u00f3gicos de cuidado personal y cosm\u00e9ticos, utilizando insumos biodegradables de alta calidad, evitando el uso de parabenos, siliconas y envases pl\u00e1sticos de un solo uso. Misi\u00f3n Ofrecer a la sociedad productos ecol\u00f3gicos de [&hellip;]","og_url":"https:\/\/ammar-te.online\/index.php\/about-us\/","og_site_name":"Ammartesano","article_publisher":"https:\/\/www.facebook.com\/AmmartesanoCosmeticaNatural","article_modified_time":"2024-05-30T22:53:56+00:00","twitter_card":"summary_large_image","twitter_misc":{"Tiempo de lectura":"1 minuto"},"schema":{"@context":"https:\/\/schema.org","@graph":[{"@type":"WebPage","@id":"https:\/\/ammar-te.online\/index.php\/about-us\/","url":"https:\/\/ammar-te.online\/index.php\/about-us\/","name":"About Us &#187; Ammartesano","isPartOf":{"@id":"https:\/\/ammar-te.online\/#website"},"datePublished":"2019-01-23T06:31:31+00:00","dateModified":"2024-05-30T22:53:56+00:00","breadcrumb":{"@id":"https:\/\/ammar-te.online\/index.php\/about-us\/#breadcrumb"},"inLanguage":"es","potentialAction":[{"@type":"ReadAction","target":["https:\/\/ammar-te.online\/index.php\/about-us\/"]}]},{"@type":"BreadcrumbList","@id":"https:\/\/ammar-te.online\/index.php\/about-us\/#breadcrumb","itemListElement":[{"@type":"ListItem","position":1,"name":"Inicio","item":"https:\/\/ammar-te.online\/"},{"@type":"ListItem","position":2,"name":"About Us"}]},{"@type":"WebSite","@id":"https:\/\/ammar-te.online\/#website","url":"https:\/\/ammar-te.online\/","name":"Ammar-te Sano","description":"Cosm\u00e9tica Natural &amp; Cient\u00edfica","publisher":{"@id":"https:\/\/ammar-te.online\/#organization"},"potentialAction":[{"@type":"SearchAction","target":{"@type":"EntryPoint","urlTemplate":"https:\/\/ammar-te.online\/?s={search_term_string}"},"query-input":{"@type":"PropertyValueSpecification","valueRequired":true,"valueName":"search_term_string"}}],"inLanguage":"es"},{"@type":"Organization","@id":"https:\/\/ammar-te.online\/#organization","name":"Ammar-te Sano","url":"https:\/\/ammar-te.online\/","logo":{"@type":"ImageObject","inLanguage":"es","@id":"https:\/\/ammar-te.online\/#\/schema\/logo\/image\/","url":"https:\/\/ammar-te.online\/wp-content\/uploads\/2020\/10\/img-deafult.jpg","contentUrl":"https:\/\/ammar-te.online\/wp-content\/uploads\/2020\/10\/img-deafult.jpg","width":1500,"height":1500,"caption":"Ammar-te Sano"},"image":{"@id":"https:\/\/ammar-te.online\/#\/schema\/logo\/image\/"},"sameAs":["https:\/\/www.facebook.com\/AmmartesanoCosmeticaNatural","https:\/\/www.instagram.com\/ammartesano\/"]}]}},"jetpack-related-posts":[],"jetpack_sharing_enabled":true,"_links":{"self":[{"href":"https:\/\/ammar-te.online\/index.php\/wp-json\/wp\/v2\/pages\/1079","targetHints":{"allow":["GET"]}}],"collection":[{"href":"https:\/\/ammar-te.online\/index.php\/wp-json\/wp\/v2\/pages"}],"about":[{"href":"https:\/\/ammar-te.online\/index.php\/wp-json\/wp\/v2\/types\/page"}],"author":[{"embeddable":true,"href":"https:\/\/ammar-te.online\/index.php\/wp-json\/wp\/v2\/users\/1"}],"replies":[{"embeddable":true,"href":"https:\/\/ammar-te.online\/index.php\/wp-json\/wp\/v2\/comments?post=1079"}],"version-history":[{"count":29,"href":"https:\/\/ammar-te.online\/index.php\/wp-json\/wp\/v2\/pages\/1079\/revisions"}],"predecessor-version":[{"id":6362,"href":"https:\/\/ammar-te.online\/index.php\/wp-json\/wp\/v2\/pages\/1079\/revisions\/6362"}],"wp:attachment":[{"href":"https:\/\/ammar-te.online\/index.php\/wp-json\/wp\/v2\/media?parent=1079"}],"curies":[{"name":"wp","href":"https:\/\/api.w.org\/{rel}","templated":true}]}}